{"id":1428,"date":"2024-08-05T17:18:30","date_gmt":"2024-08-05T15:18:30","guid":{"rendered":"https:\/\/www.camping-frechealane.com\/bungalowzelte\/"},"modified":"2024-09-16T11:55:46","modified_gmt":"2024-09-16T09:55:46","slug":"bungalowzelte","status":"publish","type":"page","link":"https:\/\/www.camping-frechealane.com\/de\/bungalowzelte\/","title":{"rendered":"Bungalowzelte"},"content":{"rendered":"<div class=\"diaporama-header align-full\"><div class=\"fc-galerie fc-auto\"><figure class=\"fc-galerie__item skip-lazy no-lazy fc-auto\" ><picture><source srcset=\"https:\/\/www.camping-frechealane.com\/wp-content\/uploads\/2024\/08\/emplacement-bungalow-toile-transformed-1-420x236.webp\" media=\"(max-width: 210px)\"><source srcset=\"https:\/\/www.camping-frechealane.com\/wp-content\/uploads\/2024\/08\/emplacement-bungalow-toile-transformed-1-415x830.webp\" media=\"(max-width: 421px)\"><source srcset=\"https:\/\/www.camping-frechealane.com\/wp-content\/uploads\/2024\/08\/emplacement-bungalow-toile-transformed-1-1024x576.webp\" media=\"(max-width: 1024px)\"><source srcset=\"https:\/\/www.camping-frechealane.com\/wp-content\/uploads\/2024\/08\/emplacement-bungalow-toile-transformed-1.webp\" media=\"(min-width: 1025px)\"><img loading=\"lazy\" decoding=\"async\" width=\"420\" height=\"210\" src=\"https:\/\/www.camping-frechealane.com\/wp-content\/uploads\/2024\/08\/emplacement-bungalow-toile-transformed-1-210x210.webp\" alt=\"Campingplatz Le Fr\u00eache \u00e0 l&#039;\u00c2ne \" title=\"\"><\/picture><\/figure><\/div><div class=\"diaporama-header__inner\"><p  style=\"text-align: center;\"  >Der Campingplatz empf\u00e4ngt Sie vom 1. April bis zum 31. Oktober 2024.<\/p><div class=\"fc-boutons display-flex \" style=\"justify-content:center;\"><span class=\"boutons__btn btn_resa is-style-resa\"><span class=\"fc-icon\"><svg xmlns=\"http:\/\/www.w3.org\/2000\/svg\"  viewBox=\"0 0 448 512\" width=\"16px\" height=\"16px\"><!--! Font Awesome Pro 6.4.2 by @fontawesome - https:\/\/fontawesome.com License - https:\/\/fontawesome.com\/license (Commercial License) Copyright 2023 Fonticons, Inc.--><path d=\"M128 0c17.7 0 32 14.3 32 32V64H288V32c0-17.7 14.3-32 32-32s32 14.3 32 32V64h48c26.5 0 48 21.5 48 48v48H0V112C0 85.5 21.5 64 48 64H96V32c0-17.7 14.3-32 32-32zM0 192H448V464c0 26.5-21.5 48-48 48H48c-26.5 0-48-21.5-48-48V192zM329 305c9.4-9.4 9.4-24.6 0-33.9s-24.6-9.4-33.9 0l-95 95-47-47c-9.4-9.4-24.6-9.4-33.9 0s-9.4 24.6 0 33.9l64 64c9.4 9.4 24.6 9.4 33.9 0L329 305z\"\/><\/svg><\/span>  Suchen Sie nach Ihrem Aufenthalt!<\/span><\/div><\/div><\/div><div class=\"columns sec-10 sec-10-b reverse-mob fade-up\" style=\"align-items:center;\"><div class=\"columns__item fade-left\" style=\"align-self:center;flex-basis:60%;\"><figure class=\"\"><picture><source srcset=\"https:\/\/www.camping-frechealane.com\/wp-content\/uploads\/2024\/08\/coin-repas-bungalow-toile.jpg-420x315.webp\" media=\"(max-width: 210px)\"><source srcset=\"https:\/\/www.camping-frechealane.com\/wp-content\/uploads\/2024\/08\/coin-repas-bungalow-toile.jpg-768x576.webp\" media=\"(max-width: 421px)\"><source srcset=\"https:\/\/www.camping-frechealane.com\/wp-content\/uploads\/2024\/08\/coin-repas-bungalow-toile.jpg.webp\" media=\"(max-width: 1024px)\"><source srcset=\"https:\/\/www.camping-frechealane.com\/wp-content\/uploads\/2024\/08\/coin-repas-bungalow-toile.jpg.webp\" media=\"(min-width: 1025px)\"><img decoding=\"async\" width=\"420\" height=\"210\" src=\"https:\/\/www.camping-frechealane.com\/wp-content\/uploads\/2024\/08\/coin-repas-bungalow-toile.jpg-210x210.webp\" alt=\"Campingplatz Le Fr\u00eache \u00e0 l&#039;\u00c2ne \" loading=\"lazy\" title=\"\"><\/picture><\/figure><\/div><div class=\"columns__item texte\" style=\"align-self:center;flex-basis:36%;\"><h1>Unsere Zeltbungalows in C\u00f4tes-d&#8217;Armor<\/h1><p  style=\"\"  >Sie m\u00f6chten mit Ihren Kindern oder Freunden <strong>einen naturnahen Urlaub verbringen<\/strong>.\nSie m\u00f6chten <strong>den<\/strong> &#8220; <strong>Campinggeist<\/strong> &#8220; bewahren, ohne auf Komfort zu verzichten: Der Zeltbungalow wird Ihnen gefallen!\nMit diesem <strong>atypischen Konzept<\/strong> erleben Sie eine naturnahe Erfahrung, <strong>die Komfort und Campingvergn\u00fcgen verbindet<\/strong>.  <\/p><p  style=\"\"  >Entdecken Sie einen <strong>Zeltbungalow in C\u00f4tes-d&#8217;Armor<\/strong>, ein kleines Haus aus Leinen mit Wohnzimmer, Schlafzimmer, Holzterrasse usw. Die Kinder lieben sie.\nErleben Sie das Leben eines <strong>Familiencampingplatzes in der Bretagne<\/strong>, ohne sich Sorgen machen zu m\u00fcssen, dass Sie Ihr eigenes Zelt und Werkzeug mitbringen m\u00fcssen.\nDie K\u00fcche ist voll ausgestattet mit allem, was Sie zum Kochen ben\u00f6tigen.\nGenie\u00dfen Sie Ihren Kaffee am Morgen mit Vogelgezwitscher auf <strong>der \u00fcberdachten Terrasse des Bungalows<\/strong>.   <\/p><div class=\"fc-boutons\"><span class=\"boutons__btn btn_resa_loc is-style-resa\"><span class=\"fc-icon\"><svg xmlns=\"http:\/\/www.w3.org\/2000\/svg\"  viewBox=\"0 0 512 512\" width=\"16px\" height=\"16px\"><!--! Font Awesome Pro 6.4.2 by @fontawesome - https:\/\/fontawesome.com License - https:\/\/fontawesome.com\/license (Commercial License) Copyright 2023 Fonticons, Inc.--><path d=\"M416 208c0 45.9-14.9 88.3-40 122.7L502.6 457.4c12.5 12.5 12.5 32.8 0 45.3s-32.8 12.5-45.3 0L330.7 376c-34.4 25.2-76.8 40-122.7 40C93.1 416 0 322.9 0 208S93.1 0 208 0S416 93.1 416 208zM208 352a144 144 0 1 0 0-288 144 144 0 1 0 0 288z\"\/><\/svg><\/span>  Buchen Sie Ihren Bungalow<\/span><\/div><\/div><\/div><div class=\"group fade-left\"><h2>Les C\u00f4tes-d&#8217;Armor<br\/>Zeltbungalow auf dem Campingplatz in Pl\u00e9boulle<\/h2><p  style=\"\"  >Die Zeltbungalows bieten Ihnen die M\u00f6glichkeit, einen <strong>naturnahen Urlaub zu<\/strong> verbringen.\nDer g\u00fcnstige Preis erm\u00f6glicht es Ihnen, Ihre Familie und Freunde einzuladen, um mit Ihnen den Urlaub zu verbringen.\nAuf dem Campingplatz Fr\u00eache \u00e0 l&#8217;\u00e2ne haben Sie die Wahl zwischen zwei Arten von Bungalows (Bungalow f\u00fcr 4 Personen und Bungalow f\u00fcr 5 Personen).  <\/p><p  style=\"\"  >Fr\u00fchst\u00fccken Sie mit Blick auf eine friedliche und gr\u00fcne Umgebung, spielen Sie Karten mit den Kindern usw. Die Terrasse ist ein nicht zu untersch\u00e4tzender Vorteil.\nDieser Wohnraum bietet die M\u00f6glichkeit, den Tag und den Abend im Freien zu verbringen.\nEin wichtiges Detail an einem sonnigen Tag.\nUm den Geist des Campings in den C\u00f4tes-d&#8217;Armor in der Bretagne zu erleben, mieten Sie einen <strong>Zeltbungalow<\/strong> auf dem Campingplatz Fr\u00eache \u00e0 l&#8217;\u00e2ne.   <\/p><\/div><div class=\"columns sec-10 sec-10-a reverse-mob fade-up has-fond-background-color has-background align-full\" style=\"align-items:center;background-color:var(--fond);\"><div class=\"columns__item texte\" style=\"align-self:center;\"><p class=\"h2\" style=\"\"  >Bungalow <span class=\"fc-span\">f\u00fcr 5 Personen<\/span><\/p><p  style=\"\"  ><strong>Preis:<\/strong> ab 245 \u20ac pro Woche<\/p><p  style=\"\"  ><strong>Kapazit\u00e4t: <\/strong>5 Personen<\/p><h2 class=\"h4\">Eigenschaften des 5-Personen Toil\u00e9 Bungalows in C\u00f4tes-d&#8217;Armor<\/h2><p  style=\"\" id=\"132\" >Entdecken Sie unseren<strong> Zeltbungalow f\u00fcr 5 Personen<\/strong> auf dem charmanten <a href=\"https:\/\/www.camping-frechealane.com\/de\/\" data-type=\"page\" data-id=\"132\">Campingplatz in Pl\u00e9boulle in der Region C\u00f4tes d&#8217;Armor<\/a>.\nMit einer Fl\u00e4che von 20m\u00b2 bietet diese Unterkunft allen Komfort, <strong>den<\/strong> Sie f\u00fcr <strong>einen angenehmen Aufenthalt in Pl\u00e9boulle<\/strong> ben\u00f6tigen, erg\u00e4nzt durch eine \u00fcberdachte Terrasse von 10m\u00b2, die perfekt f\u00fcr entspannende Momente im Freien ist.\nEs gibt zwei Schlafzimmer: eines mit einem Doppelbett von 140\u00d7190 cm und eines mit einem Einzelbett von 80\u00d7190 cm und einem Etagenbett von 80\u00d7190 cm, mit Bettdecken und Kopfkissen.  <\/p><div class=\"fc-lireplus fc-desk\"style=\"\"><p  style=\"\"  >Lesen Sie mehr  <span class=\"fc-icon\"><svg xmlns=\"http:\/\/www.w3.org\/2000\/svg\"  viewBox=\"0 0 320 512\" width=\"16px\" height=\"16px\"><!--! Font Awesome Pro 6.4.2 by @fontawesome - https:\/\/fontawesome.com License - https:\/\/fontawesome.com\/license (Commercial License) Copyright 2023 Fonticons, Inc.--><path d=\"M301.7 250.3c3.1 3.1 3.1 8.2 0 11.3l-216 216c-3.1 3.1-8.2 3.1-11.3 0s-3.1-8.2 0-11.3L284.7 256 74.3 45.7c-3.1-3.1-3.1-8.2 0-11.3s8.2-3.1 11.3 0l216 216z\"\/><\/svg><\/span><\/p><div class=\"group\"><p  style=\"\"  >Die <strong>K\u00fcchenzeile ist komplett<\/strong> mit einer Gaskochplatte, Mikrowelle, Kaffeemaschine, K\u00fchlschrank und allem notwendigen Geschirr <strong>ausgestattet<\/strong>.\nJeder Raum und die Terrasse sind mit einer Beleuchtung ausgestattet.\nF\u00fcr Ihren <strong>Komfort und Ihre Sicherheit<\/strong> sind eine K\u00fcche und Sanit\u00e4ranlagen integriert, sowie ein sicherer Parkplatz.\nBitte beachten Sie, dass Haustiere in dieser Unterkunftskategorie nicht erlaubt sind.\nGenie\u00dfen <strong>Sie<\/strong> einen <strong>unvergesslichen Aufenthalt in unserem Zeltbungalow.<\/strong>    <\/p><\/div><\/div><div class=\"fc-boutons display-flex \" style=\"justify-content:center;\"><span class=\"boutons__btn btn_resa_id_74818 is-style-resa\"><span class=\"fc-icon\"><svg xmlns=\"http:\/\/www.w3.org\/2000\/svg\"  viewBox=\"0 0 576 512\" width=\"16px\" height=\"16px\"><!--! Font Awesome Pro 6.4.2 by @fontawesome - https:\/\/fontawesome.com License - https:\/\/fontawesome.com\/license (Commercial License) Copyright 2023 Fonticons, Inc.--><path d=\"M269.4 6C280.5-2 295.5-2 306.6 6l224 160c7.4 5.3 12.2 13.5 13.2 22.5l32 288c1 9-1.9 18.1-8 24.9s-14.7 10.7-23.8 10.7H416L288 288V512H32c-9.1 0-17.8-3.9-23.8-10.7s-9-15.8-8-24.9l32-288c1-9 5.8-17.2 13.2-22.5L269.4 6z\"\/><\/svg><\/span>  Buchen Sie diesen Bungalow<\/span><\/div><\/div><div class=\"columns__item galerie fade-right\" style=\"align-self:center;\"><div class=\"fc-galerie col-2 f-carousel fc-diapo-mob\" data-fancybox=\"gallery-mob\"><figure class=\"fc-galerie__item\" ><picture><source srcset=\"https:\/\/www.camping-frechealane.com\/wp-content\/uploads\/2024\/09\/IMG_0749-420x280.webp\" media=\"(max-width: 210px)\"><source srcset=\"https:\/\/www.camping-frechealane.com\/wp-content\/uploads\/2024\/09\/IMG_0749-768x512.webp\" media=\"(max-width: 421px)\"><source srcset=\"https:\/\/www.camping-frechealane.com\/wp-content\/uploads\/2024\/09\/IMG_0749-1024x683.webp\" media=\"(max-width: 1024px)\"><source srcset=\"https:\/\/www.camping-frechealane.com\/wp-content\/uploads\/2024\/09\/IMG_0749.webp\" media=\"(min-width: 1025px)\"><img decoding=\"async\" width=\"420\" height=\"210\" src=\"https:\/\/www.camping-frechealane.com\/wp-content\/uploads\/2024\/09\/IMG_0749-210x210.webp\" alt=\"Campingplatz Le Fr\u00eache \u00e0 l&#039;\u00c2ne \" loading=\"lazy\" title=\"\"><\/picture><\/figure><figure class=\"fc-galerie__item\" ><picture><source srcset=\"https:\/\/www.camping-frechealane.com\/wp-content\/uploads\/2024\/09\/IMG_0756-420x280.webp\" media=\"(max-width: 210px)\"><source srcset=\"https:\/\/www.camping-frechealane.com\/wp-content\/uploads\/2024\/09\/IMG_0756-768x512.webp\" media=\"(max-width: 421px)\"><source srcset=\"https:\/\/www.camping-frechealane.com\/wp-content\/uploads\/2024\/09\/IMG_0756-1024x683.webp\" media=\"(max-width: 1024px)\"><source srcset=\"https:\/\/www.camping-frechealane.com\/wp-content\/uploads\/2024\/09\/IMG_0756.webp\" media=\"(min-width: 1025px)\"><img decoding=\"async\" width=\"420\" height=\"210\" src=\"https:\/\/www.camping-frechealane.com\/wp-content\/uploads\/2024\/09\/IMG_0756-210x210.webp\" alt=\"Campingplatz Le Fr\u00eache \u00e0 l&#039;\u00c2ne \" loading=\"lazy\" title=\"\"><\/picture><\/figure><figure class=\"fc-galerie__item\" ><picture><source srcset=\"https:\/\/www.camping-frechealane.com\/wp-content\/uploads\/2024\/08\/chambre-triple-bungalow-toile.jpg-420x315.webp\" media=\"(max-width: 210px)\"><source srcset=\"https:\/\/www.camping-frechealane.com\/wp-content\/uploads\/2024\/08\/chambre-triple-bungalow-toile.jpg-768x576.webp\" media=\"(max-width: 421px)\"><source srcset=\"https:\/\/www.camping-frechealane.com\/wp-content\/uploads\/2024\/08\/chambre-triple-bungalow-toile.jpg.webp\" media=\"(max-width: 1024px)\"><source srcset=\"https:\/\/www.camping-frechealane.com\/wp-content\/uploads\/2024\/08\/chambre-triple-bungalow-toile.jpg.webp\" media=\"(min-width: 1025px)\"><img decoding=\"async\" width=\"420\" height=\"210\" src=\"https:\/\/www.camping-frechealane.com\/wp-content\/uploads\/2024\/08\/chambre-triple-bungalow-toile.jpg-210x210.webp\" alt=\"Campingplatz Le Fr\u00eache \u00e0 l&#039;\u00c2ne \" loading=\"lazy\" title=\"\"><\/picture><\/figure><\/div><\/div><\/div><div class=\"columns sec-10 sec-10-b fade-right\" style=\"align-items:center;\"><div class=\"columns__item fade-left\" style=\"align-self:center;flex-basis:60%;\"><div class=\"fc-galerie col-2 f-carousel fc-diapo-mob\" data-fancybox=\"gallery-mob\"><figure class=\"fc-galerie__item\" ><picture><source srcset=\"https:\/\/www.camping-frechealane.com\/wp-content\/uploads\/2024\/08\/00000584160.jpg-420x315.webp\" media=\"(max-width: 210px)\"><source srcset=\"https:\/\/www.camping-frechealane.com\/wp-content\/uploads\/2024\/08\/00000584160.jpg-768x576.webp\" media=\"(max-width: 421px)\"><source srcset=\"https:\/\/www.camping-frechealane.com\/wp-content\/uploads\/2024\/08\/00000584160.jpg.webp\" media=\"(max-width: 1024px)\"><source srcset=\"https:\/\/www.camping-frechealane.com\/wp-content\/uploads\/2024\/08\/00000584160.jpg.webp\" media=\"(min-width: 1025px)\"><img decoding=\"async\" width=\"420\" height=\"210\" src=\"https:\/\/www.camping-frechealane.com\/wp-content\/uploads\/2024\/08\/00000584160.jpg-210x210.webp\" alt=\"Campingplatz Le Fr\u00eache \u00e0 l&#039;\u00c2ne \" loading=\"lazy\" title=\"\"><\/picture><\/figure><figure class=\"fc-galerie__item\" ><picture><source srcset=\"https:\/\/www.camping-frechealane.com\/wp-content\/uploads\/2024\/08\/00000584164-420x315.webp\" media=\"(max-width: 210px)\"><source srcset=\"https:\/\/www.camping-frechealane.com\/wp-content\/uploads\/2024\/08\/00000584164-768x576.webp\" media=\"(max-width: 421px)\"><source srcset=\"https:\/\/www.camping-frechealane.com\/wp-content\/uploads\/2024\/08\/00000584164.webp\" media=\"(max-width: 1024px)\"><source srcset=\"https:\/\/www.camping-frechealane.com\/wp-content\/uploads\/2024\/08\/00000584164.webp\" media=\"(min-width: 1025px)\"><img decoding=\"async\" width=\"420\" height=\"210\" src=\"https:\/\/www.camping-frechealane.com\/wp-content\/uploads\/2024\/08\/00000584164-210x210.webp\" alt=\"Campingplatz Le Fr\u00eache \u00e0 l&#039;\u00c2ne \" loading=\"lazy\" title=\"\"><\/picture><\/figure><figure class=\"fc-galerie__item\" ><picture><source srcset=\"https:\/\/www.camping-frechealane.com\/wp-content\/uploads\/2024\/08\/00000584162-420x315.webp\" media=\"(max-width: 210px)\"><source srcset=\"https:\/\/www.camping-frechealane.com\/wp-content\/uploads\/2024\/08\/00000584162-768x576.webp\" media=\"(max-width: 421px)\"><source srcset=\"https:\/\/www.camping-frechealane.com\/wp-content\/uploads\/2024\/08\/00000584162.webp\" media=\"(max-width: 1024px)\"><source srcset=\"https:\/\/www.camping-frechealane.com\/wp-content\/uploads\/2024\/08\/00000584162.webp\" media=\"(min-width: 1025px)\"><img decoding=\"async\" width=\"420\" height=\"210\" src=\"https:\/\/www.camping-frechealane.com\/wp-content\/uploads\/2024\/08\/00000584162-210x210.webp\" alt=\"Campingplatz Le Fr\u00eache \u00e0 l&#039;\u00c2ne \" loading=\"lazy\" title=\"\"><\/picture><\/figure><\/div><\/div><div class=\"columns__item texte\" style=\"align-self:center;flex-basis:36%;\"><p class=\"h2\" style=\"\"  >Bungalow <span class=\"fc-span\">f\u00fcr 4 Personen<\/span><\/p><p  style=\"\"  ><strong>Preis:<\/strong> ab 210 \u20ac pro Woche<\/p><p  style=\"\"  ><strong>Kapazit\u00e4t: <\/strong>4 Personen<\/p><h2 class=\"h4\">Eigenschaften des 4-Bett-Zeltbungalows in C\u00f4tes-d&#8217;Armor<\/h2><p  style=\"\"  >Unser Zeltbungalow ist ideal f\u00fcr eine Familie oder eine kleine Gruppe <strong>von<\/strong> 4 Personen <strong>und<\/strong> bietet auf <strong>30 m\u00b2 Komfort und Ruhe<\/strong>.\nEr liegt in einer au\u00dfergew\u00f6hnlichen nat\u00fcrlichen Umgebung<strong> und<\/strong> ist der perfekte Ort, um nach langen Spazierg\u00e4ngen am Meer<strong> zwischen Cap Fr\u00e9hel und Fort La Latte<\/strong> die Ruhe der Natur zu genie\u00dfen. <\/p><div class=\"fc-lireplus fc-desk\"style=\"\"><p  style=\"\"  >Lesen Sie mehr  <span class=\"fc-icon\"><svg xmlns=\"http:\/\/www.w3.org\/2000\/svg\"  viewBox=\"0 0 320 512\" width=\"16px\" height=\"16px\"><!--! Font Awesome Pro 6.4.2 by @fontawesome - https:\/\/fontawesome.com License - https:\/\/fontawesome.com\/license (Commercial License) Copyright 2023 Fonticons, Inc.--><path d=\"M301.7 250.3c3.1 3.1 3.1 8.2 0 11.3l-216 216c-3.1 3.1-8.2 3.1-11.3 0s-3.1-8.2 0-11.3L284.7 256 74.3 45.7c-3.1-3.1-3.1-8.2 0-11.3s8.2-3.1 11.3 0l216 216z\"\/><\/svg><\/span><\/p><div class=\"group\"><p  style=\"\"  >Dieser Bungalow besteht aus einem 20 m\u00b2 gro\u00dfen Zelt und einer 10 m\u00b2 gro\u00dfen \u00fcberdachten Terrasse, die einen angenehmen Platz im Freien bietet.\nEr verf\u00fcgt \u00fcber zwei Schlafzimmer: ein Zimmer mit einem Doppelbett (140\u00d7190 cm) und ein weiteres Zimmer mit zwei Einzelbetten (80\u00d7190 cm), <strong>Bungalow alle<\/strong> mit Bettdecken und Kopfkissen f\u00fcr Ihren Komfort <strong>ausgestattet<\/strong>. <\/p><p  style=\"\"  >Die <strong>ausgestattete K\u00fcche der Unterkunft<\/strong> umfasst einen Gasherd, eine Mikrowelle, eine Kaffeemaschine, einen K\u00fchlschrank und das gesamte Geschirr, das Sie ben\u00f6tigen, um Ihre Mahlzeiten zuzubereiten.\nF\u00fcr Ihren Komfort sind in allen R\u00e4umen und auf der Terrasse Beleuchtungen installiert. <\/p><p  style=\"\"  >Dieser Zeltbungalow, der in der Kategorie der Zeltunterk\u00fcnfte klassifiziert ist, garantiert einen <strong>angenehmen<\/strong> und sorgenfreien <strong>Aufenthalt in Pl\u00e9boulle<\/strong>, mit einer strengen Regel, die Tiere verbietet, um die Sauberkeit und Ruhe des Ortes zu erhalten.\nGenie\u00dfen Sie ein <strong>komfortables und gem\u00fctliches Ferienhaus<\/strong> f\u00fcr einen <strong>unvergesslichen Urlaub in der C\u00f4tes d&#8217;Armor<\/strong> im Einklang mit der Natur. <\/p><\/div><\/div><div class=\"fc-boutons display-flex \" style=\"justify-content:center;\"><span class=\"boutons__btn btn_resa_id_83549 is-style-resa\"><span class=\"fc-icon\"><svg xmlns=\"http:\/\/www.w3.org\/2000\/svg\"  viewBox=\"0 0 576 512\" width=\"16px\" height=\"16px\"><!--! Font Awesome Pro 6.4.2 by @fontawesome - https:\/\/fontawesome.com License - https:\/\/fontawesome.com\/license (Commercial License) Copyright 2023 Fonticons, Inc.--><path d=\"M269.4 6C280.5-2 295.5-2 306.6 6l224 160c7.4 5.3 12.2 13.5 13.2 22.5l32 288c1 9-1.9 18.1-8 24.9s-14.7 10.7-23.8 10.7H416L288 288V512H32c-9.1 0-17.8-3.9-23.8-10.7s-9-15.8-8-24.9l32-288c1-9 5.8-17.2 13.2-22.5L269.4 6z\"\/><\/svg><\/span>  Buchen Sie diesen Bungalow<\/span><\/div><\/div><\/div>","protected":false},"excerpt":{"rendered":"<p>Der Campingplatz empf\u00e4ngt Sie vom 1. April bis zum 31. Oktober 2024. Unsere Zeltbungalows in C\u00f4tes-d&#8217;Armor Sie m\u00f6chten mit Ihren Kindern oder Freunden einen naturnahen Urlaub verbringen. Sie m\u00f6chten den &#8220; Campinggeist &#8220; bewahren, ohne auf Komfort zu verzichten: Der Zeltbungalow wird Ihnen gefallen! Mit diesem atypischen Konzept erleben Sie eine naturnahe Erfahrung, die Komfort [&hellip;]<\/p>\n","protected":false},"author":1,"featured_media":0,"parent":0,"menu_order":0,"comment_status":"open","ping_status":"open","template":"","meta":{"_acf_changed":false,"footnotes":""},"acf":[],"_links":{"self":[{"href":"https:\/\/www.camping-frechealane.com\/de\/wp-json\/wp\/v2\/pages\/1428"}],"collection":[{"href":"https:\/\/www.camping-frechealane.com\/de\/wp-json\/wp\/v2\/pages"}],"about":[{"href":"https:\/\/www.camping-frechealane.com\/de\/wp-json\/wp\/v2\/types\/page"}],"author":[{"embeddable":true,"href":"https:\/\/www.camping-frechealane.com\/de\/wp-json\/wp\/v2\/users\/1"}],"replies":[{"embeddable":true,"href":"https:\/\/www.camping-frechealane.com\/de\/wp-json\/wp\/v2\/comments?post=1428"}],"version-history":[{"count":2,"href":"https:\/\/www.camping-frechealane.com\/de\/wp-json\/wp\/v2\/pages\/1428\/revisions"}],"predecessor-version":[{"id":1848,"href":"https:\/\/www.camping-frechealane.com\/de\/wp-json\/wp\/v2\/pages\/1428\/revisions\/1848"}],"wp:attachment":[{"href":"https:\/\/www.camping-frechealane.com\/de\/wp-json\/wp\/v2\/media?parent=1428"}],"curies":[{"name":"wp","href":"https:\/\/api.w.org\/{rel}","templated":true}]}}