{"id":1458,"date":"2024-08-05T17:18:30","date_gmt":"2024-08-05T15:18:30","guid":{"rendered":"https:\/\/www.camping-frechealane.com\/nos-tentes-sahara\/"},"modified":"2024-09-16T11:58:56","modified_gmt":"2024-09-16T09:58:56","slug":"nos-tentes-sahara","status":"publish","type":"page","link":"https:\/\/www.camping-frechealane.com\/de\/nos-tentes-sahara\/","title":{"rendered":"Sahara-Zelte"},"content":{"rendered":"<div class=\"diaporama-header align-full\"><div class=\"fc-galerie fc-auto\"><figure class=\"fc-galerie__item skip-lazy no-lazy fc-auto\" ><picture><source srcset=\"https:\/\/www.camping-frechealane.com\/wp-content\/uploads\/2024\/09\/tentes_saharas-420x315.jpg\" media=\"(max-width: 210px)\"><source srcset=\"https:\/\/www.camping-frechealane.com\/wp-content\/uploads\/2024\/09\/tentes_saharas-415x830.jpg\" media=\"(max-width: 421px)\"><source srcset=\"https:\/\/www.camping-frechealane.com\/wp-content\/uploads\/2024\/09\/tentes_saharas-1024x768.jpg\" media=\"(max-width: 1024px)\"><source srcset=\"https:\/\/www.camping-frechealane.com\/wp-content\/uploads\/2024\/09\/tentes_saharas-scaled.jpg\" media=\"(min-width: 1025px)\"><img loading=\"lazy\" decoding=\"async\" width=\"420\" height=\"210\" src=\"https:\/\/www.camping-frechealane.com\/wp-content\/uploads\/2024\/09\/tentes_saharas-210x210.jpg\" alt=\"Campingplatz Le Fr\u00eache \u00e0 l&#039;\u00c2ne \" title=\"\"><\/picture><\/figure><\/div><div class=\"diaporama-header__inner\"><p  style=\"text-align: center;\"  >Der Campingplatz empf\u00e4ngt Sie vom 1. April bis zum 31. Oktober 2024.<\/p><div class=\"fc-boutons display-flex \" style=\"justify-content:center;\"><span class=\"boutons__btn btn_resa is-style-resa\"><span class=\"fc-icon\"><svg xmlns=\"http:\/\/www.w3.org\/2000\/svg\"  viewBox=\"0 0 448 512\" width=\"16px\" height=\"16px\"><!--! Font Awesome Pro 6.4.2 by @fontawesome - https:\/\/fontawesome.com License - https:\/\/fontawesome.com\/license (Commercial License) Copyright 2023 Fonticons, Inc.--><path d=\"M128 0c17.7 0 32 14.3 32 32V64H288V32c0-17.7 14.3-32 32-32s32 14.3 32 32V64h48c26.5 0 48 21.5 48 48v48H0V112C0 85.5 21.5 64 48 64H96V32c0-17.7 14.3-32 32-32zM0 192H448V464c0 26.5-21.5 48-48 48H48c-26.5 0-48-21.5-48-48V192zM329 305c9.4-9.4 9.4-24.6 0-33.9s-24.6-9.4-33.9 0l-95 95-47-47c-9.4-9.4-24.6-9.4-33.9 0s-9.4 24.6 0 33.9l64 64c9.4 9.4 24.6 9.4 33.9 0L329 305z\"\/><\/svg><\/span>  Suchen Sie nach Ihrem Aufenthalt!<\/span><\/div><\/div><\/div><div class=\"columns sec-10 sec-10-b reverse-mob fade-left\" style=\"align-items:center;\"><div class=\"columns__item fade-left\" style=\"align-self:center;flex-basis:60%;\"><div class=\"fc-galerie col-2 f-carousel fc-diapo-mob\" data-fancybox=\"gallery-mob\"><figure class=\"fc-galerie__item\" ><picture><source srcset=\"https:\/\/www.camping-frechealane.com\/wp-content\/uploads\/2024\/08\/tente_sahara_2-3_personnes-tipi-420x315.webp\" media=\"(max-width: 210px)\"><source srcset=\"https:\/\/www.camping-frechealane.com\/wp-content\/uploads\/2024\/08\/tente_sahara_2-3_personnes-tipi-768x576.webp\" media=\"(max-width: 421px)\"><source srcset=\"https:\/\/www.camping-frechealane.com\/wp-content\/uploads\/2024\/08\/tente_sahara_2-3_personnes-tipi.webp\" media=\"(max-width: 1024px)\"><source srcset=\"https:\/\/www.camping-frechealane.com\/wp-content\/uploads\/2024\/08\/tente_sahara_2-3_personnes-tipi.webp\" media=\"(min-width: 1025px)\"><img decoding=\"async\" width=\"420\" height=\"210\" src=\"https:\/\/www.camping-frechealane.com\/wp-content\/uploads\/2024\/08\/tente_sahara_2-3_personnes-tipi-210x210.webp\" alt=\"Campingplatz Le Fr\u00eache \u00e0 l&#039;\u00c2ne \" loading=\"lazy\" title=\"\"><\/picture><\/figure><figure class=\"fc-galerie__item\" ><picture><source srcset=\"https:\/\/www.camping-frechealane.com\/wp-content\/uploads\/2024\/08\/tente_sahara_1-3_personnes_vue_terrasse-tipi-420x315.webp\" media=\"(max-width: 210px)\"><source srcset=\"https:\/\/www.camping-frechealane.com\/wp-content\/uploads\/2024\/08\/tente_sahara_1-3_personnes_vue_terrasse-tipi-768x576.webp\" media=\"(max-width: 421px)\"><source srcset=\"https:\/\/www.camping-frechealane.com\/wp-content\/uploads\/2024\/08\/tente_sahara_1-3_personnes_vue_terrasse-tipi.webp\" media=\"(max-width: 1024px)\"><source srcset=\"https:\/\/www.camping-frechealane.com\/wp-content\/uploads\/2024\/08\/tente_sahara_1-3_personnes_vue_terrasse-tipi.webp\" media=\"(min-width: 1025px)\"><img decoding=\"async\" width=\"420\" height=\"210\" src=\"https:\/\/www.camping-frechealane.com\/wp-content\/uploads\/2024\/08\/tente_sahara_1-3_personnes_vue_terrasse-tipi-210x210.webp\" alt=\"Campingplatz Le Fr\u00eache \u00e0 l&#039;\u00c2ne \" loading=\"lazy\" title=\"\"><\/picture><\/figure><figure class=\"fc-galerie__item\" ><picture><source srcset=\"https:\/\/www.camping-frechealane.com\/wp-content\/uploads\/2024\/08\/tente-sahara-420x280.webp\" media=\"(max-width: 210px)\"><source srcset=\"https:\/\/www.camping-frechealane.com\/wp-content\/uploads\/2024\/08\/tente-sahara-768x512.webp\" media=\"(max-width: 421px)\"><source srcset=\"https:\/\/www.camping-frechealane.com\/wp-content\/uploads\/2024\/08\/tente-sahara.webp\" media=\"(max-width: 1024px)\"><source srcset=\"https:\/\/www.camping-frechealane.com\/wp-content\/uploads\/2024\/08\/tente-sahara.webp\" media=\"(min-width: 1025px)\"><img decoding=\"async\" width=\"420\" height=\"210\" src=\"https:\/\/www.camping-frechealane.com\/wp-content\/uploads\/2024\/08\/tente-sahara-210x210.webp\" alt=\"Campingplatz Le Fr\u00eache \u00e0 l&#039;\u00c2ne \" loading=\"lazy\" title=\"\"><\/picture><\/figure><\/div><\/div><div class=\"columns__item texte\" style=\"align-self:center;flex-basis:36%;\"><h1>Unsere Zelte in C\u00f4tes-d&#8217;Armor Sahara<\/h1><p  style=\"\"  >Eine <strong>ungew\u00f6hnliche Unterkunft in C\u00f4tes-d&#8217;Armor,<\/strong> ideal f\u00fcr Wanderer auf dem Z\u00f6llnerpfad in der Bretagne (GR\u00ae34) oder Radfahrer auf der V\u00e9lo maritime (EuroV\u00e9lo 4).  <\/p><p  style=\"\" id=\"https:\/\/www.camping-frechealane.com\/de\/\" >Stellen Sie Ihr Gep\u00e4ck auf dem <a href=\"https:\/\/www.camping-frechealane.com\/de\/\" data-type=\"link\" data-id=\"https:\/\/www.camping-frechealane.com\/de\/\">Campingplatz in Pl\u00e9boulle am Meer<\/a> ab und genie\u00dfen Sie ein gutes Bett nach einem Wandertag.<\/p><div class=\"fc-boutons\"><span class=\"boutons__btn btn_resa_loc is-style-resa\"><span class=\"fc-icon\"><svg xmlns=\"http:\/\/www.w3.org\/2000\/svg\"  viewBox=\"0 0 512 512\" width=\"16px\" height=\"16px\"><!--! Font Awesome Pro 6.4.2 by @fontawesome - https:\/\/fontawesome.com License - https:\/\/fontawesome.com\/license (Commercial License) Copyright 2023 Fonticons, Inc.--><path d=\"M416 208c0 45.9-14.9 88.3-40 122.7L502.6 457.4c12.5 12.5 12.5 32.8 0 45.3s-32.8 12.5-45.3 0L330.7 376c-34.4 25.2-76.8 40-122.7 40C93.1 416 0 322.9 0 208S93.1 0 208 0S416 93.1 416 208zM208 352a144 144 0 1 0 0-288 144 144 0 1 0 0 288z\"\/><\/svg><\/span>  Reservieren Sie Ihr Zelt<\/span><\/div><\/div><\/div><div class=\"group fade-right\"><h2>Die C\u00f4tes-d&#8217;Armor <span class=\"fc-span\">in Sahara-Zelten<\/span><\/h2><div class=\"columns\"><div class=\"columns__item\"><p  style=\"\"  >Das <strong>Zelt Sahara<\/strong>, f\u00fcr einen Zwischenstopp auf dem Campingplatz Le Fr\u00eache \u00e0 l&#8217;\u00e2ne: Ideal f\u00fcr Wanderer auf dem GR34 oder f\u00fcr Wanderer auf der V\u00e9lomaritime, es <strong>kann sogar im Juli und August f\u00fcr eine Nacht gemietet werden<\/strong>! Sie ist mit einem <strong>bequemen Doppelbett<\/strong> ausgestattet, in dem Sie sich wohlverdient ausruhen k\u00f6nnen.\nF\u00fcr die dritte Person kann eine zus\u00e4tzliche Matratze aufgestellt werden.\nEine Version mit 3 Einzelbetten ist ebenfalls verf\u00fcgbar.  <\/p><p  style=\"\"  >Um das Angebot zu vervollst\u00e4ndigen, k\u00f6nnen Sie den<strong>K\u00fcchenbereich in der Scheune<\/strong> neben der Rezeption nutzen, Ihr <strong>Fr\u00fchst\u00fcck<\/strong> reservieren oder abends in der <strong>Snackbar<\/strong> oder dem <strong>Foodtruck<\/strong>, der w\u00e4hrend der Saison auf dem Campingplatz vorhanden ist, essen.\nUnd nat\u00fcrlich haben wir auch ein <strong>kleines Lebensmittelgesch\u00e4ft<\/strong> f\u00fcr Sie&#8230; <\/p><p  style=\"\"  >F\u00fcr eine Nacht oder einen l\u00e4ngeren Aufenthalt begr\u00fc\u00dfen wir Sie gerne auf dem Campingplatz Le Fr\u00eache \u00e0 l&#8217;\u00e2ne in Pl\u00e9boulle, einer K\u00fcstengemeinde an der C\u00f4te d&#8216; \u00c9meraude.<a href=\"https:\/\/www.camping-frechealane.com\/tentes_sahara\/tente-sahara-2-3-personnes\/#reserver_hebergements\"><\/a><\/p><\/div><div class=\"columns__item\"><p class=\"h3\" style=\"\"  >Sahara-Zelt 2\/3 Personen<\/p><p  style=\"\"  ><strong>Preis: <\/strong>ab 30 \u20ac pro Nacht<\/p><p  style=\"\"  ><strong>Kapazit\u00e4t: <\/strong>3 Personen<\/p><div class=\"fc-boutons display-flex \" style=\"justify-content:left;\"><span class=\"boutons__btn btn_resa_id_115262 is-style-resa\"><span class=\"fc-icon\"><svg xmlns=\"http:\/\/www.w3.org\/2000\/svg\"  viewBox=\"0 0 576 512\" width=\"16px\" height=\"16px\"><!--! Font Awesome Pro 6.4.2 by @fontawesome - https:\/\/fontawesome.com License - https:\/\/fontawesome.com\/license (Commercial License) Copyright 2023 Fonticons, Inc.--><path d=\"M269.4 6C280.5-2 295.5-2 306.6 6l224 160c7.4 5.3 12.2 13.5 13.2 22.5l32 288c1 9-1.9 18.1-8 24.9s-14.7 10.7-23.8 10.7H416L288 288V512H32c-9.1 0-17.8-3.9-23.8-10.7s-9-15.8-8-24.9l32-288c1-9 5.8-17.2 13.2-22.5L269.4 6z\"\/><\/svg><\/span>  Buchen Sie dieses Zelt<\/span><\/div><\/div><div class=\"columns__item\"><p class=\"h3\" style=\"\"  >Zelt Sahara 1\/3 Personen<\/p><p  style=\"\"  ><strong>Preis: <\/strong>ab 30 \u20ac pro Nacht<\/p><p  style=\"\"  ><strong>Kapazit\u00e4t: <\/strong>3 Personen<\/p><div class=\"fc-boutons display-flex \" style=\"justify-content:left;\"><span class=\"boutons__btn btn_resa_id_123082 is-style-resa\"><span class=\"fc-icon\"><svg xmlns=\"http:\/\/www.w3.org\/2000\/svg\"  viewBox=\"0 0 576 512\" width=\"16px\" height=\"16px\"><!--! Font Awesome Pro 6.4.2 by @fontawesome - https:\/\/fontawesome.com License - https:\/\/fontawesome.com\/license (Commercial License) Copyright 2023 Fonticons, Inc.--><path d=\"M269.4 6C280.5-2 295.5-2 306.6 6l224 160c7.4 5.3 12.2 13.5 13.2 22.5l32 288c1 9-1.9 18.1-8 24.9s-14.7 10.7-23.8 10.7H416L288 288V512H32c-9.1 0-17.8-3.9-23.8-10.7s-9-15.8-8-24.9l32-288c1-9 5.8-17.2 13.2-22.5L269.4 6z\"\/><\/svg><\/span>  Buchen Sie dieses Zelt<\/span><\/div><\/div><\/div><\/div>","protected":false},"excerpt":{"rendered":"<p>Der Campingplatz empf\u00e4ngt Sie vom 1. April bis zum 31. Oktober 2024. Unsere Zelte in C\u00f4tes-d&#8217;Armor Sahara Eine ungew\u00f6hnliche Unterkunft in C\u00f4tes-d&#8217;Armor, ideal f\u00fcr Wanderer auf dem Z\u00f6llnerpfad in der Bretagne (GR\u00ae34) oder Radfahrer auf der V\u00e9lo maritime (EuroV\u00e9lo 4). Stellen Sie Ihr Gep\u00e4ck auf dem Campingplatz in Pl\u00e9boulle am Meer ab und genie\u00dfen Sie [&hellip;]<\/p>\n","protected":false},"author":1,"featured_media":0,"parent":0,"menu_order":0,"comment_status":"open","ping_status":"open","template":"","meta":{"_acf_changed":false,"footnotes":""},"acf":[],"_links":{"self":[{"href":"https:\/\/www.camping-frechealane.com\/de\/wp-json\/wp\/v2\/pages\/1458"}],"collection":[{"href":"https:\/\/www.camping-frechealane.com\/de\/wp-json\/wp\/v2\/pages"}],"about":[{"href":"https:\/\/www.camping-frechealane.com\/de\/wp-json\/wp\/v2\/types\/page"}],"author":[{"embeddable":true,"href":"https:\/\/www.camping-frechealane.com\/de\/wp-json\/wp\/v2\/users\/1"}],"replies":[{"embeddable":true,"href":"https:\/\/www.camping-frechealane.com\/de\/wp-json\/wp\/v2\/comments?post=1458"}],"version-history":[{"count":3,"href":"https:\/\/www.camping-frechealane.com\/de\/wp-json\/wp\/v2\/pages\/1458\/revisions"}],"predecessor-version":[{"id":1863,"href":"https:\/\/www.camping-frechealane.com\/de\/wp-json\/wp\/v2\/pages\/1458\/revisions\/1863"}],"wp:attachment":[{"href":"https:\/\/www.camping-frechealane.com\/de\/wp-json\/wp\/v2\/media?parent=1458"}],"curies":[{"name":"wp","href":"https:\/\/api.w.org\/{rel}","templated":true}]}}