{"id":1460,"date":"2024-08-05T17:18:30","date_gmt":"2024-08-05T15:18:30","guid":{"rendered":"https:\/\/www.camping-frechealane.com\/mobilheime\/"},"modified":"2024-09-16T11:57:45","modified_gmt":"2024-09-16T09:57:45","slug":"mobilheime","status":"publish","type":"page","link":"https:\/\/www.camping-frechealane.com\/de\/mobilheime\/","title":{"rendered":"Mobilheim"},"content":{"rendered":"<div class=\"diaporama-header align-full\"><div class=\"fc-galerie fc-auto\"><figure class=\"fc-galerie__item skip-lazy no-lazy fc-auto\" ><picture><source srcset=\"https:\/\/www.camping-frechealane.com\/wp-content\/uploads\/2024\/09\/IMG_0697-420x280.webp\" media=\"(max-width: 210px)\"><source srcset=\"https:\/\/www.camping-frechealane.com\/wp-content\/uploads\/2024\/09\/IMG_0697-415x830.webp\" media=\"(max-width: 421px)\"><source srcset=\"https:\/\/www.camping-frechealane.com\/wp-content\/uploads\/2024\/09\/IMG_0697-1024x683.webp\" media=\"(max-width: 1024px)\"><source srcset=\"https:\/\/www.camping-frechealane.com\/wp-content\/uploads\/2024\/09\/IMG_0697.webp\" media=\"(min-width: 1025px)\"><img loading=\"lazy\" decoding=\"async\" width=\"420\" height=\"210\" src=\"https:\/\/www.camping-frechealane.com\/wp-content\/uploads\/2024\/09\/IMG_0697-210x210.webp\" alt=\"Campingplatz Le Fr\u00eache \u00e0 l&#039;\u00c2ne \" title=\"\"><\/picture><\/figure><\/div><div class=\"diaporama-header__inner\"><p  style=\"text-align: center;\"  >Der Campingplatz empf\u00e4ngt Sie vom 1. April bis zum 31. Oktober 2024.<\/p><div class=\"fc-boutons display-flex \" style=\"justify-content:center;\"><span class=\"boutons__btn btn_resa is-style-resa\"><span class=\"fc-icon\"><svg xmlns=\"http:\/\/www.w3.org\/2000\/svg\"  viewBox=\"0 0 448 512\" width=\"16px\" height=\"16px\"><!--! Font Awesome Pro 6.4.2 by @fontawesome - https:\/\/fontawesome.com License - https:\/\/fontawesome.com\/license (Commercial License) Copyright 2023 Fonticons, Inc.--><path d=\"M128 0c17.7 0 32 14.3 32 32V64H288V32c0-17.7 14.3-32 32-32s32 14.3 32 32V64h48c26.5 0 48 21.5 48 48v48H0V112C0 85.5 21.5 64 48 64H96V32c0-17.7 14.3-32 32-32zM0 192H448V464c0 26.5-21.5 48-48 48H48c-26.5 0-48-21.5-48-48V192zM329 305c9.4-9.4 9.4-24.6 0-33.9s-24.6-9.4-33.9 0l-95 95-47-47c-9.4-9.4-24.6-9.4-33.9 0s-9.4 24.6 0 33.9l64 64c9.4 9.4 24.6 9.4 33.9 0L329 305z\"\/><\/svg><\/span>  Suchen Sie nach Ihrem Aufenthalt!<\/span><\/div><\/div><\/div><div class=\"group sec-05 fade-up\"><div class=\"columns\"><div class=\"columns__item fade-left image\" style=\"align-self:center;\"><figure class=\"fc-auto\"><picture><source srcset=\"https:\/\/www.camping-frechealane.com\/wp-content\/uploads\/2024\/08\/mobilhome-santa-fe-420x280.webp\" media=\"(max-width: 210px)\"><source srcset=\"https:\/\/www.camping-frechealane.com\/wp-content\/uploads\/2024\/08\/mobilhome-santa-fe-768x512.webp\" media=\"(max-width: 421px)\"><source srcset=\"https:\/\/www.camping-frechealane.com\/wp-content\/uploads\/2024\/08\/mobilhome-santa-fe.webp\" media=\"(max-width: 1024px)\"><source srcset=\"https:\/\/www.camping-frechealane.com\/wp-content\/uploads\/2024\/08\/mobilhome-santa-fe.webp\" media=\"(min-width: 1025px)\"><img decoding=\"async\" style=\"aspect-ratio:3\/2;object-fit:cover;\" width=\"420\" height=\"210\" src=\"https:\/\/www.camping-frechealane.com\/wp-content\/uploads\/2024\/08\/mobilhome-santa-fe-210x210.webp\" alt=\"Campingplatz Le Fr\u00eache \u00e0 l&#039;\u00c2ne \" loading=\"lazy\" title=\"\"><\/picture><\/figure><\/div><div class=\"columns__item T-05_order\" style=\"align-self:flex-start;\"><h1>Unsere Mobilheimvermietung <span class=\"fc-span\">in C\u00f4tes-d&#8217;Armor<\/span><\/h1><p  style=\"\"  >Willkommen auf dem Campingplatz Le Fr\u00eache \u00e0 l&#8217;\u00c2ne, dem idealen Ort f\u00fcr die Vermietung eines <strong>komfortablen Mobilheims in der Region C\u00f4tes d&#8217;Armor<\/strong>.\nSie suchen ein <strong>Mobilheim<\/strong> f\u00fcr einen Urlaub zu zweit, mit der Familie oder mit Freunden? <\/p><p  style=\"\" id=\"132\" >Sie m\u00f6chten Komfort, Qualit\u00e4t und den richtigen Preis f\u00fcr einen entspannten Urlaub. Unser <a href=\"https:\/\/www.camping-frechealane.com\/de\/\" data-type=\"page\" data-id=\"132\">3-Sterne-Campingplatz in der C\u00f4tes-d&#8217;Armor <\/a> <strong>liegt in Pl\u00e9boulle<\/strong>, nur <strong>1 km vom Meer entfernt<\/strong> <strong>und<\/strong> bietet Ihnen eine Reihe von Mobilheimen f\u00fcr einen <strong>gelungenen Urlaub in der Bretagne.<\/strong><\/p><div class=\"fc-boutons\"><span class=\"boutons__btn btn_resa_loc is-style-resa\"><span class=\"fc-icon\"><svg xmlns=\"http:\/\/www.w3.org\/2000\/svg\"  viewBox=\"0 0 512 512\" width=\"16px\" height=\"16px\"><!--! Font Awesome Pro 6.4.2 by @fontawesome - https:\/\/fontawesome.com License - https:\/\/fontawesome.com\/license (Commercial License) Copyright 2023 Fonticons, Inc.--><path d=\"M416 208c0 45.9-14.9 88.3-40 122.7L502.6 457.4c12.5 12.5 12.5 32.8 0 45.3s-32.8 12.5-45.3 0L330.7 376c-34.4 25.2-76.8 40-122.7 40C93.1 416 0 322.9 0 208S93.1 0 208 0S416 93.1 416 208zM208 352a144 144 0 1 0 0-288 144 144 0 1 0 0 288z\"\/><\/svg><\/span>  Buchen Sie Ihr Mobilheim<\/span><\/div><\/div><div class=\"columns__item\" style=\"align-self:flex-end;\"><figure class=\"fc-auto\"><picture><source srcset=\"https:\/\/www.camping-frechealane.com\/wp-content\/uploads\/2024\/09\/IMG_0685-420x280.webp\" media=\"(max-width: 210px)\"><source srcset=\"https:\/\/www.camping-frechealane.com\/wp-content\/uploads\/2024\/09\/IMG_0685-768x512.webp\" media=\"(max-width: 421px)\"><source srcset=\"https:\/\/www.camping-frechealane.com\/wp-content\/uploads\/2024\/09\/IMG_0685-1024x683.webp\" media=\"(max-width: 1024px)\"><source srcset=\"https:\/\/www.camping-frechealane.com\/wp-content\/uploads\/2024\/09\/IMG_0685.webp\" media=\"(min-width: 1025px)\"><img decoding=\"async\" width=\"420\" height=\"210\" src=\"https:\/\/www.camping-frechealane.com\/wp-content\/uploads\/2024\/09\/IMG_0685-210x210.webp\" alt=\"Campingplatz Le Fr\u00eache \u00e0 l&#039;\u00c2ne \" loading=\"lazy\" title=\"\"><\/picture><\/figure><\/div><\/div><\/div><div class=\"columns sec-10 sec-10-a fade-up has-fond-background-color has-background align-full\" style=\"align-items:center;background-color:var(--fond);\"><div class=\"columns__item texte\" style=\"align-self:center;\"><h2>Mobilheimvermietung <span class=\"fc-span\">in C\u00f4tes-d&#8217;Armor<\/span><\/h2><p  style=\"\" id=\"132\" >Das Mobilheim, das jeder kennt, ist eine sehr geeignete Unterkunft f\u00fcr den Campingurlaub.\nEin Wohnzimmer, eine K\u00fcche und ein Schlafzimmer f\u00fcr Eltern, Kinder und Freunde.\nDer Campingplatz Le Fr\u00eache \u00e0 l&#8217;\u00e2ne, Ihr <a href=\"https:\/\/www.camping-frechealane.com\/de\/\" data-type=\"page\" data-id=\"132\">Familiencampingplatz in C\u00f4tes-d&#8217;Armor am Meer<\/a>, bietet <strong>eine gro\u00dfe Auswahl an Mobilheimen <\/strong>: Ob Sie alleine, als Paar, mit der Familie oder mit Freunden kommen, wir sind sicher, dass wir ein Mobilheim finden, das Ihnen gef\u00e4llt.\nBuchen Sie jetzt Ihr Mobilheim auf dem Campingplatz Fr\u00eache \u00e0 l`\u00e2ne.   <\/p><p  style=\"\"  >In einer der <strong>sch\u00f6nsten Regionen der Bretagne, den C\u00f4tes-d&#8217;Armor,<\/strong> ist Abwechslung garantiert.\nMit einem Mobilheim k\u00f6nnen Sie Ihren Komfort selbst bestimmen und alle Vorteile dieser Unterkunft genie\u00dfen.\nEin <strong>Urlaub auf einem komfortablen<\/strong> und gut ausgestatteten <strong>Campingplatz<\/strong> (K\u00fcche, Bad, WC, Fernseher, etc&#8230;).  <\/p><\/div><div class=\"columns__item galerie fade-right\" style=\"align-self:center;\"><div class=\"fc-galerie fc-auto col-2 f-carousel fc-diapo-mob\" data-fancybox=\"gallery-mob\"><figure class=\"fc-galerie__item\" ><picture><source srcset=\"https:\/\/www.camping-frechealane.com\/wp-content\/uploads\/2024\/08\/mobile-home-ophea-3-420x280.webp\" media=\"(max-width: 210px)\"><source srcset=\"https:\/\/www.camping-frechealane.com\/wp-content\/uploads\/2024\/08\/mobile-home-ophea-3-768x512.webp\" media=\"(max-width: 421px)\"><source srcset=\"https:\/\/www.camping-frechealane.com\/wp-content\/uploads\/2024\/08\/mobile-home-ophea-3.webp\" media=\"(max-width: 1024px)\"><source srcset=\"https:\/\/www.camping-frechealane.com\/wp-content\/uploads\/2024\/08\/mobile-home-ophea-3.webp\" media=\"(min-width: 1025px)\"><img decoding=\"async\" width=\"420\" height=\"210\" src=\"https:\/\/www.camping-frechealane.com\/wp-content\/uploads\/2024\/08\/mobile-home-ophea-3-210x210.webp\" alt=\"Campingplatz Le Fr\u00eache \u00e0 l&#039;\u00c2ne \" loading=\"lazy\" title=\"\"><\/picture><\/figure><figure class=\"fc-galerie__item\" ><picture><source srcset=\"https:\/\/www.camping-frechealane.com\/wp-content\/uploads\/2024\/08\/mobil-home-ophea-420x280.webp\" media=\"(max-width: 210px)\"><source srcset=\"https:\/\/www.camping-frechealane.com\/wp-content\/uploads\/2024\/08\/mobil-home-ophea-768x512.webp\" media=\"(max-width: 421px)\"><source srcset=\"https:\/\/www.camping-frechealane.com\/wp-content\/uploads\/2024\/08\/mobil-home-ophea.webp\" media=\"(max-width: 1024px)\"><source srcset=\"https:\/\/www.camping-frechealane.com\/wp-content\/uploads\/2024\/08\/mobil-home-ophea.webp\" media=\"(min-width: 1025px)\"><img decoding=\"async\" width=\"420\" height=\"210\" src=\"https:\/\/www.camping-frechealane.com\/wp-content\/uploads\/2024\/08\/mobil-home-ophea-210x210.webp\" alt=\"Campingplatz Le Fr\u00eache \u00e0 l&#039;\u00c2ne \" loading=\"lazy\" title=\"\"><\/picture><\/figure><figure class=\"fc-galerie__item\" ><picture><source srcset=\"https:\/\/www.camping-frechealane.com\/wp-content\/uploads\/2024\/08\/mobile-home-ibiza-1-420x280.webp\" media=\"(max-width: 210px)\"><source srcset=\"https:\/\/www.camping-frechealane.com\/wp-content\/uploads\/2024\/08\/mobile-home-ibiza-1-768x512.webp\" media=\"(max-width: 421px)\"><source srcset=\"https:\/\/www.camping-frechealane.com\/wp-content\/uploads\/2024\/08\/mobile-home-ibiza-1.webp\" media=\"(max-width: 1024px)\"><source srcset=\"https:\/\/www.camping-frechealane.com\/wp-content\/uploads\/2024\/08\/mobile-home-ibiza-1.webp\" media=\"(min-width: 1025px)\"><img decoding=\"async\" width=\"420\" height=\"210\" src=\"https:\/\/www.camping-frechealane.com\/wp-content\/uploads\/2024\/08\/mobile-home-ibiza-1-210x210.webp\" alt=\"Campingplatz Le Fr\u00eache \u00e0 l&#039;\u00c2ne \" loading=\"lazy\" title=\"\"><\/picture><\/figure><\/div><\/div><\/div><div class=\"group sec-20 fade-right\"><h2>Entdecken Sie den Komfort unserer Mobilheime in C\u00f4tes-d&#8217;Armor<\/h2><p  style=\"\"  >Unsere Mobilheime sind so konzipiert, dass sie <strong>optimalen Komfort<\/strong> bieten und alle Ihre Erwartungen erf\u00fcllen.\nWir bieten Ihnen eine <strong>gro\u00dfe Auswahl an Mobilheimen<\/strong>, die alle modern und gem\u00fctlich eingerichtet sind, um Ihnen einen <strong>angenehmen Aufenthalt in der C\u00f4tes d&#8217;Armor<\/strong> zu garantieren. <\/p><div class=\"fc-lireplus fc-mob\"style=\"\"><p  style=\"\"  >Lesen Sie mehr  <span class=\"fc-icon\"><svg xmlns=\"http:\/\/www.w3.org\/2000\/svg\"  viewBox=\"0 0 320 512\" width=\"16px\" height=\"16px\"><!--! Font Awesome Pro 6.4.2 by @fontawesome - https:\/\/fontawesome.com License - https:\/\/fontawesome.com\/license (Commercial License) Copyright 2023 Fonticons, Inc.--><path d=\"M301.7 250.3c3.1 3.1 3.1 8.2 0 11.3l-216 216c-3.1 3.1-8.2 3.1-11.3 0s-3.1-8.2 0-11.3L284.7 256 74.3 45.7c-3.1-3.1-3.1-8.2 0-11.3s8.2-3.1 11.3 0l216 216z\"\/><\/svg><\/span><\/p><div class=\"group\"><p  style=\"\"  >Jedes Mobilheim verf\u00fcgt \u00fcber komfortable Zimmer, einige davon mit Doppelbetten (140\u00d7190 cm), die mit Bettdecken und Kopfkissen ausgestattet sind.\nDie Unterbringungskapazit\u00e4t variiert, um sich an Familien, Paare oder Gruppen von Freunden anzupassen.\nDie K\u00fcchen sind komplett ausgestattet mit K\u00fchlschrank, Mikrowelle, Kochplatte und allem, was Sie brauchen, um Ihre Mahlzeiten zuzubereiten.  <\/p><div class=\"fc-lireplus fc-desk\"style=\"\"><p  style=\"\"  >Lesen Sie mehr  <span class=\"fc-icon\"><svg xmlns=\"http:\/\/www.w3.org\/2000\/svg\"  viewBox=\"0 0 320 512\" width=\"16px\" height=\"16px\"><!--! Font Awesome Pro 6.4.2 by @fontawesome - https:\/\/fontawesome.com License - https:\/\/fontawesome.com\/license (Commercial License) Copyright 2023 Fonticons, Inc.--><path d=\"M301.7 250.3c3.1 3.1 3.1 8.2 0 11.3l-216 216c-3.1 3.1-8.2 3.1-11.3 0s-3.1-8.2 0-11.3L284.7 256 74.3 45.7c-3.1-3.1-3.1-8.2 0-11.3s8.2-3.1 11.3 0l216 216z\"\/><\/svg><\/span><\/p><div class=\"group\"><p  style=\"\"  >Die Wohnzimmer bieten einen gem\u00fctlichen Bereich mit Sofa, Fernseher und Essbereich, perfekt um sich nach einem Tag voller Entdeckungen zu entspannen.\nDie Badezimmer sind funktionell mit Dusche und Waschbecken ausgestattet, um Ihnen den t\u00e4glichen Komfort zu bieten.\nAu\u00dferdem verf\u00fcgt jedes Mobilheim \u00fcber eine Terrasse mit Gartenm\u00f6beln, ideal f\u00fcr Mahlzeiten im Freien und Sommerabende.  <\/p><p  style=\"\"  >Unsere <strong>Mobilheimvermietung in Pl\u00e9boulle<\/strong> verbindet modernes Design mit Komfort und garantiert Ihnen einen unvergesslichen Aufenthalt in der C\u00f4tes-d&#8217;Armor.\nSie haben die Wahl zwischen verschiedenen Mietoptionen, um diejenige zu finden, die Ihren Bed\u00fcrfnissen am besten entspricht. <\/p><\/div><\/div><\/div><\/div><\/div><div class=\"columns sec-10 sec-10-b reverse-mob fade-left\" style=\"align-items:center;\"><div class=\"columns__item fade-left\" style=\"align-self:center;flex-basis:60%;\"><div class=\"fc-galerie col-2 f-carousel fc-diapo-mob\" data-fancybox=\"gallery-mob\"><figure class=\"fc-galerie__item\" ><picture><source srcset=\"https:\/\/www.camping-frechealane.com\/wp-content\/uploads\/2024\/08\/d61d44254608dd06ccdd2ff02982d14d-420x315.webp\" media=\"(max-width: 210px)\"><source srcset=\"https:\/\/www.camping-frechealane.com\/wp-content\/uploads\/2024\/08\/d61d44254608dd06ccdd2ff02982d14d-768x576.webp\" media=\"(max-width: 421px)\"><source srcset=\"https:\/\/www.camping-frechealane.com\/wp-content\/uploads\/2024\/08\/d61d44254608dd06ccdd2ff02982d14d.webp\" media=\"(max-width: 1024px)\"><source srcset=\"https:\/\/www.camping-frechealane.com\/wp-content\/uploads\/2024\/08\/d61d44254608dd06ccdd2ff02982d14d.webp\" media=\"(min-width: 1025px)\"><img decoding=\"async\" width=\"420\" height=\"210\" src=\"https:\/\/www.camping-frechealane.com\/wp-content\/uploads\/2024\/08\/d61d44254608dd06ccdd2ff02982d14d-210x210.webp\" alt=\"Campingplatz Le Fr\u00eache \u00e0 l&#039;\u00c2ne \" loading=\"lazy\" title=\"\"><\/picture><\/figure><figure class=\"fc-galerie__item\" ><picture><source srcset=\"https:\/\/www.camping-frechealane.com\/wp-content\/uploads\/2024\/08\/terrasse-2-420x315.webp\" media=\"(max-width: 210px)\"><source srcset=\"https:\/\/www.camping-frechealane.com\/wp-content\/uploads\/2024\/08\/terrasse-2-768x576.webp\" media=\"(max-width: 421px)\"><source srcset=\"https:\/\/www.camping-frechealane.com\/wp-content\/uploads\/2024\/08\/terrasse-2.webp\" media=\"(max-width: 1024px)\"><source srcset=\"https:\/\/www.camping-frechealane.com\/wp-content\/uploads\/2024\/08\/terrasse-2.webp\" media=\"(min-width: 1025px)\"><img decoding=\"async\" width=\"420\" height=\"210\" src=\"https:\/\/www.camping-frechealane.com\/wp-content\/uploads\/2024\/08\/terrasse-2-210x210.webp\" alt=\"Campingplatz Le Fr\u00eache \u00e0 l&#039;\u00c2ne \" loading=\"lazy\" title=\"\"><\/picture><\/figure><figure class=\"fc-galerie__item\" ><picture><source srcset=\"https:\/\/www.camping-frechealane.com\/wp-content\/uploads\/2024\/08\/mobile-home-bikini-01-420x280.webp\" media=\"(max-width: 210px)\"><source srcset=\"https:\/\/www.camping-frechealane.com\/wp-content\/uploads\/2024\/08\/mobile-home-bikini-01-768x512.webp\" media=\"(max-width: 421px)\"><source srcset=\"https:\/\/www.camping-frechealane.com\/wp-content\/uploads\/2024\/08\/mobile-home-bikini-01.webp\" media=\"(max-width: 1024px)\"><source srcset=\"https:\/\/www.camping-frechealane.com\/wp-content\/uploads\/2024\/08\/mobile-home-bikini-01.webp\" media=\"(min-width: 1025px)\"><img decoding=\"async\" width=\"420\" height=\"210\" src=\"https:\/\/www.camping-frechealane.com\/wp-content\/uploads\/2024\/08\/mobile-home-bikini-01-210x210.webp\" alt=\"Campingplatz Le Fr\u00eache \u00e0 l&#039;\u00c2ne \" loading=\"lazy\" title=\"\"><\/picture><\/figure><\/div><\/div><div class=\"columns__item texte\" style=\"align-self:center;flex-basis:36%;\"><h2>Unsere <span class=\"fc-span\">Mobilheim-Modelle<\/span><\/h2><p  style=\"\"  >Sie k\u00f6nnen aus <strong>10 verschiedenen Mobilheimmodellen <\/strong> w\u00e4hlen: Gomera, Ibiza, Elegance, Santa F\u00e9, O&#8217;ph\u00e9a, O&#8217;tiny, Aliz\u00e9, Bikini mit Haustier, Bikini ohne Haustier und Palma.\nUnsere Mobilheimmodelle sind mit oder ohne \u00fcberdachte Terrasse, f\u00fcr Haustiere geeignet oder nicht, mit Fernseher usw. ausgestattet. <\/p><div class=\"fc-lireplus fc-desk\"style=\"\"><p  style=\"\"  >Lesen Sie mehr  <span class=\"fc-icon\"><svg xmlns=\"http:\/\/www.w3.org\/2000\/svg\"  viewBox=\"0 0 320 512\" width=\"16px\" height=\"16px\"><!--! Font Awesome Pro 6.4.2 by @fontawesome - https:\/\/fontawesome.com License - https:\/\/fontawesome.com\/license (Commercial License) Copyright 2023 Fonticons, Inc.--><path d=\"M301.7 250.3c3.1 3.1 3.1 8.2 0 11.3l-216 216c-3.1 3.1-8.2 3.1-11.3 0s-3.1-8.2 0-11.3L284.7 256 74.3 45.7c-3.1-3.1-3.1-8.2 0-11.3s8.2-3.1 11.3 0l216 216z\"\/><\/svg><\/span><\/p><div class=\"group\"><p  style=\"\"  >Eines unserer Modelle ist f\u00fcr Personen mit eingeschr\u00e4nkter Mobilit\u00e4t konzipiert (Mobilheim PALMA), um Ihnen einen <strong>komfortablen Aufenthalt auf unserem Familiencampingplatz<\/strong> in unserer sch\u00f6nen Region zu bieten.<\/p><\/div><\/div><h2 class=\"h3\">Ferienunterkunft mit Haustieren erlaubt in der N\u00e4he von Cap Fr\u00e9hel<\/h2><p  style=\"\"  >F\u00fcr Tierliebhaber haben wir an alles gedacht!\nIn unseren Mobilheimen auf dem <a href=\"https:\/\/www.camping-frechealane.com\/camping-au-cap-frehel\/\">Campingplatz in der N\u00e4he von Fr\u00e9hel<\/a> sind Haustiere willkommen. Die <strong>Lage in der N\u00e4he des Cap Fr\u00e9hel<\/strong> ist ideal und bietet eine perfekte Umgebung f\u00fcr Ihren Urlaub mit Ihren vierbeinigen Freunden. <\/p><div class=\"fc-lireplus fc-desk\"style=\"\"><p  style=\"\"  >Lesen Sie mehr  <span class=\"fc-icon\"><svg xmlns=\"http:\/\/www.w3.org\/2000\/svg\"  viewBox=\"0 0 320 512\" width=\"16px\" height=\"16px\"><!--! Font Awesome Pro 6.4.2 by @fontawesome - https:\/\/fontawesome.com License - https:\/\/fontawesome.com\/license (Commercial License) Copyright 2023 Fonticons, Inc.--><path d=\"M301.7 250.3c3.1 3.1 3.1 8.2 0 11.3l-216 216c-3.1 3.1-8.2 3.1-11.3 0s-3.1-8.2 0-11.3L284.7 256 74.3 45.7c-3.1-3.1-3.1-8.2 0-11.3s8.2-3.1 11.3 0l216 216z\"\/><\/svg><\/span><\/p><div class=\"group\"><p  style=\"\"  >Wir legen besonderen Wert auf die Unterbringung von Haustieren, mit einem herzlichen Empfang und vielen M\u00f6glichkeiten f\u00fcr malerische Spazierg\u00e4nge in der Umgebung.\nOb Wanderungen <strong>entlang der Klippen in der N\u00e4he von Cap Fr\u00e9hel<\/strong> oder gem\u00fctliche Spazierg\u00e4nge auf den umliegenden Wegen, Ihre Haustiere werden die Sch\u00f6nheit der Region genauso genie\u00dfen wie Sie. <\/p><\/div><\/div><\/div><\/div><div class=\"columns sec-10 sec-10-c fade-up\" style=\"align-items:center;\"><div class=\"columns__item texte\" style=\"align-self:center;flex-basis:40.5%;\"><h2 class=\"h2\">Aufenthalt in einem Mobilheim <span class=\"fc-span\">in C\u00f4tes-d&#8217;Armor am Meer<\/span><\/h2><p  style=\"\" id=\"135\" >Der Campingplatz Le Fr\u00eache \u00e0 l&#8217;\u00c2ne bietet Ihnen ein au\u00dfergew\u00f6hnliches Erlebnis mit seinen modernen Einrichtungen, seinen <a href=\"https:\/\/www.camping-frechealane.com\/de\/standorte\/\" data-type=\"page\" data-id=\"135\">ger\u00e4umigen Campingpl\u00e4tzen in Cotes d&#8217;Armor<\/a> und einer Vielzahl von Aktivit\u00e4ten f\u00fcr die ganze Familie.\nUnser Campingplatz liegt nur 1 km vom Meer entfernt und ist der ideale Ort f\u00fcr einen <strong>gelungenen Urlaub am Meer<\/strong>. <\/p><p  style=\"\"  >Unsere privilegierte Lage in der N\u00e4he von <strong>Fort La Latte<\/strong> und anderen lokalen Attraktionen wie <strong>Saint-Malo<\/strong> oder der <strong>mittelalterlichen Stadt Dinan<\/strong> macht unseren Campingplatz zu einem perfekten Ausgangspunkt, um die Gegend zu erkunden.\nEtwas weiter entfernt finden Sie auch das Chateau de Foug\u00e8res.\nOb Sie sich f\u00fcr Geschichte interessieren, die Natur lieben oder einfach nur entspannen m\u00f6chten, in der C\u00f4tes-d&#8217;Armor werden Sie Ihr Gl\u00fcck finden.  <\/p><div class=\"fc-lireplus fc-desk\"style=\"\"><p  style=\"\"  >Lesen Sie mehr  <span class=\"fc-icon\"><svg xmlns=\"http:\/\/www.w3.org\/2000\/svg\"  viewBox=\"0 0 320 512\" width=\"16px\" height=\"16px\"><!--! Font Awesome Pro 6.4.2 by @fontawesome - https:\/\/fontawesome.com License - https:\/\/fontawesome.com\/license (Commercial License) Copyright 2023 Fonticons, Inc.--><path d=\"M301.7 250.3c3.1 3.1 3.1 8.2 0 11.3l-216 216c-3.1 3.1-8.2 3.1-11.3 0s-3.1-8.2 0-11.3L284.7 256 74.3 45.7c-3.1-3.1-3.1-8.2 0-11.3s8.2-3.1 11.3 0l216 216z\"\/><\/svg><\/span><\/p><div class=\"group\"><p  style=\"\"  >Erleben Sie einen <strong>unvergesslichen Urlaub in der Region C\u00f4tes-d&#8217;Armor<\/strong>.\nDer Campingplatz Le Fr\u00eache \u00e0 l&#8217;\u00c2ne l\u00e4dt Sie ein, die Sch\u00f6nheit und den <strong>Charme der Bretagne<\/strong> zu entdecken, indem Sie in einem unserer komfortablen Mobilheime \u00fcbernachten.\nGenie\u00dfen Sie die <strong>N\u00e4he zum Meer<\/strong>, die atemberaubenden Landschaften und die vielen Aktivit\u00e4ten, die unser Campingplatz und seine Umgebung zu bieten haben.\nBuchen Sie jetzt Ihren Aufenthalt und bereiten Sie sich auf Ihren Urlaub in Pl\u00e9boulle vor.   <\/p><\/div><\/div><div class=\"fc-boutons\"><a href=\"https:\/\/www.camping-frechealane.com\/de\/tour-cotes-darmor\/\" rel=\"noreferrer noopener\" rel=\"noreferrer noopener\" rel=\"noreferrer noopener\" rel=\"noreferrer noopener\" class=\"boutons__btn\">Entdecken Sie die Umgebung  <span class=\"fc-icon\"><svg xmlns=\"http:\/\/www.w3.org\/2000\/svg\"  viewBox=\"0 0 448 512\" width=\"16px\" height=\"16px\"><!--! Font Awesome Pro 6.4.2 by @fontawesome - https:\/\/fontawesome.com License - https:\/\/fontawesome.com\/license (Commercial License) Copyright 2023 Fonticons, Inc.--><path d=\"M438.6 278.6c12.5-12.5 12.5-32.8 0-45.3l-160-160c-12.5-12.5-32.8-12.5-45.3 0s-12.5 32.8 0 45.3L338.8 224 32 224c-17.7 0-32 14.3-32 32s14.3 32 32 32l306.7 0L233.4 393.4c-12.5 12.5-12.5 32.8 0 45.3s32.8 12.5 45.3 0l160-160z\"\/><\/svg><\/span><\/a><\/div><\/div><div class=\"columns__item galerie  fade-right\" style=\"align-self:center;\"><div class=\"fc-galerie fc-auto col-2 f-carousel fc-diapo-mob\" data-fancybox=\"gallery-mob\"><figure class=\"fc-galerie__item\" ><picture><source srcset=\"https:\/\/www.camping-frechealane.com\/wp-content\/uploads\/2024\/08\/AdobeStock_190928300-420x182.webp\" media=\"(max-width: 210px)\"><source srcset=\"https:\/\/www.camping-frechealane.com\/wp-content\/uploads\/2024\/08\/AdobeStock_190928300-768x334.webp\" media=\"(max-width: 421px)\"><source srcset=\"https:\/\/www.camping-frechealane.com\/wp-content\/uploads\/2024\/08\/AdobeStock_190928300-1024x445.webp\" media=\"(max-width: 1024px)\"><source srcset=\"https:\/\/www.camping-frechealane.com\/wp-content\/uploads\/2024\/08\/AdobeStock_190928300.webp\" media=\"(min-width: 1025px)\"><img decoding=\"async\" width=\"420\" height=\"210\" src=\"https:\/\/www.camping-frechealane.com\/wp-content\/uploads\/2024\/08\/AdobeStock_190928300-210x210.webp\" alt=\"Campingplatz Le Fr\u00eache \u00e0 l&#039;\u00c2ne \" loading=\"lazy\" title=\"\"><\/picture><\/figure><figure class=\"fc-galerie__item\" ><picture><source srcset=\"https:\/\/www.camping-frechealane.com\/wp-content\/uploads\/2024\/08\/AdobeStock_622306783-420x280.webp\" media=\"(max-width: 210px)\"><source srcset=\"https:\/\/www.camping-frechealane.com\/wp-content\/uploads\/2024\/08\/AdobeStock_622306783-768x512.webp\" media=\"(max-width: 421px)\"><source srcset=\"https:\/\/www.camping-frechealane.com\/wp-content\/uploads\/2024\/08\/AdobeStock_622306783-1024x682.webp\" media=\"(max-width: 1024px)\"><source srcset=\"https:\/\/www.camping-frechealane.com\/wp-content\/uploads\/2024\/08\/AdobeStock_622306783.webp\" media=\"(min-width: 1025px)\"><img decoding=\"async\" width=\"420\" height=\"210\" src=\"https:\/\/www.camping-frechealane.com\/wp-content\/uploads\/2024\/08\/AdobeStock_622306783-210x210.webp\" alt=\"Campingplatz Le Fr\u00eache \u00e0 l&#039;\u00c2ne \" loading=\"lazy\" title=\"\"><\/picture><\/figure><figure class=\"fc-galerie__item\" ><picture><source srcset=\"https:\/\/www.camping-frechealane.com\/wp-content\/uploads\/2024\/08\/AdobeStock_484959826-420x280.webp\" media=\"(max-width: 210px)\"><source srcset=\"https:\/\/www.camping-frechealane.com\/wp-content\/uploads\/2024\/08\/AdobeStock_484959826-768x512.webp\" media=\"(max-width: 421px)\"><source srcset=\"https:\/\/www.camping-frechealane.com\/wp-content\/uploads\/2024\/08\/AdobeStock_484959826-1024x683.webp\" media=\"(max-width: 1024px)\"><source srcset=\"https:\/\/www.camping-frechealane.com\/wp-content\/uploads\/2024\/08\/AdobeStock_484959826.webp\" media=\"(min-width: 1025px)\"><img decoding=\"async\" width=\"420\" height=\"210\" src=\"https:\/\/www.camping-frechealane.com\/wp-content\/uploads\/2024\/08\/AdobeStock_484959826-210x210.webp\" alt=\"Campingplatz Le Fr\u00eache \u00e0 l&#039;\u00c2ne \" loading=\"lazy\" title=\"\"><\/picture><\/figure><\/div><\/div><\/div>","protected":false},"excerpt":{"rendered":"<p>Der Campingplatz empf\u00e4ngt Sie vom 1. April bis zum 31. Oktober 2024. Unsere Mobilheimvermietung in C\u00f4tes-d&#8217;Armor Willkommen auf dem Campingplatz Le Fr\u00eache \u00e0 l&#8217;\u00c2ne, dem idealen Ort f\u00fcr die Vermietung eines komfortablen Mobilheims in der Region C\u00f4tes d&#8217;Armor. Sie suchen ein Mobilheim f\u00fcr einen Urlaub zu zweit, mit der Familie oder mit Freunden? Sie m\u00f6chten [&hellip;]<\/p>\n","protected":false},"author":1,"featured_media":0,"parent":0,"menu_order":0,"comment_status":"open","ping_status":"open","template":"","meta":{"_acf_changed":false,"footnotes":""},"acf":[],"_links":{"self":[{"href":"https:\/\/www.camping-frechealane.com\/de\/wp-json\/wp\/v2\/pages\/1460"}],"collection":[{"href":"https:\/\/www.camping-frechealane.com\/de\/wp-json\/wp\/v2\/pages"}],"about":[{"href":"https:\/\/www.camping-frechealane.com\/de\/wp-json\/wp\/v2\/types\/page"}],"author":[{"embeddable":true,"href":"https:\/\/www.camping-frechealane.com\/de\/wp-json\/wp\/v2\/users\/1"}],"replies":[{"embeddable":true,"href":"https:\/\/www.camping-frechealane.com\/de\/wp-json\/wp\/v2\/comments?post=1460"}],"version-history":[{"count":3,"href":"https:\/\/www.camping-frechealane.com\/de\/wp-json\/wp\/v2\/pages\/1460\/revisions"}],"predecessor-version":[{"id":1857,"href":"https:\/\/www.camping-frechealane.com\/de\/wp-json\/wp\/v2\/pages\/1460\/revisions\/1857"}],"wp:attachment":[{"href":"https:\/\/www.camping-frechealane.com\/de\/wp-json\/wp\/v2\/media?parent=1460"}],"curies":[{"name":"wp","href":"https:\/\/api.w.org\/{rel}","templated":true}]}}