{"id":1417,"date":"2024-08-05T17:18:30","date_gmt":"2024-08-05T15:18:30","guid":{"rendered":"https:\/\/www.camping-frechealane.com\/nos-tentes-sahara\/"},"modified":"2024-09-16T11:58:24","modified_gmt":"2024-09-16T09:58:24","slug":"nos-tentes-sahara","status":"publish","type":"page","link":"https:\/\/www.camping-frechealane.com\/en\/nos-tentes-sahara\/","title":{"rendered":"Sahara Tents"},"content":{"rendered":"<div class=\"diaporama-header align-full\"><div class=\"fc-galerie fc-auto\"><figure class=\"fc-galerie__item skip-lazy no-lazy fc-auto\" ><picture><source srcset=\"\" media=\"(max-width: 210px)\"><source srcset=\"\" media=\"(max-width: 421px)\"><source srcset=\"\" media=\"(max-width: 1024px)\"><source srcset=\"\" media=\"(min-width: 1025px)\"><img loading=\"lazy\" decoding=\"async\" width=\"420\" height=\"210\" src=\"\" alt=\"Campsite le Fr\u00eache \u00e0 l&#039;\u00c2ne \" title=\"\"><\/picture><\/figure><\/div><div class=\"diaporama-header__inner\"><p  style=\"text-align: center;\"  >The campsite is open from April 1 to October 31, 2024<\/p><div class=\"fc-boutons display-flex \" style=\"justify-content:center;\"><span class=\"boutons__btn btn_resa is-style-resa\"><span class=\"fc-icon\"><svg xmlns=\"http:\/\/www.w3.org\/2000\/svg\"  viewBox=\"0 0 448 512\" width=\"16px\" height=\"16px\"><!--! Font Awesome Pro 6.4.2 by @fontawesome - https:\/\/fontawesome.com License - https:\/\/fontawesome.com\/license (Commercial License) Copyright 2023 Fonticons, Inc.--><path d=\"M128 0c17.7 0 32 14.3 32 32V64H288V32c0-17.7 14.3-32 32-32s32 14.3 32 32V64h48c26.5 0 48 21.5 48 48v48H0V112C0 85.5 21.5 64 48 64H96V32c0-17.7 14.3-32 32-32zM0 192H448V464c0 26.5-21.5 48-48 48H48c-26.5 0-48-21.5-48-48V192zM329 305c9.4-9.4 9.4-24.6 0-33.9s-24.6-9.4-33.9 0l-95 95-47-47c-9.4-9.4-24.6-9.4-33.9 0s-9.4 24.6 0 33.9l64 64c9.4 9.4 24.6 9.4 33.9 0L329 305z\"\/><\/svg><\/span>  Look for your stay!<\/span><\/div><\/div><\/div><div class=\"columns sec-10 sec-10-b reverse-mob fade-left\" style=\"align-items:center;\"><div class=\"columns__item fade-left\" style=\"align-self:center;flex-basis:60%;\"><div class=\"fc-galerie col-2 f-carousel fc-diapo-mob\" data-fancybox=\"gallery-mob\"><figure class=\"fc-galerie__item\" ><picture><source srcset=\"\" media=\"(max-width: 210px)\"><source srcset=\"\" media=\"(max-width: 421px)\"><source srcset=\"\" media=\"(max-width: 1024px)\"><source srcset=\"\" media=\"(min-width: 1025px)\"><img decoding=\"async\" width=\"420\" height=\"210\" src=\"\" alt=\"Campsite le Fr\u00eache \u00e0 l&#039;\u00c2ne \" loading=\"lazy\" title=\"\"><\/picture><\/figure><figure class=\"fc-galerie__item\" ><picture><source srcset=\"https:\/\/www.camping-frechealane.com\/wp-content\/uploads\/2024\/08\/tente_sahara_1-3_personnes_vue_terrasse-tipi-420x315.webp\" media=\"(max-width: 210px)\"><source srcset=\"https:\/\/www.camping-frechealane.com\/wp-content\/uploads\/2024\/08\/tente_sahara_1-3_personnes_vue_terrasse-tipi-768x576.webp\" media=\"(max-width: 421px)\"><source srcset=\"https:\/\/www.camping-frechealane.com\/wp-content\/uploads\/2024\/08\/tente_sahara_1-3_personnes_vue_terrasse-tipi.webp\" media=\"(max-width: 1024px)\"><source srcset=\"https:\/\/www.camping-frechealane.com\/wp-content\/uploads\/2024\/08\/tente_sahara_1-3_personnes_vue_terrasse-tipi.webp\" media=\"(min-width: 1025px)\"><img decoding=\"async\" width=\"420\" height=\"210\" src=\"https:\/\/www.camping-frechealane.com\/wp-content\/uploads\/2024\/08\/tente_sahara_1-3_personnes_vue_terrasse-tipi-210x210.webp\" alt=\"Campsite le Fr\u00eache \u00e0 l&#039;\u00c2ne \" loading=\"lazy\" title=\"\"><\/picture><\/figure><figure class=\"fc-galerie__item\" ><picture><source srcset=\"\" media=\"(max-width: 210px)\"><source srcset=\"\" media=\"(max-width: 421px)\"><source srcset=\"\" media=\"(max-width: 1024px)\"><source srcset=\"\" media=\"(min-width: 1025px)\"><img decoding=\"async\" width=\"420\" height=\"210\" src=\"\" alt=\"Campsite le Fr\u00eache \u00e0 l&#039;\u00c2ne \" loading=\"lazy\" title=\"\"><\/picture><\/figure><\/div><\/div><div class=\"columns__item texte\" style=\"align-self:center;flex-basis:36%;\"><h1>Our tents in C\u00f4tes-d&#8217;Armor Sahara<\/h1><p  style=\"\"  >An <strong>unusual accommodation in C\u00f4tes-d&#8217;Armor<\/strong>, ideal for hikers on Brittany&#8217;s customs trail (GR\u00ae34) or cyclists on the V\u00e9lo maritime (EuroV\u00e9lo 4).  <\/p><p  style=\"\" id=\"https:\/\/www.camping-frechealane.com\/en\/\" >Put your luggage down at the <a href=\"https:\/\/www.camping-frechealane.com\/en\/\" data-type=\"link\" data-id=\"https:\/\/www.camping-frechealane.com\/en\/\">Pl\u00e9boulle campsite by the sea<\/a> and enjoy a good bed after a day&#8217;s roaming.<\/p><div class=\"fc-boutons\"><span class=\"boutons__btn btn_resa_loc is-style-resa\"><span class=\"fc-icon\"><svg xmlns=\"http:\/\/www.w3.org\/2000\/svg\"  viewBox=\"0 0 512 512\" width=\"16px\" height=\"16px\"><!--! Font Awesome Pro 6.4.2 by @fontawesome - https:\/\/fontawesome.com License - https:\/\/fontawesome.com\/license (Commercial License) Copyright 2023 Fonticons, Inc.--><path d=\"M416 208c0 45.9-14.9 88.3-40 122.7L502.6 457.4c12.5 12.5 12.5 32.8 0 45.3s-32.8 12.5-45.3 0L330.7 376c-34.4 25.2-76.8 40-122.7 40C93.1 416 0 322.9 0 208S93.1 0 208 0S416 93.1 416 208zM208 352a144 144 0 1 0 0-288 144 144 0 1 0 0 288z\"\/><\/svg><\/span>  Book your tent<\/span><\/div><\/div><\/div><div class=\"group fade-right\"><h2>C\u00f4tes-d&#8217;Armor <span class=\"fc-span\">in Sahara Tents<\/span><\/h2><div class=\"columns\"><div class=\"columns__item\"><p  style=\"\"  >The <strong>Sahara tent<\/strong>, for a stopover at Camping le Fr\u00eache \u00e0 l&#8217;\u00e2ne: Ideal for hikers on the GR34 or itinerants on the V\u00e9lomaritime, it <strong>can be rented by the night even in July and August<\/strong>! It is equipped with a <strong>comfortable double bed<\/strong> for a well-deserved rest.\nAn extra mattress can be installed for the 3rd person.\nA version with 3 single beds is also available.  <\/p><p  style=\"\"  >To complete the package, you can use the<strong>kitchen area under the barn<\/strong> near reception, book your <strong>breakfast<\/strong> or eat at the <strong>snack bar<\/strong> or <strong>food-truck<\/strong> on the campsite in season.\nAnd, of course, we also have a <strong>small grocery store<\/strong> for your convenience&#8230; <\/p><p  style=\"\"  >For one night or a longer stay, we&#8217;d be delighted to welcome you to Le Fr\u00eache \u00e0 l&#8217;\u00e2ne campsite in Pl\u00e9boulle, a coastal village on the Emerald Coast.<a href=\"https:\/\/www.camping-frechealane.com\/tentes_sahara\/tente-sahara-2-3-personnes\/#reserver_hebergements\"><\/a><\/p><\/div><div class=\"columns__item\"><p class=\"h3\" style=\"\"  >Tent Sahara 2\/3 persons<\/p><p  style=\"\"  ><strong>Rates: <\/strong>from \u20ac30 per night<\/p><p  style=\"\"  ><strong>Capacity: <\/strong>3 people<\/p><div class=\"fc-boutons display-flex \" style=\"justify-content:left;\"><span class=\"boutons__btn btn_resa_id_115262 is-style-resa\"><span class=\"fc-icon\"><svg xmlns=\"http:\/\/www.w3.org\/2000\/svg\"  viewBox=\"0 0 576 512\" width=\"16px\" height=\"16px\"><!--! Font Awesome Pro 6.4.2 by @fontawesome - https:\/\/fontawesome.com License - https:\/\/fontawesome.com\/license (Commercial License) Copyright 2023 Fonticons, Inc.--><path d=\"M269.4 6C280.5-2 295.5-2 306.6 6l224 160c7.4 5.3 12.2 13.5 13.2 22.5l32 288c1 9-1.9 18.1-8 24.9s-14.7 10.7-23.8 10.7H416L288 288V512H32c-9.1 0-17.8-3.9-23.8-10.7s-9-15.8-8-24.9l32-288c1-9 5.8-17.2 13.2-22.5L269.4 6z\"\/><\/svg><\/span>  Reserve this tent<\/span><\/div><\/div><div class=\"columns__item\"><p class=\"h3\" style=\"\"  >Tent Sahara 1\/3 persons<\/p><p  style=\"\"  ><strong>Rates: <\/strong>from \u20ac30 per night<\/p><p  style=\"\"  ><strong>Capacity: <\/strong>3 people<\/p><div class=\"fc-boutons display-flex \" style=\"justify-content:left;\"><span class=\"boutons__btn btn_resa_id_123082 is-style-resa\"><span class=\"fc-icon\"><svg xmlns=\"http:\/\/www.w3.org\/2000\/svg\"  viewBox=\"0 0 576 512\" width=\"16px\" height=\"16px\"><!--! Font Awesome Pro 6.4.2 by @fontawesome - https:\/\/fontawesome.com License - https:\/\/fontawesome.com\/license (Commercial License) Copyright 2023 Fonticons, Inc.--><path d=\"M269.4 6C280.5-2 295.5-2 306.6 6l224 160c7.4 5.3 12.2 13.5 13.2 22.5l32 288c1 9-1.9 18.1-8 24.9s-14.7 10.7-23.8 10.7H416L288 288V512H32c-9.1 0-17.8-3.9-23.8-10.7s-9-15.8-8-24.9l32-288c1-9 5.8-17.2 13.2-22.5L269.4 6z\"\/><\/svg><\/span>  Reserve this tent<\/span><\/div><\/div><\/div><\/div>","protected":false},"excerpt":{"rendered":"<p>The campsite is open from April 1 to October 31, 2024 Our tents in C\u00f4tes-d&#8217;Armor Sahara An unusual accommodation in C\u00f4tes-d&#8217;Armor, ideal for hikers on Brittany&#8217;s customs trail (GR\u00ae34) or cyclists on the V\u00e9lo maritime (EuroV\u00e9lo 4). Put your luggage down at the Pl\u00e9boulle campsite by the sea and enjoy a good bed after a [&hellip;]<\/p>\n","protected":false},"author":1,"featured_media":0,"parent":0,"menu_order":0,"comment_status":"open","ping_status":"open","template":"","meta":{"_acf_changed":false,"footnotes":""},"acf":[],"_links":{"self":[{"href":"https:\/\/www.camping-frechealane.com\/en\/wp-json\/wp\/v2\/pages\/1417"}],"collection":[{"href":"https:\/\/www.camping-frechealane.com\/en\/wp-json\/wp\/v2\/pages"}],"about":[{"href":"https:\/\/www.camping-frechealane.com\/en\/wp-json\/wp\/v2\/types\/page"}],"author":[{"embeddable":true,"href":"https:\/\/www.camping-frechealane.com\/en\/wp-json\/wp\/v2\/users\/1"}],"replies":[{"embeddable":true,"href":"https:\/\/www.camping-frechealane.com\/en\/wp-json\/wp\/v2\/comments?post=1417"}],"version-history":[{"count":3,"href":"https:\/\/www.camping-frechealane.com\/en\/wp-json\/wp\/v2\/pages\/1417\/revisions"}],"predecessor-version":[{"id":1858,"href":"https:\/\/www.camping-frechealane.com\/en\/wp-json\/wp\/v2\/pages\/1417\/revisions\/1858"}],"wp:attachment":[{"href":"https:\/\/www.camping-frechealane.com\/en\/wp-json\/wp\/v2\/media?parent=1417"}],"curies":[{"name":"wp","href":"https:\/\/api.w.org\/{rel}","templated":true}]}}