{"id":1419,"date":"2024-08-05T17:18:30","date_gmt":"2024-08-05T15:18:30","guid":{"rendered":"https:\/\/www.camping-frechealane.com\/locations\/"},"modified":"2024-12-17T12:25:22","modified_gmt":"2024-12-17T11:25:22","slug":"locations","status":"publish","type":"page","link":"https:\/\/www.camping-frechealane.com\/en\/locations\/","title":{"rendered":"Locations"},"content":{"rendered":"<div class=\"diaporama-header align-full\"><div class=\"fc-galerie fc-auto\"><figure class=\"fc-galerie__item skip-lazy no-lazy fc-auto\" ><picture><source srcset=\"https:\/\/www.camping-frechealane.com\/wp-content\/uploads\/2024\/09\/DJI_0071-420x236.webp\" media=\"(max-width: 210px)\"><source srcset=\"https:\/\/www.camping-frechealane.com\/wp-content\/uploads\/2024\/09\/DJI_0071-415x830.webp\" media=\"(max-width: 421px)\"><source srcset=\"https:\/\/www.camping-frechealane.com\/wp-content\/uploads\/2024\/09\/DJI_0071-1024x576.webp\" media=\"(max-width: 1024px)\"><source srcset=\"https:\/\/www.camping-frechealane.com\/wp-content\/uploads\/2024\/09\/DJI_0071.webp\" media=\"(min-width: 1025px)\"><img loading=\"lazy\" decoding=\"async\" width=\"420\" height=\"210\" src=\"https:\/\/www.camping-frechealane.com\/wp-content\/uploads\/2024\/09\/DJI_0071-210x210.webp\" alt=\"Campsite le Fr\u00eache \u00e0 l&#039;\u00c2ne \" title=\"\"><\/picture><\/figure><\/div><div class=\"diaporama-header__inner\"><p  style=\"text-align: center;\"  >The campsite is open from April 1 to October 31, 2024<\/p><div class=\"fc-boutons display-flex \" style=\"justify-content:center;\"><span class=\"boutons__btn btn_resa is-style-resa\"><span class=\"fc-icon\"><svg xmlns=\"http:\/\/www.w3.org\/2000\/svg\"  viewBox=\"0 0 448 512\" width=\"16px\" height=\"16px\"><!--! Font Awesome Pro 6.4.2 by @fontawesome - https:\/\/fontawesome.com License - https:\/\/fontawesome.com\/license (Commercial License) Copyright 2023 Fonticons, Inc.--><path d=\"M128 0c17.7 0 32 14.3 32 32V64H288V32c0-17.7 14.3-32 32-32s32 14.3 32 32V64h48c26.5 0 48 21.5 48 48v48H0V112C0 85.5 21.5 64 48 64H96V32c0-17.7 14.3-32 32-32zM0 192H448V464c0 26.5-21.5 48-48 48H48c-26.5 0-48-21.5-48-48V192zM329 305c9.4-9.4 9.4-24.6 0-33.9s-24.6-9.4-33.9 0l-95 95-47-47c-9.4-9.4-24.6-9.4-33.9 0s-9.4 24.6 0 33.9l64 64c9.4 9.4 24.6 9.4 33.9 0L329 305z\"\/><\/svg><\/span>  Look for your stay!<\/span><\/div><\/div><\/div>\n\n<div class=\"columns sec-10 sec-10-c fade-left\" style=\"align-items:center;\"><div class=\"columns__item texte\" style=\"align-self:center;flex-basis:40.5%;\"><h1>Our <span class=\"fc-span\">campsites in C\u00f4tes-d&#8217;Armor<\/span><\/h1><p   id=\"132\" >Welcome to the <a href=\"https:\/\/www.camping-frechealane.com\/en\/\" data-type=\"page\" data-id=\"132\">Pl\u00e9boulle campsite in the heart of the C\u00f4tes d&#8217;Armor region<\/a>, in a <strong>green and relaxing setting<\/strong>.\nWe offer <strong>spacious pitches<\/strong>(from 80 to 180 m2) for 2 to 6 people.\nDelimited by hedges and trees, you&#8217;ll enjoy <strong>unobstructed views over the C\u00f4tes-d&#8217;Armor countryside<\/strong>.  <\/p><p    >Each pitch is carefully delimited by hedges and young trees, offering both privacy and natural charm.\nWhether you <strong>&#8216;re travelling in a tent<\/strong>, <strong>caravan or motorhome<\/strong>, you&#8217;ll find the ideal setting for an overnight or longer stay in a friendly, relaxing atmosphere.\nEnjoy a <strong>sunny<\/strong>, green <strong>setting<\/strong> for a <strong>vacation in the heart of Brittany<\/strong>.  <\/p><div class=\"fc-boutons\"><span class=\"boutons__btn btn_resa_empl is-style-resa\"><span class=\"fc-icon\"><svg xmlns=\"http:\/\/www.w3.org\/2000\/svg\"  viewBox=\"0 0 512 512\" width=\"16px\" height=\"16px\"><!--! Font Awesome Pro 6.4.2 by @fontawesome - https:\/\/fontawesome.com License - https:\/\/fontawesome.com\/license (Commercial License) Copyright 2023 Fonticons, Inc.--><path d=\"M416 208c0 45.9-14.9 88.3-40 122.7L502.6 457.4c12.5 12.5 12.5 32.8 0 45.3s-32.8 12.5-45.3 0L330.7 376c-34.4 25.2-76.8 40-122.7 40C93.1 416 0 322.9 0 208S93.1 0 208 0S416 93.1 416 208zM208 352a144 144 0 1 0 0-288 144 144 0 1 0 0 288z\"\/><\/svg><\/span>  Reserve your pitch<\/span><\/div><\/div><div class=\"columns__item galerie  fade-right\" style=\"align-self:center;\"><figure class=\"\"><picture><source srcset=\"https:\/\/www.camping-frechealane.com\/wp-content\/uploads\/2024\/08\/00000584103-1-420x280.webp\" media=\"(max-width: 210px)\"><source srcset=\"https:\/\/www.camping-frechealane.com\/wp-content\/uploads\/2024\/08\/00000584103-1-768x511.webp\" media=\"(max-width: 421px)\"><source srcset=\"https:\/\/www.camping-frechealane.com\/wp-content\/uploads\/2024\/08\/00000584103-1.webp\" media=\"(max-width: 1024px)\"><source srcset=\"https:\/\/www.camping-frechealane.com\/wp-content\/uploads\/2024\/08\/00000584103-1.webp\" media=\"(min-width: 1025px)\"><img decoding=\"async\" width=\"420\" height=\"210\" src=\"https:\/\/www.camping-frechealane.com\/wp-content\/uploads\/2024\/08\/00000584103-1-210x210.webp\" alt=\"Campsite le Fr\u00eache \u00e0 l&#039;\u00c2ne \" loading=\"lazy\" title=\"\"><\/picture><\/figure><\/div><\/div>\n\n<div class=\"columns sec-10 sec-10-b reverse-mob fade-up\" style=\"align-items:center;\"><div class=\"columns__item fade-left\" style=\"align-self:center;flex-basis:60%;\"><figure class=\"\"><picture><source srcset=\"https:\/\/www.camping-frechealane.com\/wp-content\/uploads\/2024\/08\/emplacement-camping-car-420x280.webp\" media=\"(max-width: 210px)\"><source srcset=\"https:\/\/www.camping-frechealane.com\/wp-content\/uploads\/2024\/08\/emplacement-camping-car-768x512.webp\" media=\"(max-width: 421px)\"><source srcset=\"https:\/\/www.camping-frechealane.com\/wp-content\/uploads\/2024\/08\/emplacement-camping-car.webp\" media=\"(max-width: 1024px)\"><source srcset=\"https:\/\/www.camping-frechealane.com\/wp-content\/uploads\/2024\/08\/emplacement-camping-car.webp\" media=\"(min-width: 1025px)\"><img decoding=\"async\" width=\"420\" height=\"210\" src=\"https:\/\/www.camping-frechealane.com\/wp-content\/uploads\/2024\/08\/emplacement-camping-car-210x210.webp\" alt=\"Campsite le Fr\u00eache \u00e0 l&#039;\u00c2ne \" loading=\"lazy\" title=\"\"><\/picture><\/figure><\/div><div class=\"columns__item texte\" style=\"align-self:center;flex-basis:36%;\"><h2>Natural pitches <span class=\"fc-span\">for tents and motor homes by the sea<\/span><\/h2><p   id=\"https:\/\/www.camping-frechealane.com\/camping-au-cap-frehel\/\" >Enjoy a return to your roots, far away from everyday life!\nWhether you sleep in a tent or comfortably in your own caravan or motorhome, you can always count on the trees and clean pitches to offer you comfort and privacy.\nWith<strong>quiet pitches<\/strong> and <strong>water<\/strong> and<strong>electricity<\/strong> <strong>hook-ups<\/strong><strong>,<\/strong> our <a href=\"https:\/\/www.camping-frechealane.com\/camping-au-cap-frehel\/\" data-type=\"link\" data-id=\"https:\/\/www.camping-frechealane.com\/camping-au-cap-frehel\/\">campsites near Fr\u00e9hel<\/a><strong>will<\/strong> meet all your needs for your <strong>dream vacation in Pl\u00e9boulle<\/strong>.  <\/p><div class=\"fc-lireplus fc-desk\"style=\"\"><p  style=\"\"  >Read more  <span class=\"fc-icon\"><svg xmlns=\"http:\/\/www.w3.org\/2000\/svg\"  viewBox=\"0 0 320 512\" width=\"16px\" height=\"16px\"><!--! Font Awesome Pro 6.4.2 by @fontawesome - https:\/\/fontawesome.com License - https:\/\/fontawesome.com\/license (Commercial License) Copyright 2023 Fonticons, Inc.--><path d=\"M301.7 250.3c3.1 3.1 3.1 8.2 0 11.3l-216 216c-3.1 3.1-8.2 3.1-11.3 0s-3.1-8.2 0-11.3L284.7 256 74.3 45.7c-3.1-3.1-3.1-8.2 0-11.3s8.2-3.1 11.3 0l216 216z\"\/><\/svg><\/span><\/p><div class=\"group\"><p  style=\"\"  >Your caravan or motorhome deserves the best service, and so do you!\nTake advantage of a comfort pitch, or even a <strong>high-comfort camping pitch<\/strong>, and benefit from a water, 16A electricity and mains drainage package from \u20ac21.00 per night for 2 people.\nOur campsite has clean, modern, functional and spacious sanitary facilities.\nAccessible to disabled persons and equipped with a baby bath, mirrors and hot water.   <\/p><\/div><\/div><\/div><\/div>\n\n<div class=\"columns sec-10 sec-10-a fade-up has-fond-background-color has-background align-full\" style=\"align-items:center;background-color:var(--fond);\"><div class=\"columns__item texte\" style=\"align-self:center;\"><h2>Grand Confort pitch <span class=\"fc-span\">in C\u00f4tes-d&#8217;Armor<\/span><\/h2><p    ><strong>Rates: <\/strong>from \u20ac15.00 per night (including water, 16A electricity, mains drainage+1 vehicle)<\/p><p    ><strong>Capacity: <\/strong>6 people maximum per pitch at Pl\u00e9boulle<\/p><p    >Do you have a caravan or motorhome and are looking for a <strong>pitch in the C\u00f4tes-d&#8217;Armor<\/strong> with all the necessary amenities?\nAt the Fr\u00eache \u00e0 l&#8217;\u00c2ne campsite in Pl\u00e9boule, we offer <strong>spacious pitches of around 150m\u00b2<\/strong>, perfect for your needs. <\/p><p    >These <strong>comfortable<\/strong>, sunny <strong>pitches<\/strong>, bordered by hedges and trees, offer privacy while remaining close to nature.\nPitches can <strong>accommodate up to 6 people<\/strong>, and are available from 15 euros per night. <\/p><div class=\"fc-boutons display-flex \" style=\"justify-content:center;\"><span class=\"boutons__btn btn_resa_id_94077 is-style-resa\"><span class=\"fc-icon\"><svg xmlns=\"http:\/\/www.w3.org\/2000\/svg\"  viewBox=\"0 0 576 512\" width=\"16px\" height=\"16px\"><!--! Font Awesome Pro 6.4.2 by @fontawesome - https:\/\/fontawesome.com License - https:\/\/fontawesome.com\/license (Commercial License) Copyright 2023 Fonticons, Inc.--><path d=\"M377 52c11-13.8 8.8-33.9-5-45s-33.9-8.8-45 5L288 60.8 249 12c-11-13.8-31.2-16-45-5s-16 31.2-5 45l48 60L12.3 405.4C4.3 415.4 0 427.7 0 440.4V464c0 26.5 21.5 48 48 48H288 528c26.5 0 48-21.5 48-48V440.4c0-12.7-4.3-25.1-12.3-35L329 112l48-60zM288 448H168.5L288 291.7 407.5 448H288z\"\/><\/svg><\/span>  Reserve this location<\/span><\/div><\/div><div class=\"columns__item galerie fade-right\" style=\"align-self:center;\"><div class=\"fc-galerie fc-auto col-2 f-carousel fc-diapo-mob\" data-fancybox=\"gallery-mob\"><figure class=\"fc-galerie__item\" ><picture><source srcset=\"https:\/\/www.camping-frechealane.com\/wp-content\/uploads\/2024\/08\/emplacement-camping-grand-confort-420x280.webp\" media=\"(max-width: 210px)\"><source srcset=\"https:\/\/www.camping-frechealane.com\/wp-content\/uploads\/2024\/08\/emplacement-camping-grand-confort-768x512.webp\" media=\"(max-width: 421px)\"><source srcset=\"https:\/\/www.camping-frechealane.com\/wp-content\/uploads\/2024\/08\/emplacement-camping-grand-confort.webp\" media=\"(max-width: 1024px)\"><source srcset=\"https:\/\/www.camping-frechealane.com\/wp-content\/uploads\/2024\/08\/emplacement-camping-grand-confort.webp\" media=\"(min-width: 1025px)\"><img decoding=\"async\" width=\"420\" height=\"210\" src=\"https:\/\/www.camping-frechealane.com\/wp-content\/uploads\/2024\/08\/emplacement-camping-grand-confort-210x210.webp\" alt=\"Campsite le Fr\u00eache \u00e0 l&#039;\u00c2ne \" loading=\"lazy\" title=\"\"><\/picture><\/figure><figure class=\"fc-galerie__item\" ><picture><source srcset=\"https:\/\/www.camping-frechealane.com\/wp-content\/uploads\/2024\/09\/DJI_0634-420x236.webp\" media=\"(max-width: 210px)\"><source srcset=\"https:\/\/www.camping-frechealane.com\/wp-content\/uploads\/2024\/09\/DJI_0634-768x431.webp\" media=\"(max-width: 421px)\"><source srcset=\"https:\/\/www.camping-frechealane.com\/wp-content\/uploads\/2024\/09\/DJI_0634-1024x574.webp\" media=\"(max-width: 1024px)\"><source srcset=\"https:\/\/www.camping-frechealane.com\/wp-content\/uploads\/2024\/09\/DJI_0634.webp\" media=\"(min-width: 1025px)\"><img decoding=\"async\" width=\"420\" height=\"210\" src=\"https:\/\/www.camping-frechealane.com\/wp-content\/uploads\/2024\/09\/DJI_0634-210x210.webp\" alt=\"Campsite le Fr\u00eache \u00e0 l&#039;\u00c2ne \" loading=\"lazy\" title=\"\"><\/picture><\/figure><figure class=\"fc-galerie__item\" ><picture><source srcset=\"https:\/\/www.camping-frechealane.com\/wp-content\/uploads\/2024\/09\/20240721_143541-ok-420x204.jpg\" media=\"(max-width: 210px)\"><source srcset=\"https:\/\/www.camping-frechealane.com\/wp-content\/uploads\/2024\/09\/20240721_143541-ok-768x373.jpg\" media=\"(max-width: 421px)\"><source srcset=\"https:\/\/www.camping-frechealane.com\/wp-content\/uploads\/2024\/09\/20240721_143541-ok-1024x498.jpg\" media=\"(max-width: 1024px)\"><source srcset=\"https:\/\/www.camping-frechealane.com\/wp-content\/uploads\/2024\/09\/20240721_143541-ok.jpg\" media=\"(min-width: 1025px)\"><img decoding=\"async\" width=\"420\" height=\"210\" src=\"https:\/\/www.camping-frechealane.com\/wp-content\/uploads\/2024\/09\/20240721_143541-ok-210x210.jpg\" alt=\"Campsite le Fr\u00eache \u00e0 l&#039;\u00c2ne \" loading=\"lazy\" title=\"\"><\/picture><\/figure><\/div><\/div><\/div>\n\n<div class=\"columns sec-10 sec-10-b reverse-mob fade-left\" style=\"align-items:center;\"><div class=\"columns__item fade-left\" style=\"align-self:center;flex-basis:60%;\"><div class=\"fc-galerie col-2 f-carousel fc-diapo-mob\" data-fancybox=\"gallery-mob\"><figure class=\"fc-galerie__item\" ><picture><source srcset=\"https:\/\/www.camping-frechealane.com\/wp-content\/uploads\/2024\/08\/emplacement-camping-van-420x280.webp\" media=\"(max-width: 210px)\"><source srcset=\"https:\/\/www.camping-frechealane.com\/wp-content\/uploads\/2024\/08\/emplacement-camping-van-768x512.webp\" media=\"(max-width: 421px)\"><source srcset=\"https:\/\/www.camping-frechealane.com\/wp-content\/uploads\/2024\/08\/emplacement-camping-van.webp\" media=\"(max-width: 1024px)\"><source srcset=\"https:\/\/www.camping-frechealane.com\/wp-content\/uploads\/2024\/08\/emplacement-camping-van.webp\" media=\"(min-width: 1025px)\"><img decoding=\"async\" width=\"420\" height=\"210\" src=\"https:\/\/www.camping-frechealane.com\/wp-content\/uploads\/2024\/08\/emplacement-camping-van-210x210.webp\" alt=\"Campsite le Fr\u00eache \u00e0 l&#039;\u00c2ne \" loading=\"lazy\" title=\"\"><\/picture><\/figure><figure class=\"fc-galerie__item\" ><picture><source srcset=\"https:\/\/www.camping-frechealane.com\/wp-content\/uploads\/2024\/08\/IMG_0666-scaled-e1652461899949-420x280.webp\" media=\"(max-width: 210px)\"><source srcset=\"https:\/\/www.camping-frechealane.com\/wp-content\/uploads\/2024\/08\/IMG_0666-scaled-e1652461899949-768x512.webp\" media=\"(max-width: 421px)\"><source srcset=\"https:\/\/www.camping-frechealane.com\/wp-content\/uploads\/2024\/08\/IMG_0666-scaled-e1652461899949-1024x683.webp\" media=\"(max-width: 1024px)\"><source srcset=\"https:\/\/www.camping-frechealane.com\/wp-content\/uploads\/2024\/08\/IMG_0666-scaled-e1652461899949.webp\" media=\"(min-width: 1025px)\"><img decoding=\"async\" width=\"420\" height=\"210\" src=\"https:\/\/www.camping-frechealane.com\/wp-content\/uploads\/2024\/08\/IMG_0666-scaled-e1652461899949-210x210.webp\" alt=\"Campsite le Fr\u00eache \u00e0 l&#039;\u00c2ne \" loading=\"lazy\" title=\"\"><\/picture><\/figure><figure class=\"fc-galerie__item\" ><picture><source srcset=\"https:\/\/www.camping-frechealane.com\/wp-content\/uploads\/2024\/09\/IMG_0713-420x236.webp\" media=\"(max-width: 210px)\"><source srcset=\"https:\/\/www.camping-frechealane.com\/wp-content\/uploads\/2024\/09\/IMG_0713-768x431.webp\" media=\"(max-width: 421px)\"><source srcset=\"https:\/\/www.camping-frechealane.com\/wp-content\/uploads\/2024\/09\/IMG_0713-1024x575.webp\" media=\"(max-width: 1024px)\"><source srcset=\"https:\/\/www.camping-frechealane.com\/wp-content\/uploads\/2024\/09\/IMG_0713.webp\" media=\"(min-width: 1025px)\"><img decoding=\"async\" width=\"420\" height=\"210\" src=\"https:\/\/www.camping-frechealane.com\/wp-content\/uploads\/2024\/09\/IMG_0713-210x210.webp\" alt=\"Campsite le Fr\u00eache \u00e0 l&#039;\u00c2ne \" loading=\"lazy\" title=\"\"><\/picture><\/figure><\/div><\/div><div class=\"columns__item texte\" style=\"align-self:center;flex-basis:36%;\"><h2>Comfortable location <span class=\"fc-span\">in C\u00f4tes-d&#8217;Armor<\/span><\/h2><p    ><strong>Rates: <\/strong>from \u20ac10 per night (incl. electricity+1 vehicle)<\/p><p    ><strong>Capacity: <\/strong>6 people maximum per camping pitch<\/p><p    >Our <strong>comfort camping pitches in Pl\u00e9boulle<\/strong> can accommodate between 2 and 6 people and offer an average surface area of 120m\u00b2, with a minimum of 80m\u00b2, guaranteeing space and comfort.\nOur pitches are <strong>suitable for people with reduced mobility<\/strong>.\nYou can choose a <strong>pitch in the shade or in the sun,<\/strong> depending on your preferences, to make the most of <strong>Brittany&#8217;s natural<\/strong> beauty.  <\/p><p   id=\"132\" >Whether you&#8217;re in a tent, caravan or motorhome, whether you&#8217;re staying for one night or a longer stay in , we&#8217;ll be delighted to welcome you to the Fr\u00eache \u00e0 l&#8217;\u00c2ne <a href=\"https:\/\/www.camping-frechealane.com\/en\/\" data-type=\"page\" data-id=\"132\">campsite in C\u00f4tes d&#8217;Armor<\/a>.<\/p><div class=\"fc-boutons display-flex \" style=\"justify-content:center;\"><span class=\"boutons__btn btn_resa_id_55284 is-style-resa\"><span class=\"fc-icon\"><svg xmlns=\"http:\/\/www.w3.org\/2000\/svg\"  viewBox=\"0 0 576 512\" width=\"16px\" height=\"16px\"><!--! Font Awesome Pro 6.4.2 by @fontawesome - https:\/\/fontawesome.com License - https:\/\/fontawesome.com\/license (Commercial License) Copyright 2023 Fonticons, Inc.--><path d=\"M377 52c11-13.8 8.8-33.9-5-45s-33.9-8.8-45 5L288 60.8 249 12c-11-13.8-31.2-16-45-5s-16 31.2-5 45l48 60L12.3 405.4C4.3 415.4 0 427.7 0 440.4V464c0 26.5 21.5 48 48 48H288 528c26.5 0 48-21.5 48-48V440.4c0-12.7-4.3-25.1-12.3-35L329 112l48-60zM288 448H168.5L288 291.7 407.5 448H288z\"\/><\/svg><\/span>  Reserve this location<\/span><\/div><\/div><\/div>\n\n<div class=\"columns sec-10 sec-10-a fade-up has-fond-background-color has-background align-full\" style=\"align-items:center;background-color:var(--fond);\"><div class=\"columns__item texte\" style=\"align-self:center;\"><h2>Pitch with private sanitary facilities in Brittany<\/h2><p    ><strong>New for 2025<\/strong> !<\/p><p    ><strong>Rates: <\/strong>from \u20ac20.00 per night (including water, 16A electricity, private sanitary, mains drainage+1 vehicle)<\/p><p    ><strong>Capacity: <\/strong>6 people maximum per pitch at Pl\u00e9boulle<\/p><p    >Discover our camping pitches with private sanitary facilities, designed to offer you optimum comfort in the heart of nature.\nEnjoy a spacious, well-appointed space, combining privacy and modern conveniences for a peaceful stay. <\/p><p    >Ideally located, these pitches allow you to fully enjoy the camping experience while benefiting from the exclusivity of a private bathroom.\nBook your pitch now for an unforgettable vacation at Camping Fr\u00eache \u00e0 l&#8217;\u00c2ne. <\/p><div class=\"fc-boutons display-flex \" style=\"justify-content:center;\"><span class=\"boutons__btn is-style-1\">\r\n\t\t\t\t\t\t<a href=\"https:\/\/www.camping-frechealane.com\/wp-content\/uploads\/2024\/08\/Tarifs-Emplacementssanitaire-2025.pdf\" target=\"_blank\">Rates for pitches with sanitary facilities<\/a>\r\n\t\t\t\r\n\t\t\t  <span class=\"fc-icon\"><svg xmlns=\"http:\/\/www.w3.org\/2000\/svg\"  viewBox=\"0 0 448 512\" width=\"16px\" height=\"16px\"><!--! Font Awesome Pro 6.4.2 by @fontawesome - https:\/\/fontawesome.com License - https:\/\/fontawesome.com\/license (Commercial License) Copyright 2023 Fonticons, Inc.--><path d=\"M438.6 278.6c12.5-12.5 12.5-32.8 0-45.3l-160-160c-12.5-12.5-32.8-12.5-45.3 0s-12.5 32.8 0 45.3L338.8 224 32 224c-17.7 0-32 14.3-32 32s14.3 32 32 32l306.7 0L233.4 393.4c-12.5 12.5-12.5 32.8 0 45.3s32.8 12.5 45.3 0l160-160z\"\/><\/svg><\/span><\/span><span class=\"boutons__btn btn_resa_id_ is-style-resa\"><span class=\"fc-icon\"><svg xmlns=\"http:\/\/www.w3.org\/2000\/svg\"  viewBox=\"0 0 576 512\" width=\"16px\" height=\"16px\"><!--! Font Awesome Pro 6.4.2 by @fontawesome - https:\/\/fontawesome.com License - https:\/\/fontawesome.com\/license (Commercial License) Copyright 2023 Fonticons, Inc.--><path d=\"M377 52c11-13.8 8.8-33.9-5-45s-33.9-8.8-45 5L288 60.8 249 12c-11-13.8-31.2-16-45-5s-16 31.2-5 45l48 60L12.3 405.4C4.3 415.4 0 427.7 0 440.4V464c0 26.5 21.5 48 48 48H288 528c26.5 0 48-21.5 48-48V440.4c0-12.7-4.3-25.1-12.3-35L329 112l48-60zM288 448H168.5L288 291.7 407.5 448H288z\"\/><\/svg><\/span> Reserve this location<\/span><\/div><\/div><div class=\"columns__item galerie fade-right\" style=\"align-self:center;\"><div class=\"fc-galerie fc-auto col-2 f-carousel fc-diapo-mob\" data-fancybox=\"gallery-mob\"><figure class=\"fc-galerie__item\" ><picture><source srcset=\"https:\/\/www.camping-frechealane.com\/wp-content\/uploads\/2024\/09\/20240721_143139-ok-420x204.jpg\" media=\"(max-width: 210px)\"><source srcset=\"https:\/\/www.camping-frechealane.com\/wp-content\/uploads\/2024\/09\/20240721_143139-ok-768x373.jpg\" media=\"(max-width: 421px)\"><source srcset=\"https:\/\/www.camping-frechealane.com\/wp-content\/uploads\/2024\/09\/20240721_143139-ok-1024x498.jpg\" media=\"(max-width: 1024px)\"><source srcset=\"https:\/\/www.camping-frechealane.com\/wp-content\/uploads\/2024\/09\/20240721_143139-ok.jpg\" media=\"(min-width: 1025px)\"><img decoding=\"async\" width=\"420\" height=\"210\" src=\"https:\/\/www.camping-frechealane.com\/wp-content\/uploads\/2024\/09\/20240721_143139-ok-210x210.jpg\" alt=\"Campsite le Fr\u00eache \u00e0 l&#039;\u00c2ne \" loading=\"lazy\" title=\"\"><\/picture><\/figure><figure class=\"fc-galerie__item\" ><picture><source srcset=\"https:\/\/www.camping-frechealane.com\/wp-content\/uploads\/2024\/12\/Bloc_sanitaire_privatif_evier-Copie-420x315.jpg\" media=\"(max-width: 210px)\"><source srcset=\"https:\/\/www.camping-frechealane.com\/wp-content\/uploads\/2024\/12\/Bloc_sanitaire_privatif_evier-Copie-768x576.jpg\" media=\"(max-width: 421px)\"><source srcset=\"https:\/\/www.camping-frechealane.com\/wp-content\/uploads\/2024\/12\/Bloc_sanitaire_privatif_evier-Copie-1024x768.jpg\" media=\"(max-width: 1024px)\"><source srcset=\"https:\/\/www.camping-frechealane.com\/wp-content\/uploads\/2024\/12\/Bloc_sanitaire_privatif_evier-Copie.jpg\" media=\"(min-width: 1025px)\"><img decoding=\"async\" width=\"420\" height=\"210\" src=\"https:\/\/www.camping-frechealane.com\/wp-content\/uploads\/2024\/12\/Bloc_sanitaire_privatif_evier-Copie-210x210.jpg\" alt=\"Campsite le Fr\u00eache \u00e0 l&#039;\u00c2ne \" loading=\"lazy\" title=\"\"><\/picture><\/figure><figure class=\"fc-galerie__item\" ><picture><source srcset=\"https:\/\/www.camping-frechealane.com\/wp-content\/uploads\/2024\/12\/emplacement_avec_sanitaire-Copie-420x236.jpg\" media=\"(max-width: 210px)\"><source srcset=\"https:\/\/www.camping-frechealane.com\/wp-content\/uploads\/2024\/12\/emplacement_avec_sanitaire-Copie-768x432.jpg\" media=\"(max-width: 421px)\"><source srcset=\"https:\/\/www.camping-frechealane.com\/wp-content\/uploads\/2024\/12\/emplacement_avec_sanitaire-Copie-1024x576.jpg\" media=\"(max-width: 1024px)\"><source srcset=\"https:\/\/www.camping-frechealane.com\/wp-content\/uploads\/2024\/12\/emplacement_avec_sanitaire-Copie.jpg\" media=\"(min-width: 1025px)\"><img decoding=\"async\" width=\"420\" height=\"210\" src=\"https:\/\/www.camping-frechealane.com\/wp-content\/uploads\/2024\/12\/emplacement_avec_sanitaire-Copie-210x210.jpg\" alt=\"Campsite le Fr\u00eache \u00e0 l&#039;\u00c2ne \" loading=\"lazy\" title=\"\"><\/picture><\/figure><\/div><\/div><\/div>\n\n<div class=\"group sec-10-c fade-left\"><h2 class=\"h2\"><span class=\"fc-span\">Spacious<\/span> camping pitches<\/h2><p   id=\"https:\/\/www.camping-frechealane.com\/camping-au-cap-frehel\/\" >The Fr\u00eache \u00e0 l&#8217;\u00c2ne campsite, ideally located near the magnificent <a href=\"https:\/\/www.camping-frechealane.com\/camping-au-cap-frehel\/\" data-type=\"link\" data-id=\"https:\/\/www.camping-frechealane.com\/camping-au-cap-frehel\/\">Cap Fr\u00e9hel<\/a>, offers pitches with private sanitary facilities for optimum comfort.\nThese spacious, well-maintained pitches offer total privacy, with modern facilities including a shower, toilet and washbasin, reserved exclusively for your use. <\/p><p    >You&#8217;ll be able to make the most of your stay in a verdant setting, while enjoying the peace and autonomy that these private facilities provide.<\/p><h2>Stay at our family campsite <span class=\"fc-span\">in Pl\u00e9boulle, C\u00f4tes-d&#8217;Armor<\/span><\/h2><p    >Find the<strong>ideal pitch for your tent<\/strong>, caravan or motorhome.\nWe guarantee the quality of your pitch and offer you a <strong>private<\/strong>, well-maintained <strong>site<\/strong> in a privileged and respected environment on our <strong>nature campsite<\/strong>. <\/p><p   id=\"https:\/\/www.camping-frechealane.com\/mobil-homes\/\" >From the moment you arrive, you&#8217;ll be warmly welcomed with clear instructions on how to <strong>set up your tents, caravans, motorhomes and other equipment<\/strong> if you don&#8217;t want to <a href=\"https:\/\/www.camping-frechealane.com\/en\/mobile-homes\/\" data-type=\"link\" data-id=\"https:\/\/www.camping-frechealane.com\/mobil-homes\/\">stay in a mobile home in C\u00f4tes-d&#8217;Armor<\/a>.<\/p><p    >Whatever your choice, you&#8217;ll find the best and enjoy<strong>green spaces<\/strong> designed for relaxing <strong>vacations in the C\u00f4tes-d&#8217;Armor<\/strong>.\nDiscover an immersive and peaceful setting at the Fr\u00eache \u00e0 l&#8217;\u00e2ne family campsite! <\/p><\/div>","protected":false},"excerpt":{"rendered":"<p>The campsite is open from April 1 to October 31, 2024 Our campsites in C\u00f4tes-d&#8217;Armor Welcome to the Pl\u00e9boulle campsite in the heart of the C\u00f4tes d&#8217;Armor region, in a green and relaxing setting. We offer spacious pitches(from 80 to 180 m2) for 2 to 6 people. Delimited by hedges and trees, you&#8217;ll enjoy unobstructed [&hellip;]<\/p>\n","protected":false},"author":1,"featured_media":0,"parent":0,"menu_order":0,"comment_status":"open","ping_status":"open","template":"","meta":{"_acf_changed":false,"footnotes":""},"acf":[],"_links":{"self":[{"href":"https:\/\/www.camping-frechealane.com\/en\/wp-json\/wp\/v2\/pages\/1419"}],"collection":[{"href":"https:\/\/www.camping-frechealane.com\/en\/wp-json\/wp\/v2\/pages"}],"about":[{"href":"https:\/\/www.camping-frechealane.com\/en\/wp-json\/wp\/v2\/types\/page"}],"author":[{"embeddable":true,"href":"https:\/\/www.camping-frechealane.com\/en\/wp-json\/wp\/v2\/users\/1"}],"replies":[{"embeddable":true,"href":"https:\/\/www.camping-frechealane.com\/en\/wp-json\/wp\/v2\/comments?post=1419"}],"version-history":[{"count":7,"href":"https:\/\/www.camping-frechealane.com\/en\/wp-json\/wp\/v2\/pages\/1419\/revisions"}],"predecessor-version":[{"id":2160,"href":"https:\/\/www.camping-frechealane.com\/en\/wp-json\/wp\/v2\/pages\/1419\/revisions\/2160"}],"wp:attachment":[{"href":"https:\/\/www.camping-frechealane.com\/en\/wp-json\/wp\/v2\/media?parent=1419"}],"curies":[{"name":"wp","href":"https:\/\/api.w.org\/{rel}","templated":true}]}}