{"id":1427,"date":"2024-08-05T17:18:30","date_gmt":"2024-08-05T15:18:30","guid":{"rendered":"https:\/\/www.camping-frechealane.com\/le-camping\/"},"modified":"2024-09-19T17:35:26","modified_gmt":"2024-09-19T15:35:26","slug":"le-camping","status":"publish","type":"page","link":"https:\/\/www.camping-frechealane.com\/en\/le-camping\/","title":{"rendered":"The campsite and its services"},"content":{"rendered":"<div class=\"diaporama-header align-full\"><div class=\"fc-galerie fc-auto\"><figure class=\"fc-galerie__item skip-lazy no-lazy fc-auto\" ><picture><source srcset=\"https:\/\/www.camping-frechealane.com\/wp-content\/uploads\/2024\/08\/entree-camping--420x204.webp\" media=\"(max-width: 210px)\"><source srcset=\"https:\/\/www.camping-frechealane.com\/wp-content\/uploads\/2024\/08\/entree-camping--415x830.webp\" media=\"(max-width: 421px)\"><source srcset=\"https:\/\/www.camping-frechealane.com\/wp-content\/uploads\/2024\/08\/entree-camping--1024x498.webp\" media=\"(max-width: 1024px)\"><source srcset=\"https:\/\/www.camping-frechealane.com\/wp-content\/uploads\/2024\/08\/entree-camping-.webp\" media=\"(min-width: 1025px)\"><img loading=\"lazy\" decoding=\"async\" width=\"420\" height=\"210\" src=\"https:\/\/www.camping-frechealane.com\/wp-content\/uploads\/2024\/08\/entree-camping--210x210.webp\" alt=\"Campsite le Fr\u00eache \u00e0 l&#039;\u00c2ne \" title=\"\"><\/picture><\/figure><\/div><div class=\"diaporama-header__inner\"><p  style=\"text-align: center;\"  >The campsite is open from April 1 to October 31, 2024<\/p><div class=\"fc-boutons display-flex \" style=\"justify-content:center;\"><span class=\"boutons__btn btn_resa is-style-resa\"><span class=\"fc-icon\"><svg xmlns=\"http:\/\/www.w3.org\/2000\/svg\"  viewBox=\"0 0 448 512\" width=\"16px\" height=\"16px\"><!--! Font Awesome Pro 6.4.2 by @fontawesome - https:\/\/fontawesome.com License - https:\/\/fontawesome.com\/license (Commercial License) Copyright 2023 Fonticons, Inc.--><path d=\"M128 0c17.7 0 32 14.3 32 32V64H288V32c0-17.7 14.3-32 32-32s32 14.3 32 32V64h48c26.5 0 48 21.5 48 48v48H0V112C0 85.5 21.5 64 48 64H96V32c0-17.7 14.3-32 32-32zM0 192H448V464c0 26.5-21.5 48-48 48H48c-26.5 0-48-21.5-48-48V192zM329 305c9.4-9.4 9.4-24.6 0-33.9s-24.6-9.4-33.9 0l-95 95-47-47c-9.4-9.4-24.6-9.4-33.9 0s-9.4 24.6 0 33.9l64 64c9.4 9.4 24.6 9.4 33.9 0L329 305z\"\/><\/svg><\/span>  Look for your stay!<\/span><\/div><\/div><\/div><div class=\"group sec-05 fade-up\"><div class=\"columns  reverse-mob\"><div class=\"columns__item fade-left image\" style=\"align-self:center;\"><figure class=\"fc-auto\"><picture><source srcset=\"https:\/\/www.camping-frechealane.com\/wp-content\/uploads\/2024\/09\/DJI_0063-420x236.webp\" media=\"(max-width: 210px)\"><source srcset=\"https:\/\/www.camping-frechealane.com\/wp-content\/uploads\/2024\/09\/DJI_0063-768x432.webp\" media=\"(max-width: 421px)\"><source srcset=\"https:\/\/www.camping-frechealane.com\/wp-content\/uploads\/2024\/09\/DJI_0063-1024x576.webp\" media=\"(max-width: 1024px)\"><source srcset=\"https:\/\/www.camping-frechealane.com\/wp-content\/uploads\/2024\/09\/DJI_0063.webp\" media=\"(min-width: 1025px)\"><img decoding=\"async\" style=\"aspect-ratio:1;object-fit:cover;\" width=\"420\" height=\"210\" src=\"https:\/\/www.camping-frechealane.com\/wp-content\/uploads\/2024\/09\/DJI_0063-210x210.webp\" alt=\"Campsite le Fr\u00eache \u00e0 l&#039;\u00c2ne \" loading=\"lazy\" title=\"\"><\/picture><\/figure><\/div><div class=\"columns__item T-05_order\" style=\"align-self:flex-start;\"><h1>The Campsite<\/h1><h2><span class=\"fc-span\">Who we are<\/span><\/h2><p  style=\"\"  >Le Fr\u00eache \u00e0 l&#8217;\u00e2ne campsite offers <strong>80 pitches<\/strong> on 2 hectares of land, with <strong>panoramic views<\/strong> over the valley and countryside.\nA true <strong>family campsite<\/strong>, just <strong>1km from the sea<\/strong>. <\/p><p  style=\"\" id=\"135\" >The spacious, terraced pitches are bordered by hedges and planted with trees of various species: <a href=\"https:\/\/www.camping-frechealane.com\/en\/locations\/\" data-type=\"page\" data-id=\"135\">60 pitches<\/a> for your tent, caravan or camper van, <a href=\"https:\/\/www.camping-frechealane.com\/en\/mobile-homes\/\" data-type=\"page\" data-id=\"137\">15 mobile homes<\/a> for your suitcases, including 1 mobile home suitable for people with reduced mobility (PMR), <a href=\"https:\/\/www.camping-frechealane.com\/en\/bungalow-toiles\/\" data-type=\"page\" data-id=\"133\">2 canvas bungalows<\/a> and <a href=\"https:\/\/www.camping-frechealane.com\/en\/nos-tentes-sahara\/\" data-type=\"page\" data-id=\"138\">2 Saharas tents<\/a> for a different kind of camping.<\/p><div class=\"fc-boutons\"><span class=\"boutons__btn btn_contact is-style-resa\">Contact us  <span class=\"fc-icon\"><svg xmlns=\"http:\/\/www.w3.org\/2000\/svg\"  viewBox=\"0 0 448 512\" width=\"16px\" height=\"16px\"><!--! Font Awesome Pro 6.4.2 by @fontawesome - https:\/\/fontawesome.com License - https:\/\/fontawesome.com\/license (Commercial License) Copyright 2023 Fonticons, Inc.--><path d=\"M438.6 278.6c12.5-12.5 12.5-32.8 0-45.3l-160-160c-12.5-12.5-32.8-12.5-45.3 0s-12.5 32.8 0 45.3L338.8 224 32 224c-17.7 0-32 14.3-32 32s14.3 32 32 32l306.7 0L233.4 393.4c-12.5 12.5-12.5 32.8 0 45.3s32.8 12.5 45.3 0l160-160z\"\/><\/svg><\/span><\/span><\/div><\/div><div class=\"columns__item has-fond-background-color has-background\" style=\"align-self:flex-end;padding-top: 20px;padding-bottom: 20px;padding-left: 20px;padding-right: 20px;background-color:var(--fond);\"><p  style=\"\"  >At the Fr\u00eache \u00e0 l&#8217;\u00c2ne campsite, we welcome you from April 1st to October 31st: reception is open from 8.00 am to 8.00 pm without interruption.<\/p><\/div><\/div><\/div><div class=\"group sec-20 fade-right\"><h2>Our services<\/h2><ul class=\"pictos col-3\" style=\"\"  >\n<li><span class=\"fc-icon\"><svg xmlns=\"http:\/\/www.w3.org\/2000\/svg\"  viewBox=\"0 0 512 512\" width=\"16px\" height=\"16px\"><!--! Font Awesome Pro 6.4.2 by @fontawesome - https:\/\/fontawesome.com License - https:\/\/fontawesome.com\/license (Commercial License) Copyright 2023 Fonticons, Inc.--><path d=\"M64 131.9C64 112.1 80.1 96 99.9 96c9.5 0 18.6 3.8 25.4 10.5l16.2 16.2c-21 38.9-17.4 87.5 10.9 123L151 247c-9.4 9.4-9.4 24.6 0 33.9s24.6 9.4 33.9 0L345 121c9.4-9.4 9.4-24.6 0-33.9s-24.6-9.4-33.9 0l-1.3 1.3c-35.5-28.3-84.2-31.9-123-10.9L170.5 61.3C151.8 42.5 126.4 32 99.9 32C44.7 32 0 76.7 0 131.9V448c0 17.7 14.3 32 32 32s32-14.3 32-32V131.9zM256 352a32 32 0 1 0 0-64 32 32 0 1 0 0 64zm64 64a32 32 0 1 0 -64 0 32 32 0 1 0 64 0zm0-128a32 32 0 1 0 0-64 32 32 0 1 0 0 64zm64 64a32 32 0 1 0 -64 0 32 32 0 1 0 64 0zm0-128a32 32 0 1 0 0-64 32 32 0 1 0 0 64zm64 64a32 32 0 1 0 -64 0 32 32 0 1 0 64 0zm32-32a32 32 0 1 0 0-64 32 32 0 1 0 0 64z\"\/><\/svg><\/span>  2 spotless sanitary blocks with free hot showers, 1 of which is equipped for people with reduced mobility<\/li>\n\n<li><span class=\"fc-icon\"><svg xmlns=\"http:\/\/www.w3.org\/2000\/svg\"  viewBox=\"0 0 576 512\" width=\"16px\" height=\"16px\"><!--! Font Awesome Pro 6.4.2 by @fontawesome - https:\/\/fontawesome.com License - https:\/\/fontawesome.com\/license (Commercial License) Copyright 2023 Fonticons, Inc.--><path d=\"M253.3 35.1c6.1-11.8 1.5-26.3-10.2-32.4s-26.3-1.5-32.4 10.2L117.6 192H32c-17.7 0-32 14.3-32 32s14.3 32 32 32L83.9 463.5C91 492 116.6 512 146 512H430c29.4 0 55-20 62.1-48.5L544 256c17.7 0 32-14.3 32-32s-14.3-32-32-32H458.4L365.3 12.9C359.2 1.2 344.7-3.4 332.9 2.7s-16.3 20.6-10.2 32.4L404.3 192H171.7L253.3 35.1zM192 304v96c0 8.8-7.2 16-16 16s-16-7.2-16-16V304c0-8.8 7.2-16 16-16s16 7.2 16 16zm96-16c8.8 0 16 7.2 16 16v96c0 8.8-7.2 16-16 16s-16-7.2-16-16V304c0-8.8 7.2-16 16-16zm128 16v96c0 8.8-7.2 16-16 16s-16-7.2-16-16V304c0-8.8 7.2-16 16-16s16 7.2 16 16z\"\/><\/svg><\/span>  a small grocery store with daily bread and pastries (from 01\/04 to 31\/10)<\/li>\n\n<li><span class=\"fc-icon\"><svg xmlns=\"http:\/\/www.w3.org\/2000\/svg\"  viewBox=\"0 0 640 512\" width=\"16px\" height=\"16px\"><!--! Font Awesome Pro 6.4.2 by @fontawesome - https:\/\/fontawesome.com License - https:\/\/fontawesome.com\/license (Commercial License) Copyright 2023 Fonticons, Inc.--><path d=\"M54.2 202.9C123.2 136.7 216.8 96 320 96s196.8 40.7 265.8 106.9c12.8 12.2 33 11.8 45.2-.9s11.8-33-.9-45.2C549.7 79.5 440.4 32 320 32S90.3 79.5 9.8 156.7C-2.9 169-3.3 189.2 8.9 202s32.5 13.2 45.2 .9zM320 256c56.8 0 108.6 21.1 148.2 56c13.3 11.7 33.5 10.4 45.2-2.8s10.4-33.5-2.8-45.2C459.8 219.2 393 192 320 192s-139.8 27.2-190.5 72c-13.3 11.7-14.5 31.9-2.8 45.2s31.9 14.5 45.2 2.8c39.5-34.9 91.3-56 148.2-56zm64 160a64 64 0 1 0 -128 0 64 64 0 1 0 128 0z\"\/><\/svg><\/span>  a free WIFI point near reception<\/li>\n\n<li><span class=\"fc-icon\"><svg xmlns=\"http:\/\/www.w3.org\/2000\/svg\" viewBox=\"0 0 384 512\"><!--!Font Awesome Pro 6.6.0 by @fontawesome - https:\/\/fontawesome.com License - https:\/\/fontawesome.com\/license (Commercial License) Copyright 2024 Fonticons, Inc.--><path d=\"M183.2 1.7c-5-2.5-10.8-2.2-15.6 .7S160 10.5 160 16l0 190.7s0 0 0 0l0 63.2c9.2 1.4 19.8 2.2 32 2.2s22.8-.8 32-2.2l0-238c-.1-6-3.5-11.4-8.8-14.1l-32-16zM128 14.7l-.2-1.3c-.8-5-4-9.3-8.5-11.6s-9.9-2.3-14.4-.1l-32 16c-6.3 3.1-9.8 10-8.6 16.9l32 192c.5 1.2 .9 2.3 1.2 3.4c2 6.3 6.7 15.9 18.7 24.3c3.2 2.2 7.1 4.5 11.8 6.6l0-246.3zM40.3 85.6L19.9 80.5c-5.3-1.3-10.8 .1-14.8 3.8S-.7 93.4 .2 98.8l16.5 93.4c1.6-.1 3.1-.2 4.7-.2L48 192c3.6 0 7 .4 10.2 1L40.3 85.6zM383.8 98.8c.9-5.3-.9-10.8-4.8-14.5s-9.5-5.1-14.8-3.8L346.2 85l-19 107.8c2.8-.5 5.7-.8 8.8-.8l26.6 0c1.6 0 3.2 .1 4.7 .2l16.5-93.4zm-64-48c.9-5.3-.9-10.8-4.8-14.5s-9.5-5.1-14.8-3.8l-32 8C262 42 257.3 47 256.2 53.2l-.2 1.4L256 261c4.8-2.1 8.7-4.4 11.8-6.6c12-8.4 16.7-18 18.7-24.3c.7-2.3 1.7-4.7 2.8-7L319.8 50.8zM.6 250.5l57.5 237C61.6 501.9 74.4 512 89.2 512l205.7 0c14.8 0 27.6-10.1 31.1-24.5l57.5-237c.4-1.7 .6-3.3 .6-5.1c0-11.8-9.6-21.4-21.4-21.4L336 224c-8.8 0-16.3 7.2-18.9 15.7C309.7 263 283.7 304 192 304s-117.7-41-125.1-64.3C64.3 231.2 56.8 224 48 224l-26.6 0C9.6 224 0 233.6 0 245.4c0 1.7 .2 3.4 .6 5.1z\"\/><\/svg><\/span>  on-site snack bar and food-trucks in July and August<\/li>\n\n<li><span class=\"fc-icon\"><svg xmlns=\"http:\/\/www.w3.org\/2000\/svg\"  viewBox=\"0 0 576 512\" width=\"16px\" height=\"16px\"><!--! Font Awesome Pro 6.4.2 by @fontawesome - https:\/\/fontawesome.com License - https:\/\/fontawesome.com\/license (Commercial License) Copyright 2023 Fonticons, Inc.--><path d=\"M240 144A96 96 0 1 0 48 144a96 96 0 1 0 192 0zm44.4 32C269.9 240.1 212.5 288 144 288C64.5 288 0 223.5 0 144S64.5 0 144 0c68.5 0 125.9 47.9 140.4 112h71.8c8.8-9.8 21.6-16 35.8-16H496c26.5 0 48 21.5 48 48s-21.5 48-48 48H392c-14.2 0-27-6.2-35.8-16H284.4zM144 80a64 64 0 1 1 0 128 64 64 0 1 1 0-128zM400 240c13.3 0 24 10.7 24 24v8h96c13.3 0 24 10.7 24 24s-10.7 24-24 24H280c-13.3 0-24-10.7-24-24s10.7-24 24-24h96v-8c0-13.3 10.7-24 24-24zM288 464V352H512V464c0 26.5-21.5 48-48 48H336c-26.5 0-48-21.5-48-48zM48 320h80 16 32c26.5 0 48 21.5 48 48s-21.5 48-48 48H160c0 17.7-14.3 32-32 32H64c-17.7 0-32-14.3-32-32V336c0-8.8 7.2-16 16-16zm128 64c8.8 0 16-7.2 16-16s-7.2-16-16-16H160v32h16zM24 464H200c13.3 0 24 10.7 24 24s-10.7 24-24 24H24c-13.3 0-24-10.7-24-24s10.7-24 24-24z\"\/><\/svg><\/span>  a kitchenette with refrigerator, gas stove and microwave oven<\/li>\n\n<li><span class=\"fc-icon\"><svg xmlns=\"http:\/\/www.w3.org\/2000\/svg\"  viewBox=\"0 0 448 512\" width=\"16px\" height=\"16px\"><!--! Font Awesome Pro 6.4.2 by @fontawesome - https:\/\/fontawesome.com License - https:\/\/fontawesome.com\/license (Commercial License) Copyright 2023 Fonticons, Inc.--><path d=\"M224 0c17.7 0 32 14.3 32 32V62.1l15-15c9.4-9.4 24.6-9.4 33.9 0s9.4 24.6 0 33.9l-49 49v70.3l61.4-35.8 17.7-66.1c3.4-12.8 16.6-20.4 29.4-17s20.4 16.6 17 29.4l-5.2 19.3 23.6-13.8c15.3-8.9 34.9-3.7 43.8 11.5s3.8 34.9-11.5 43.8l-25.3 14.8 21.7 5.8c12.8 3.4 20.4 16.6 17 29.4s-16.6 20.4-29.4 17l-67.7-18.1L287.5 256l60.9 35.5 67.7-18.1c12.8-3.4 26 4.2 29.4 17s-4.2 26-17 29.4l-21.7 5.8 25.3 14.8c15.3 8.9 20.4 28.5 11.5 43.8s-28.5 20.4-43.8 11.5l-23.6-13.8 5.2 19.3c3.4 12.8-4.2 26-17 29.4s-26-4.2-29.4-17l-17.7-66.1L256 311.7v70.3l49 49c9.4 9.4 9.4 24.6 0 33.9s-24.6 9.4-33.9 0l-15-15V480c0 17.7-14.3 32-32 32s-32-14.3-32-32V449.9l-15 15c-9.4 9.4-24.6 9.4-33.9 0s-9.4-24.6 0-33.9l49-49V311.7l-61.4 35.8-17.7 66.1c-3.4 12.8-16.6 20.4-29.4 17s-20.4-16.6-17-29.4l5.2-19.3L48.1 395.6c-15.3 8.9-34.9 3.7-43.8-11.5s-3.7-34.9 11.5-43.8l25.3-14.8-21.7-5.8c-12.8-3.4-20.4-16.6-17-29.4s16.6-20.4 29.4-17l67.7 18.1L160.5 256 99.6 220.5 31.9 238.6c-12.8 3.4-26-4.2-29.4-17s4.2-26 17-29.4l21.7-5.8L15.9 171.6C.6 162.7-4.5 143.1 4.4 127.9s28.5-20.4 43.8-11.5l23.6 13.8-5.2-19.3c-3.4-12.8 4.2-26 17-29.4s26 4.2 29.4 17l17.7 66.1L192 200.3V129.9L143 81c-9.4-9.4-9.4-24.6 0-33.9s24.6-9.4 33.9 0l15 15V32c0-17.7 14.3-32 32-32z\"\/><\/svg><\/span>  a self-service freezer for your ice packs<\/li>\n\n<li><span class=\"fc-icon\"><svg xmlns=\"http:\/\/www.w3.org\/2000\/svg\"  viewBox=\"0 0 640 512\" width=\"16px\" height=\"16px\"><!--! Font Awesome Pro 6.4.2 by @fontawesome - https:\/\/fontawesome.com License - https:\/\/fontawesome.com\/license (Commercial License) Copyright 2023 Fonticons, Inc.--><path d=\"M224 16c0-8.8 7.2-16 16-16H368c8.8 0 16 7.2 16 16V32H512c53 0 96 43 96 96c0 17.7-14.3 32-32 32H384V416H254.4c1 5.2 1.6 10.5 1.6 16c0 44.2-35.8 80-80 80s-80-35.8-80-80c0-5.5 .6-10.8 1.6-16H96L18.7 338.7C6.7 326.7 0 310.5 0 293.5V96C0 60.7 28.7 32 64 32H224V16zM112 128c-8.8 0-16 7.2-16 16v64c0 8.8 7.2 16 16 16H240c8.8 0 16-7.2 16-16V144c0-8.8-7.2-16-16-16H112zm96 304a32 32 0 1 0 -64 0 32 32 0 1 0 64 0zm288 32a32 32 0 1 0 0-64 32 32 0 1 0 0 64zm-80-48V400 320 288 216 192h24 76.6c12.9 0 25.5 4.5 35.5 12.7l67.4 55.2c13 10.6 20.5 26.5 20.5 43.3V320v64c0 17.7-14.3 32-32 32H574.4c1 5.2 1.6 10.5 1.6 16c0 44.2-35.8 80-80 80s-80-35.8-80-80V416zM578.1 288l-56.5-46.2c-1.4-1.2-3.2-1.8-5.1-1.8H464v48H578.1z\"\/><\/svg><\/span>  a service area for motor homes<\/li>\n\n<li><span class=\"fc-icon\"><svg xmlns=\"http:\/\/www.w3.org\/2000\/svg\"  viewBox=\"0 0 448 512\" width=\"16px\" height=\"16px\"><!--! Font Awesome Pro 6.4.2 by @fontawesome - https:\/\/fontawesome.com License - https:\/\/fontawesome.com\/license (Commercial License) Copyright 2023 Fonticons, Inc.--><path d=\"M0 64C0 28.7 28.7 0 64 0H384c35.3 0 64 28.7 64 64V448c0 35.3-28.7 64-64 64H64c-35.3 0-64-28.7-64-64V64zM368 304A144 144 0 1 0 80 304a144 144 0 1 0 288 0zM88 112a24 24 0 1 0 0-48 24 24 0 1 0 0 48zM208 88a24 24 0 1 0 -48 0 24 24 0 1 0 48 0zm16 328c-61.9 0-112-50.1-112-112c0-16.5 3.6-32.2 10-46.3c7.4-1.1 14.8-1.7 22-1.7c32 0 56 16 80 32s48 32 80 32c10.9 0 21.4-.9 31.2-2.5C328.5 373 281.3 416 224 416z\"\/><\/svg><\/span>  two washing machines, a tumble dryer, communal washing lines, ironing board and iron<\/li>\n\n<li><span class=\"fc-icon\"><svg xmlns=\"http:\/\/www.w3.org\/2000\/svg\"  viewBox=\"0 0 512 512\" width=\"16px\" height=\"16px\"><!--! Font Awesome Pro 6.4.2 by @fontawesome - https:\/\/fontawesome.com License - https:\/\/fontawesome.com\/license (Commercial License) Copyright 2023 Fonticons, Inc.--><path d=\"M400 128a48 48 0 1 0 0-96 48 48 0 1 0 0 96zM35.1 226.7c-11.8-6.1-26.3-1.5-32.4 10.2s-1.5 26.3 10.2 32.4L396.4 468.4c27.3 14.2 59.7 14.4 87.2 .7l15.2-7.6c11.9-5.9 16.7-20.3 10.7-32.2s-20.3-16.7-32.2-10.7l-15.2 7.6c-13.7 6.9-29.9 6.7-43.6-.3l-41.7-21.6c4.5-5.5 7.2-12.5 7.2-20.2V304c0-26.5-21.5-48-48-48H301.3L361 196.3c25.2-25.2 7.4-68.3-28.3-68.3H160c-17.7 0-32 14.3-32 32s14.3 32 32 32h84l-59.2 40.3c-23.6 16.1-26 44.8-13.8 64.9L35.1 226.7zM320 320v54.6L214.7 320H320z\"\/><\/svg><\/span>  a playground for young children<\/li>\n\n<li><span class=\"fc-icon\"><svg xmlns=\"http:\/\/www.w3.org\/2000\/svg\"  viewBox=\"0 0 640 512\" width=\"16px\" height=\"16px\"><!--! Font Awesome Pro 6.4.2 by @fontawesome - https:\/\/fontawesome.com License - https:\/\/fontawesome.com\/license (Commercial License) Copyright 2023 Fonticons, Inc.--><path d=\"M480 288c-50.1 0-93.6 28.8-114.6 70.8L132.9 126.3l.6-.6 60.1-60.1c87.5-87.5 229.3-87.5 316.8 0c67.1 67.1 82.7 166.3 46.8 248.3C535.8 297.6 509 288 480 288zM113.3 151.9L354.1 392.7c-1.4 7.5-2.1 15.3-2.1 23.3c0 23.2 6.2 44.9 16.9 63.7c-3 .2-6.1 .3-9.2 .3H357c-33.9 0-66.5-13.5-90.5-37.5l-9.8-9.8c-13.1-13.1-34.6-12.4-46.8 1.7L152.2 501c-5.8 6.7-14.2 10.7-23 11s-17.5-3.1-23.8-9.4l-32-32c-6.3-6.3-9.7-14.9-9.4-23.8s4.3-17.2 11-23l66.6-57.7c14-12.2 14.8-33.7 1.7-46.8l-9.8-9.8c-24-24-37.5-56.6-37.5-90.5v-2.7c0-22.8 6.1-44.9 17.3-64.3zM480 320a96 96 0 1 1 0 192 96 96 0 1 1 0-192z\"\/><\/svg><\/span>  a games room for older children with table soccer, billiards and table tennis<\/li>\n\n<li><span class=\"fc-icon\"><svg xmlns=\"http:\/\/www.w3.org\/2000\/svg\" viewBox=\"0 0 512 512\"><!--!Font Awesome Free 6.6.0 by @fontawesome - https:\/\/fontawesome.com License - https:\/\/fontawesome.com\/license\/free Copyright 2024 Fonticons, Inc.--><path d=\"M144 16c0-8.8-7.2-16-16-16s-16 7.2-16 16l0 16L96 32c-8.8 0-16 7.2-16 16s7.2 16 16 16l16 0 0 32L60.2 96C49.1 96 40 105.1 40 116.2c0 2.5 .5 4.9 1.3 7.3L73.8 208 72 208c-13.3 0-24 10.7-24 24s10.7 24 24 24l4 0L60 384l136 0L180 256l4 0c13.3 0 24-10.7 24-24s-10.7-24-24-24l-1.8 0 32.5-84.5c.9-2.3 1.3-4.8 1.3-7.3c0-11.2-9.1-20.2-20.2-20.2L144 96l0-32 16 0c8.8 0 16-7.2 16-16s-7.2-16-16-16l-16 0 0-16zM48 416L4.8 473.6C1.7 477.8 0 482.8 0 488c0 13.3 10.7 24 24 24l208 0c13.3 0 24-10.7 24-24c0-5.2-1.7-10.2-4.8-14.4L208 416 48 416zm288 0l-43.2 57.6c-3.1 4.2-4.8 9.2-4.8 14.4c0 13.3 10.7 24 24 24l176 0c13.3 0 24-10.7 24-24c0-5.2-1.7-10.2-4.8-14.4L464 416l-128 0zM304 208l0 51.9c0 7.8 2.8 15.3 8 21.1L339.2 312 337 384l125.5 0-3.3-72 28.3-30.8c5.4-5.9 8.5-13.6 8.5-21.7l0-51.5c0-8.8-7.2-16-16-16l-16 0c-8.8 0-16 7.2-16 16l0 16-24 0 0-16c0-8.8-7.2-16-16-16l-16 0c-8.8 0-16 7.2-16 16l0 16-24 0 0-16c0-8.8-7.2-16-16-16l-16 0c-8.8 0-16 7.2-16 16zm80 96c0-8.8 7.2-16 16-16s16 7.2 16 16l0 32-32 0 0-32z\"\/><\/svg><\/span> <span class=\"fc-span\">a library and board games,<br\/><strong>entertainment in the barn<\/strong>: Moules-Frites evenings on Mondays, Barbecue evenings on Wednesdays&#8230;<\/span><\/li>\n<\/ul><\/div><div class=\"columns sec-10 sec-10-c fade-up\" style=\"align-items:center;\"><div class=\"columns__item texte\" style=\"align-self:center;flex-basis:40.5%;\"><h2 class=\"h2\">A quiet campsite <span class=\"fc-span\">in Brittany<\/span><\/h2><p  style=\"\"  >We are first and foremost a <strong>family campsite<\/strong>.\nEnjoy a relaxing experience and total immersion with nature, in a setting <strong>close to the sea<\/strong>.\nThanks to the satisfaction of our visitors, we are also renowned for the <strong>calm and restful surroundings<\/strong> we have to offer.\nAlone, with family or friends, for a night or several days, everyone is welcome at Camping le Fr\u00eache \u00e0 l&#8217;\u00e2ne.   <\/p><div class=\"fc-lireplus fc-desk\"style=\"\"><p  style=\"\"  >Read more  <span class=\"fc-icon\"><svg xmlns=\"http:\/\/www.w3.org\/2000\/svg\"  viewBox=\"0 0 320 512\" width=\"16px\" height=\"16px\"><!--! Font Awesome Pro 6.4.2 by @fontawesome - https:\/\/fontawesome.com License - https:\/\/fontawesome.com\/license (Commercial License) Copyright 2023 Fonticons, Inc.--><path d=\"M301.7 250.3c3.1 3.1 3.1 8.2 0 11.3l-216 216c-3.1 3.1-8.2 3.1-11.3 0s-3.1-8.2 0-11.3L284.7 256 74.3 45.7c-3.1-3.1-3.1-8.2 0-11.3s8.2-3.1 11.3 0l216 216z\"\/><\/svg><\/span><\/p><div class=\"group\"><p  style=\"\" id=\"149\" >Our position is strategically ideal for <strong>hikers on the GR34<\/strong> or <strong>cyclists<\/strong> on the V\u00e9lomaritime EV4 wishing to rest for the night.\nWe&#8217;re close to <a href=\"https:\/\/www.camping-frechealane.com\/de\/alentours\/le-cap-derquy\/\" data-type=\"alentours\" data-id=\"149\">Cap d&#8217;Erquy<\/a>, famous for its scallops and unmissable scenery.\nBut also <a href=\"https:\/\/www.camping-frechealane.com\/de\/alentours\/le-cap-frehel\/\" data-type=\"alentours\" data-id=\"150\">Cap Fr\u00e9hel<\/a>, with its famous <a href=\"https:\/\/www.camping-frechealane.com\/de\/alentours\/le-fort-la-latte\/\" data-type=\"alentours\" data-id=\"152\">Fort La Latte<\/a>.\nNumerous historic monuments and breathtaking seascapes await you during your stay in C\u00f4tes-d&#8217;Armor.\nAnd there&#8217;s plenty to <a href=\"https:\/\/www.camping-frechealane.com\/en\/tourisme-cotes-darmor\/\" data-type=\"page\" data-id=\"140\">do<\/a> nearby!    <\/p><\/div><\/div><h3>A campsite close to nature<\/h3><p  style=\"\"  >Recharge your batteries and enjoy a privileged stay in our <strong>natural, calm and zen campsite<\/strong>.\nExperience a true moment of tranquility in a charming setting.\nIn these forests and green spaces, everything is done to ensure a <strong>vacation of well-being<\/strong>.\nEnjoy plenty of rest and relaxation, away from the hustle and bustle of everyday life, and listen to the birdsong.   <\/p><div class=\"fc-lireplus fc-desk\"style=\"\"><p  style=\"\"  >Read more  <span class=\"fc-icon\"><svg xmlns=\"http:\/\/www.w3.org\/2000\/svg\"  viewBox=\"0 0 320 512\" width=\"16px\" height=\"16px\"><!--! Font Awesome Pro 6.4.2 by @fontawesome - https:\/\/fontawesome.com License - https:\/\/fontawesome.com\/license (Commercial License) Copyright 2023 Fonticons, Inc.--><path d=\"M301.7 250.3c3.1 3.1 3.1 8.2 0 11.3l-216 216c-3.1 3.1-8.2 3.1-11.3 0s-3.1-8.2 0-11.3L284.7 256 74.3 45.7c-3.1-3.1-3.1-8.2 0-11.3s8.2-3.1 11.3 0l216 216z\"\/><\/svg><\/span><\/p><div class=\"group\"><p  style=\"\"  >Want to discover the region?\nTake advantage of Camping le Fr\u00eache \u00e0 l&#8217;\u00e2ne&#8217;s<strong>ideal location<\/strong> to <strong>explore the riches of the C\u00f4tes-d&#8217;Armor<\/strong>.\nWe&#8217;re a natural campsite, immersed in an environment that promotes rest, tranquility, relaxation and well-being.\nRelax on our spacious, natural, clean and well-kept pitches.\nDiscover the richness of the region&#8217;s fragrances, colors, flavors and traditions in a campsite surrounded by nature.\nFinally, with rested eyes, simply contemplate the extraordinary panorama offered by our peaceful campsite.     <\/p><\/div><\/div><div class=\"fc-boutons\"><a href=\"https:\/\/www.camping-frechealane.com\/en\/gallery\/\" rel=\"noreferrer noopener\" rel=\"noreferrer noopener\" rel=\"noreferrer noopener\" rel=\"noreferrer noopener\" class=\"boutons__btn\">Discover the campsite in photos  <span class=\"fc-icon\"><svg xmlns=\"http:\/\/www.w3.org\/2000\/svg\"  viewBox=\"0 0 448 512\" width=\"16px\" height=\"16px\"><!--! Font Awesome Pro 6.4.2 by @fontawesome - https:\/\/fontawesome.com License - https:\/\/fontawesome.com\/license (Commercial License) Copyright 2023 Fonticons, Inc.--><path d=\"M438.6 278.6c12.5-12.5 12.5-32.8 0-45.3l-160-160c-12.5-12.5-32.8-12.5-45.3 0s-12.5 32.8 0 45.3L338.8 224 32 224c-17.7 0-32 14.3-32 32s14.3 32 32 32l306.7 0L233.4 393.4c-12.5 12.5-12.5 32.8 0 45.3s32.8 12.5 45.3 0l160-160z\"\/><\/svg><\/span><\/a><\/div><\/div><div class=\"columns__item galerie  fade-right\" style=\"align-self:center;\"><div class=\"fc-galerie fc-auto col-2 f-carousel fc-diapo-mob\" data-fancybox=\"gallery-mob\"><figure class=\"fc-galerie__item\" ><picture><source srcset=\"https:\/\/www.camping-frechealane.com\/wp-content\/uploads\/2024\/09\/coin_cuisine-420x315.jpg\" media=\"(max-width: 210px)\"><source srcset=\"https:\/\/www.camping-frechealane.com\/wp-content\/uploads\/2024\/09\/coin_cuisine-768x576.jpg\" media=\"(max-width: 421px)\"><source srcset=\"https:\/\/www.camping-frechealane.com\/wp-content\/uploads\/2024\/09\/coin_cuisine-1024x768.jpg\" media=\"(max-width: 1024px)\"><source srcset=\"https:\/\/www.camping-frechealane.com\/wp-content\/uploads\/2024\/09\/coin_cuisine.jpg\" media=\"(min-width: 1025px)\"><img decoding=\"async\" width=\"420\" height=\"210\" src=\"https:\/\/www.camping-frechealane.com\/wp-content\/uploads\/2024\/09\/coin_cuisine-210x210.jpg\" alt=\"Campsite le Fr\u00eache \u00e0 l&#039;\u00c2ne \" loading=\"lazy\" title=\"\"><\/picture><\/figure><figure class=\"fc-galerie__item\" ><picture><source srcset=\"https:\/\/www.camping-frechealane.com\/wp-content\/uploads\/2024\/09\/salle_de_jeux-420x315.jpg\" media=\"(max-width: 210px)\"><source srcset=\"https:\/\/www.camping-frechealane.com\/wp-content\/uploads\/2024\/09\/salle_de_jeux-768x576.jpg\" media=\"(max-width: 421px)\"><source srcset=\"https:\/\/www.camping-frechealane.com\/wp-content\/uploads\/2024\/09\/salle_de_jeux-1024x768.jpg\" media=\"(max-width: 1024px)\"><source srcset=\"https:\/\/www.camping-frechealane.com\/wp-content\/uploads\/2024\/09\/salle_de_jeux.jpg\" media=\"(min-width: 1025px)\"><img decoding=\"async\" width=\"420\" height=\"210\" src=\"https:\/\/www.camping-frechealane.com\/wp-content\/uploads\/2024\/09\/salle_de_jeux-210x210.jpg\" alt=\"Campsite le Fr\u00eache \u00e0 l&#039;\u00c2ne \" loading=\"lazy\" title=\"\"><\/picture><\/figure><figure class=\"fc-galerie__item\" ><picture><source srcset=\"https:\/\/www.camping-frechealane.com\/wp-content\/uploads\/2024\/09\/barbecue-420x315.jpg\" media=\"(max-width: 210px)\"><source srcset=\"https:\/\/www.camping-frechealane.com\/wp-content\/uploads\/2024\/09\/barbecue-768x576.jpg\" media=\"(max-width: 421px)\"><source srcset=\"https:\/\/www.camping-frechealane.com\/wp-content\/uploads\/2024\/09\/barbecue-1024x768.jpg\" media=\"(max-width: 1024px)\"><source srcset=\"https:\/\/www.camping-frechealane.com\/wp-content\/uploads\/2024\/09\/barbecue.jpg\" media=\"(min-width: 1025px)\"><img decoding=\"async\" width=\"420\" height=\"210\" src=\"https:\/\/www.camping-frechealane.com\/wp-content\/uploads\/2024\/09\/barbecue-210x210.jpg\" alt=\"Campsite le Fr\u00eache \u00e0 l&#039;\u00c2ne \" loading=\"lazy\" title=\"\"><\/picture><\/figure><\/div><\/div><\/div>","protected":false},"excerpt":{"rendered":"<p>The campsite is open from April 1 to October 31, 2024 The Campsite Who we are Le Fr\u00eache \u00e0 l&#8217;\u00e2ne campsite offers 80 pitches on 2 hectares of land, with panoramic views over the valley and countryside. A true family campsite, just 1km from the sea. The spacious, terraced pitches are bordered by hedges and [&hellip;]<\/p>\n","protected":false},"author":1,"featured_media":0,"parent":0,"menu_order":0,"comment_status":"open","ping_status":"open","template":"","meta":{"_acf_changed":false,"footnotes":""},"acf":[],"_links":{"self":[{"href":"https:\/\/www.camping-frechealane.com\/en\/wp-json\/wp\/v2\/pages\/1427"}],"collection":[{"href":"https:\/\/www.camping-frechealane.com\/en\/wp-json\/wp\/v2\/pages"}],"about":[{"href":"https:\/\/www.camping-frechealane.com\/en\/wp-json\/wp\/v2\/types\/page"}],"author":[{"embeddable":true,"href":"https:\/\/www.camping-frechealane.com\/en\/wp-json\/wp\/v2\/users\/1"}],"replies":[{"embeddable":true,"href":"https:\/\/www.camping-frechealane.com\/en\/wp-json\/wp\/v2\/comments?post=1427"}],"version-history":[{"count":4,"href":"https:\/\/www.camping-frechealane.com\/en\/wp-json\/wp\/v2\/pages\/1427\/revisions"}],"predecessor-version":[{"id":1909,"href":"https:\/\/www.camping-frechealane.com\/en\/wp-json\/wp\/v2\/pages\/1427\/revisions\/1909"}],"wp:attachment":[{"href":"https:\/\/www.camping-frechealane.com\/en\/wp-json\/wp\/v2\/media?parent=1427"}],"curies":[{"name":"wp","href":"https:\/\/api.w.org\/{rel}","templated":true}]}}