{"id":1431,"date":"2024-08-05T17:18:30","date_gmt":"2024-08-05T15:18:30","guid":{"rendered":"https:\/\/www.camping-frechealane.com\/bungalow-toiles\/"},"modified":"2024-09-16T11:55:46","modified_gmt":"2024-09-16T09:55:46","slug":"bungalow-toiles","status":"publish","type":"page","link":"https:\/\/www.camping-frechealane.com\/en\/bungalow-toiles\/","title":{"rendered":"Canvas bungalows"},"content":{"rendered":"<div class=\"diaporama-header align-full\"><div class=\"fc-galerie fc-auto\"><figure class=\"fc-galerie__item skip-lazy no-lazy fc-auto\" ><picture><source srcset=\"https:\/\/www.camping-frechealane.com\/wp-content\/uploads\/2024\/08\/emplacement-bungalow-toile-transformed-1-420x236.webp\" media=\"(max-width: 210px)\"><source srcset=\"https:\/\/www.camping-frechealane.com\/wp-content\/uploads\/2024\/08\/emplacement-bungalow-toile-transformed-1-415x830.webp\" media=\"(max-width: 421px)\"><source srcset=\"https:\/\/www.camping-frechealane.com\/wp-content\/uploads\/2024\/08\/emplacement-bungalow-toile-transformed-1-1024x576.webp\" media=\"(max-width: 1024px)\"><source srcset=\"https:\/\/www.camping-frechealane.com\/wp-content\/uploads\/2024\/08\/emplacement-bungalow-toile-transformed-1.webp\" media=\"(min-width: 1025px)\"><img loading=\"lazy\" decoding=\"async\" width=\"420\" height=\"210\" src=\"https:\/\/www.camping-frechealane.com\/wp-content\/uploads\/2024\/08\/emplacement-bungalow-toile-transformed-1-210x210.webp\" alt=\"Campsite le Fr\u00eache \u00e0 l&#039;\u00c2ne \" title=\"\"><\/picture><\/figure><\/div><div class=\"diaporama-header__inner\"><p  style=\"text-align: center;\"  >The campsite is open from April 1 to October 31, 2024<\/p><div class=\"fc-boutons display-flex \" style=\"justify-content:center;\"><span class=\"boutons__btn btn_resa is-style-resa\"><span class=\"fc-icon\"><svg xmlns=\"http:\/\/www.w3.org\/2000\/svg\"  viewBox=\"0 0 448 512\" width=\"16px\" height=\"16px\"><!--! Font Awesome Pro 6.4.2 by @fontawesome - https:\/\/fontawesome.com License - https:\/\/fontawesome.com\/license (Commercial License) Copyright 2023 Fonticons, Inc.--><path d=\"M128 0c17.7 0 32 14.3 32 32V64H288V32c0-17.7 14.3-32 32-32s32 14.3 32 32V64h48c26.5 0 48 21.5 48 48v48H0V112C0 85.5 21.5 64 48 64H96V32c0-17.7 14.3-32 32-32zM0 192H448V464c0 26.5-21.5 48-48 48H48c-26.5 0-48-21.5-48-48V192zM329 305c9.4-9.4 9.4-24.6 0-33.9s-24.6-9.4-33.9 0l-95 95-47-47c-9.4-9.4-24.6-9.4-33.9 0s-9.4 24.6 0 33.9l64 64c9.4 9.4 24.6 9.4 33.9 0L329 305z\"\/><\/svg><\/span>  Look for your stay!<\/span><\/div><\/div><\/div><div class=\"columns sec-10 sec-10-b reverse-mob fade-up\" style=\"align-items:center;\"><div class=\"columns__item fade-left\" style=\"align-self:center;flex-basis:60%;\"><figure class=\"\"><picture><source srcset=\"https:\/\/www.camping-frechealane.com\/wp-content\/uploads\/2024\/08\/coin-repas-bungalow-toile.jpg-420x315.webp\" media=\"(max-width: 210px)\"><source srcset=\"https:\/\/www.camping-frechealane.com\/wp-content\/uploads\/2024\/08\/coin-repas-bungalow-toile.jpg-768x576.webp\" media=\"(max-width: 421px)\"><source srcset=\"https:\/\/www.camping-frechealane.com\/wp-content\/uploads\/2024\/08\/coin-repas-bungalow-toile.jpg.webp\" media=\"(max-width: 1024px)\"><source srcset=\"https:\/\/www.camping-frechealane.com\/wp-content\/uploads\/2024\/08\/coin-repas-bungalow-toile.jpg.webp\" media=\"(min-width: 1025px)\"><img decoding=\"async\" width=\"420\" height=\"210\" src=\"https:\/\/www.camping-frechealane.com\/wp-content\/uploads\/2024\/08\/coin-repas-bungalow-toile.jpg-210x210.webp\" alt=\"Campsite le Fr\u00eache \u00e0 l&#039;\u00c2ne \" loading=\"lazy\" title=\"\"><\/picture><\/figure><\/div><div class=\"columns__item texte\" style=\"align-self:center;flex-basis:36%;\"><h1>Our canvas bungalows in C\u00f4tes-d&#8217;Armor<\/h1><p  style=\"\"  >You want <strong>a vacation close to nature<\/strong> with your children or friends.\nYou want to keep <strong>the<\/strong> &#8221; <strong>camping spirit<\/strong> &#8221; without compromising on comfort: you&#8217;ll love the canvas bungalow!\nWith this <strong>atypical concept<\/strong>, enjoy a close-to-nature experience <strong>that combines comfort with the pleasure of camping<\/strong>.  <\/p><p  style=\"\"  >Discover a <strong>canvas bungalow in C\u00f4tes-d&#8217;Armor<\/strong>, a little linen house with living room, bedroom, wooden terrace, etc. Children love them.\nExperience <strong>family camping in Brittany<\/strong> without having to worry about bringing your own tent and tools.\nThe kitchen is fully equipped with everything you need for cooking.\nEnjoy your morning coffee with birdsong on <strong>the bungalow&#8217;s covered terrace<\/strong>.   <\/p><div class=\"fc-boutons\"><span class=\"boutons__btn btn_resa_loc is-style-resa\"><span class=\"fc-icon\"><svg xmlns=\"http:\/\/www.w3.org\/2000\/svg\"  viewBox=\"0 0 512 512\" width=\"16px\" height=\"16px\"><!--! Font Awesome Pro 6.4.2 by @fontawesome - https:\/\/fontawesome.com License - https:\/\/fontawesome.com\/license (Commercial License) Copyright 2023 Fonticons, Inc.--><path d=\"M416 208c0 45.9-14.9 88.3-40 122.7L502.6 457.4c12.5 12.5 12.5 32.8 0 45.3s-32.8 12.5-45.3 0L330.7 376c-34.4 25.2-76.8 40-122.7 40C93.1 416 0 322.9 0 208S93.1 0 208 0S416 93.1 416 208zM208 352a144 144 0 1 0 0-288 144 144 0 1 0 0 288z\"\/><\/svg><\/span>  Book your bungalow<\/span><\/div><\/div><\/div><div class=\"group fade-left\"><h2>C\u00f4tes-d&#8217;Armor<br\/>Bungalow Toil\u00e9s at Pl\u00e9boulle campsite<\/h2><p  style=\"\"  >Canvas bungalows allow you to spend your <strong>vacations close to nature<\/strong>.\nTheir affordable price means you can invite your family and friends to spend the vacation with you.\nAt Camping Fr\u00eache \u00e0 l&#8217;\u00e2ne, you can choose between two types of bungalow (4-person bungalow and 5-person bungalow).  <\/p><p  style=\"\"  >Have breakfast overlooking a peaceful, green setting, play cards with the kids, etc&#8230; The terrace is a real asset.\nThis living space allows you to spend the day and evening outdoors.\nAn important detail on a sunny day.\nTo fully experience the spirit of camping in Brittany&#8217;s C\u00f4tes-d&#8217;Armor region, rent a <strong>canvas bungalow<\/strong> at Camping Fr\u00eache \u00e0 l&#8217;\u00e2ne.   <\/p><\/div><div class=\"columns sec-10 sec-10-a reverse-mob fade-up has-fond-background-color has-background align-full\" style=\"align-items:center;background-color:var(--fond);\"><div class=\"columns__item texte\" style=\"align-self:center;\"><p class=\"h2\" style=\"\"  ><span class=\"fc-span\">5-seater<\/span> canvas bungalow<\/p><p  style=\"\"  ><strong>Price:<\/strong> from \u20ac245 per week<\/p><p  style=\"\"  ><strong>Capacity: <\/strong>5 people<\/p><h2 class=\"h4\">Features of the 5-seater Toil\u00e9 bungalow in C\u00f4tes-d&#8217;Armor<\/h2><p  style=\"\" id=\"132\" >Discover our<strong> 5-seater canvas bungalow<\/strong>, located in the charming <a href=\"https:\/\/www.camping-frechealane.com\/en\/\" data-type=\"page\" data-id=\"132\">Pl\u00e9boulle campsite in the C\u00f4tes d&#8217;Armor region<\/a>.\nWith a surface area of 20m\u00b2, this accommodation offers all the comforts you need for <strong>a pleasant stay in Pl\u00e9boulle<\/strong>, complemented by a 10m\u00b2 covered terrace perfect for your moments of outdoor relaxation.\nIt comprises two bedrooms: one with a 140\u00d7190 cm double bed, and the other equipped with an 80\u00d7190 cm single bed and two 80\u00d7190 cm bunk beds, with comforters and pillows provided for all bedding.  <\/p><div class=\"fc-lireplus fc-desk\"style=\"\"><p  style=\"\"  >Read more  <span class=\"fc-icon\"><svg xmlns=\"http:\/\/www.w3.org\/2000\/svg\"  viewBox=\"0 0 320 512\" width=\"16px\" height=\"16px\"><!--! Font Awesome Pro 6.4.2 by @fontawesome - https:\/\/fontawesome.com License - https:\/\/fontawesome.com\/license (Commercial License) Copyright 2023 Fonticons, Inc.--><path d=\"M301.7 250.3c3.1 3.1 3.1 8.2 0 11.3l-216 216c-3.1 3.1-8.2 3.1-11.3 0s-3.1-8.2 0-11.3L284.7 256 74.3 45.7c-3.1-3.1-3.1-8.2 0-11.3s8.2-3.1 11.3 0l216 216z\"\/><\/svg><\/span><\/p><div class=\"group\"><p  style=\"\"  >The <strong>kitchenette is fully equipped<\/strong> with gas hob, microwave, coffee maker, fridge and all necessary crockery.\nEvery room, including the terrace, is equipped with lighting.\nFor your <strong>comfort and security<\/strong>, a kitchen and sanitary facilities are integrated, as is secure parking.\nPlease note that pets are not allowed in this category of accommodation.\nCome and enjoy an <strong>unforgettable stay in our canvas bungalow.<\/strong>    <\/p><\/div><\/div><div class=\"fc-boutons display-flex \" style=\"justify-content:center;\"><span class=\"boutons__btn btn_resa_id_74818 is-style-resa\"><span class=\"fc-icon\"><svg xmlns=\"http:\/\/www.w3.org\/2000\/svg\"  viewBox=\"0 0 576 512\" width=\"16px\" height=\"16px\"><!--! Font Awesome Pro 6.4.2 by @fontawesome - https:\/\/fontawesome.com License - https:\/\/fontawesome.com\/license (Commercial License) Copyright 2023 Fonticons, Inc.--><path d=\"M269.4 6C280.5-2 295.5-2 306.6 6l224 160c7.4 5.3 12.2 13.5 13.2 22.5l32 288c1 9-1.9 18.1-8 24.9s-14.7 10.7-23.8 10.7H416L288 288V512H32c-9.1 0-17.8-3.9-23.8-10.7s-9-15.8-8-24.9l32-288c1-9 5.8-17.2 13.2-22.5L269.4 6z\"\/><\/svg><\/span>  Book this bungalow<\/span><\/div><\/div><div class=\"columns__item galerie fade-right\" style=\"align-self:center;\"><div class=\"fc-galerie col-2 f-carousel fc-diapo-mob\" data-fancybox=\"gallery-mob\"><figure class=\"fc-galerie__item\" ><picture><source srcset=\"https:\/\/www.camping-frechealane.com\/wp-content\/uploads\/2024\/09\/IMG_0749-420x280.webp\" media=\"(max-width: 210px)\"><source srcset=\"https:\/\/www.camping-frechealane.com\/wp-content\/uploads\/2024\/09\/IMG_0749-768x512.webp\" media=\"(max-width: 421px)\"><source srcset=\"https:\/\/www.camping-frechealane.com\/wp-content\/uploads\/2024\/09\/IMG_0749-1024x683.webp\" media=\"(max-width: 1024px)\"><source srcset=\"https:\/\/www.camping-frechealane.com\/wp-content\/uploads\/2024\/09\/IMG_0749.webp\" media=\"(min-width: 1025px)\"><img decoding=\"async\" width=\"420\" height=\"210\" src=\"https:\/\/www.camping-frechealane.com\/wp-content\/uploads\/2024\/09\/IMG_0749-210x210.webp\" alt=\"Campsite le Fr\u00eache \u00e0 l&#039;\u00c2ne \" loading=\"lazy\" title=\"\"><\/picture><\/figure><figure class=\"fc-galerie__item\" ><picture><source srcset=\"https:\/\/www.camping-frechealane.com\/wp-content\/uploads\/2024\/09\/IMG_0756-420x280.webp\" media=\"(max-width: 210px)\"><source srcset=\"https:\/\/www.camping-frechealane.com\/wp-content\/uploads\/2024\/09\/IMG_0756-768x512.webp\" media=\"(max-width: 421px)\"><source srcset=\"https:\/\/www.camping-frechealane.com\/wp-content\/uploads\/2024\/09\/IMG_0756-1024x683.webp\" media=\"(max-width: 1024px)\"><source srcset=\"https:\/\/www.camping-frechealane.com\/wp-content\/uploads\/2024\/09\/IMG_0756.webp\" media=\"(min-width: 1025px)\"><img decoding=\"async\" width=\"420\" height=\"210\" src=\"https:\/\/www.camping-frechealane.com\/wp-content\/uploads\/2024\/09\/IMG_0756-210x210.webp\" alt=\"Campsite le Fr\u00eache \u00e0 l&#039;\u00c2ne \" loading=\"lazy\" title=\"\"><\/picture><\/figure><figure class=\"fc-galerie__item\" ><picture><source srcset=\"https:\/\/www.camping-frechealane.com\/wp-content\/uploads\/2024\/08\/chambre-triple-bungalow-toile.jpg-420x315.webp\" media=\"(max-width: 210px)\"><source srcset=\"https:\/\/www.camping-frechealane.com\/wp-content\/uploads\/2024\/08\/chambre-triple-bungalow-toile.jpg-768x576.webp\" media=\"(max-width: 421px)\"><source srcset=\"https:\/\/www.camping-frechealane.com\/wp-content\/uploads\/2024\/08\/chambre-triple-bungalow-toile.jpg.webp\" media=\"(max-width: 1024px)\"><source srcset=\"https:\/\/www.camping-frechealane.com\/wp-content\/uploads\/2024\/08\/chambre-triple-bungalow-toile.jpg.webp\" media=\"(min-width: 1025px)\"><img decoding=\"async\" width=\"420\" height=\"210\" src=\"https:\/\/www.camping-frechealane.com\/wp-content\/uploads\/2024\/08\/chambre-triple-bungalow-toile.jpg-210x210.webp\" alt=\"Campsite le Fr\u00eache \u00e0 l&#039;\u00c2ne \" loading=\"lazy\" title=\"\"><\/picture><\/figure><\/div><\/div><\/div><div class=\"columns sec-10 sec-10-b fade-right\" style=\"align-items:center;\"><div class=\"columns__item fade-left\" style=\"align-self:center;flex-basis:60%;\"><div class=\"fc-galerie col-2 f-carousel fc-diapo-mob\" data-fancybox=\"gallery-mob\"><figure class=\"fc-galerie__item\" ><picture><source srcset=\"https:\/\/www.camping-frechealane.com\/wp-content\/uploads\/2024\/08\/00000584160.jpg-420x315.webp\" media=\"(max-width: 210px)\"><source srcset=\"https:\/\/www.camping-frechealane.com\/wp-content\/uploads\/2024\/08\/00000584160.jpg-768x576.webp\" media=\"(max-width: 421px)\"><source srcset=\"https:\/\/www.camping-frechealane.com\/wp-content\/uploads\/2024\/08\/00000584160.jpg.webp\" media=\"(max-width: 1024px)\"><source srcset=\"https:\/\/www.camping-frechealane.com\/wp-content\/uploads\/2024\/08\/00000584160.jpg.webp\" media=\"(min-width: 1025px)\"><img decoding=\"async\" width=\"420\" height=\"210\" src=\"https:\/\/www.camping-frechealane.com\/wp-content\/uploads\/2024\/08\/00000584160.jpg-210x210.webp\" alt=\"Campsite le Fr\u00eache \u00e0 l&#039;\u00c2ne \" loading=\"lazy\" title=\"\"><\/picture><\/figure><figure class=\"fc-galerie__item\" ><picture><source srcset=\"https:\/\/www.camping-frechealane.com\/wp-content\/uploads\/2024\/08\/00000584164-420x315.webp\" media=\"(max-width: 210px)\"><source srcset=\"https:\/\/www.camping-frechealane.com\/wp-content\/uploads\/2024\/08\/00000584164-768x576.webp\" media=\"(max-width: 421px)\"><source srcset=\"https:\/\/www.camping-frechealane.com\/wp-content\/uploads\/2024\/08\/00000584164.webp\" media=\"(max-width: 1024px)\"><source srcset=\"https:\/\/www.camping-frechealane.com\/wp-content\/uploads\/2024\/08\/00000584164.webp\" media=\"(min-width: 1025px)\"><img decoding=\"async\" width=\"420\" height=\"210\" src=\"https:\/\/www.camping-frechealane.com\/wp-content\/uploads\/2024\/08\/00000584164-210x210.webp\" alt=\"Campsite le Fr\u00eache \u00e0 l&#039;\u00c2ne \" loading=\"lazy\" title=\"\"><\/picture><\/figure><figure class=\"fc-galerie__item\" ><picture><source srcset=\"https:\/\/www.camping-frechealane.com\/wp-content\/uploads\/2024\/08\/00000584162-420x315.webp\" media=\"(max-width: 210px)\"><source srcset=\"https:\/\/www.camping-frechealane.com\/wp-content\/uploads\/2024\/08\/00000584162-768x576.webp\" media=\"(max-width: 421px)\"><source srcset=\"https:\/\/www.camping-frechealane.com\/wp-content\/uploads\/2024\/08\/00000584162.webp\" media=\"(max-width: 1024px)\"><source srcset=\"https:\/\/www.camping-frechealane.com\/wp-content\/uploads\/2024\/08\/00000584162.webp\" media=\"(min-width: 1025px)\"><img decoding=\"async\" width=\"420\" height=\"210\" src=\"https:\/\/www.camping-frechealane.com\/wp-content\/uploads\/2024\/08\/00000584162-210x210.webp\" alt=\"Campsite le Fr\u00eache \u00e0 l&#039;\u00c2ne \" loading=\"lazy\" title=\"\"><\/picture><\/figure><\/div><\/div><div class=\"columns__item texte\" style=\"align-self:center;flex-basis:36%;\"><p class=\"h2\" style=\"\"  ><span class=\"fc-span\">4-seater<\/span> canvas bungalow<\/p><p  style=\"\"  ><strong>Price:<\/strong> from \u20ac210 per week<\/p><p  style=\"\"  ><strong>Capacity: <\/strong>4 people<\/p><h2 class=\"h4\">Features of the 4-seater canvas bungalow in C\u00f4tes-d&#8217;Armor<\/h2><p  style=\"\"  >Ideal for a family or small group of 4, our canvas bungalow offers <strong>30 m\u00b2 of comfort and tranquility<\/strong>.\nLocated in an exceptional natural setting, it&#8217;s the perfect place to enjoy the calm of nature after long walks along the seafront,<strong> between Cap Fr\u00e9hel and Fort La Latte<\/strong>. <\/p><div class=\"fc-lireplus fc-desk\"style=\"\"><p  style=\"\"  >Read more  <span class=\"fc-icon\"><svg xmlns=\"http:\/\/www.w3.org\/2000\/svg\"  viewBox=\"0 0 320 512\" width=\"16px\" height=\"16px\"><!--! Font Awesome Pro 6.4.2 by @fontawesome - https:\/\/fontawesome.com License - https:\/\/fontawesome.com\/license (Commercial License) Copyright 2023 Fonticons, Inc.--><path d=\"M301.7 250.3c3.1 3.1 3.1 8.2 0 11.3l-216 216c-3.1 3.1-8.2 3.1-11.3 0s-3.1-8.2 0-11.3L284.7 256 74.3 45.7c-3.1-3.1-3.1-8.2 0-11.3s8.2-3.1 11.3 0l216 216z\"\/><\/svg><\/span><\/p><div class=\"group\"><p  style=\"\"  >This bungalow comprises a 20 m\u00b2 tent and a 10 m\u00b2 covered terrace, providing a pleasant outdoor space.\nIt has two bedrooms: one with a double bed (140\u00d7190 cm) and the other with two single beds (80\u00d7190 cm), <strong>all equipped<\/strong> with comforters and pillows for your comfort. <\/p><p  style=\"\"  >The <strong>fully-equipped kitchen<\/strong> includes a gas hob, microwave, coffee maker, fridge and all the crockery and cutlery you need to prepare your meals.\nLighting is provided in all rooms and on the terrace. <\/p><p  style=\"\"  >This canvas-roofed bungalow, classified in the canvas-roofed accommodation category, guarantees a <strong>pleasant<\/strong>, carefree <strong>stay in Pl\u00e9boulle<\/strong>, with a strict no-pets rule to keep the site clean and quiet.\nEnjoy a <strong>comfortable and cosy rental<\/strong> for a <strong>memorable vacation in C\u00f4tes d&#8217;Armor,<\/strong> in harmony with nature. <\/p><\/div><\/div><div class=\"fc-boutons display-flex \" style=\"justify-content:center;\"><span class=\"boutons__btn btn_resa_id_83549 is-style-resa\"><span class=\"fc-icon\"><svg xmlns=\"http:\/\/www.w3.org\/2000\/svg\"  viewBox=\"0 0 576 512\" width=\"16px\" height=\"16px\"><!--! Font Awesome Pro 6.4.2 by @fontawesome - https:\/\/fontawesome.com License - https:\/\/fontawesome.com\/license (Commercial License) Copyright 2023 Fonticons, Inc.--><path d=\"M269.4 6C280.5-2 295.5-2 306.6 6l224 160c7.4 5.3 12.2 13.5 13.2 22.5l32 288c1 9-1.9 18.1-8 24.9s-14.7 10.7-23.8 10.7H416L288 288V512H32c-9.1 0-17.8-3.9-23.8-10.7s-9-15.8-8-24.9l32-288c1-9 5.8-17.2 13.2-22.5L269.4 6z\"\/><\/svg><\/span>  Book this bungalow<\/span><\/div><\/div><\/div>","protected":false},"excerpt":{"rendered":"<p>The campsite is open from April 1 to October 31, 2024 Our canvas bungalows in C\u00f4tes-d&#8217;Armor You want a vacation close to nature with your children or friends. You want to keep the &#8221; camping spirit &#8221; without compromising on comfort: you&#8217;ll love the canvas bungalow! With this atypical concept, enjoy a close-to-nature experience that [&hellip;]<\/p>\n","protected":false},"author":1,"featured_media":0,"parent":0,"menu_order":0,"comment_status":"open","ping_status":"open","template":"","meta":{"_acf_changed":false,"footnotes":""},"acf":[],"_links":{"self":[{"href":"https:\/\/www.camping-frechealane.com\/en\/wp-json\/wp\/v2\/pages\/1431"}],"collection":[{"href":"https:\/\/www.camping-frechealane.com\/en\/wp-json\/wp\/v2\/pages"}],"about":[{"href":"https:\/\/www.camping-frechealane.com\/en\/wp-json\/wp\/v2\/types\/page"}],"author":[{"embeddable":true,"href":"https:\/\/www.camping-frechealane.com\/en\/wp-json\/wp\/v2\/users\/1"}],"replies":[{"embeddable":true,"href":"https:\/\/www.camping-frechealane.com\/en\/wp-json\/wp\/v2\/comments?post=1431"}],"version-history":[{"count":2,"href":"https:\/\/www.camping-frechealane.com\/en\/wp-json\/wp\/v2\/pages\/1431\/revisions"}],"predecessor-version":[{"id":1849,"href":"https:\/\/www.camping-frechealane.com\/en\/wp-json\/wp\/v2\/pages\/1431\/revisions\/1849"}],"wp:attachment":[{"href":"https:\/\/www.camping-frechealane.com\/en\/wp-json\/wp\/v2\/media?parent=1431"}],"curies":[{"name":"wp","href":"https:\/\/api.w.org\/{rel}","templated":true}]}}