{"id":1462,"date":"2024-08-05T17:18:30","date_gmt":"2024-08-05T15:18:30","guid":{"rendered":"https:\/\/www.camping-frechealane.com\/mobile-homes\/"},"modified":"2024-09-16T11:57:34","modified_gmt":"2024-09-16T09:57:34","slug":"mobile-homes","status":"publish","type":"page","link":"https:\/\/www.camping-frechealane.com\/en\/mobile-homes\/","title":{"rendered":"Mobile home"},"content":{"rendered":"<div class=\"diaporama-header align-full\"><div class=\"fc-galerie fc-auto\"><figure class=\"fc-galerie__item skip-lazy no-lazy fc-auto\" ><picture><source srcset=\"https:\/\/www.camping-frechealane.com\/wp-content\/uploads\/2024\/09\/IMG_0697-420x280.webp\" media=\"(max-width: 210px)\"><source srcset=\"https:\/\/www.camping-frechealane.com\/wp-content\/uploads\/2024\/09\/IMG_0697-415x830.webp\" media=\"(max-width: 421px)\"><source srcset=\"https:\/\/www.camping-frechealane.com\/wp-content\/uploads\/2024\/09\/IMG_0697-1024x683.webp\" media=\"(max-width: 1024px)\"><source srcset=\"https:\/\/www.camping-frechealane.com\/wp-content\/uploads\/2024\/09\/IMG_0697.webp\" media=\"(min-width: 1025px)\"><img loading=\"lazy\" decoding=\"async\" width=\"420\" height=\"210\" src=\"https:\/\/www.camping-frechealane.com\/wp-content\/uploads\/2024\/09\/IMG_0697-210x210.webp\" alt=\"Campsite le Fr\u00eache \u00e0 l&#039;\u00c2ne \" title=\"\"><\/picture><\/figure><\/div><div class=\"diaporama-header__inner\"><p  style=\"text-align: center;\"  >The campsite is open from April 1 to October 31, 2024<\/p><div class=\"fc-boutons display-flex \" style=\"justify-content:center;\"><span class=\"boutons__btn btn_resa is-style-resa\"><span class=\"fc-icon\"><svg xmlns=\"http:\/\/www.w3.org\/2000\/svg\"  viewBox=\"0 0 448 512\" width=\"16px\" height=\"16px\"><!--! Font Awesome Pro 6.4.2 by @fontawesome - https:\/\/fontawesome.com License - https:\/\/fontawesome.com\/license (Commercial License) Copyright 2023 Fonticons, Inc.--><path d=\"M128 0c17.7 0 32 14.3 32 32V64H288V32c0-17.7 14.3-32 32-32s32 14.3 32 32V64h48c26.5 0 48 21.5 48 48v48H0V112C0 85.5 21.5 64 48 64H96V32c0-17.7 14.3-32 32-32zM0 192H448V464c0 26.5-21.5 48-48 48H48c-26.5 0-48-21.5-48-48V192zM329 305c9.4-9.4 9.4-24.6 0-33.9s-24.6-9.4-33.9 0l-95 95-47-47c-9.4-9.4-24.6-9.4-33.9 0s-9.4 24.6 0 33.9l64 64c9.4 9.4 24.6 9.4 33.9 0L329 305z\"\/><\/svg><\/span>  Look for your stay!<\/span><\/div><\/div><\/div><div class=\"group sec-05 fade-up\"><div class=\"columns\"><div class=\"columns__item fade-left image\" style=\"align-self:center;\"><figure class=\"fc-auto\"><picture><source srcset=\"https:\/\/www.camping-frechealane.com\/wp-content\/uploads\/2024\/08\/mobilhome-santa-fe-420x280.webp\" media=\"(max-width: 210px)\"><source srcset=\"https:\/\/www.camping-frechealane.com\/wp-content\/uploads\/2024\/08\/mobilhome-santa-fe-768x512.webp\" media=\"(max-width: 421px)\"><source srcset=\"https:\/\/www.camping-frechealane.com\/wp-content\/uploads\/2024\/08\/mobilhome-santa-fe.webp\" media=\"(max-width: 1024px)\"><source srcset=\"https:\/\/www.camping-frechealane.com\/wp-content\/uploads\/2024\/08\/mobilhome-santa-fe.webp\" media=\"(min-width: 1025px)\"><img decoding=\"async\" style=\"aspect-ratio:3\/2;object-fit:cover;\" width=\"420\" height=\"210\" src=\"https:\/\/www.camping-frechealane.com\/wp-content\/uploads\/2024\/08\/mobilhome-santa-fe-210x210.webp\" alt=\"Campsite le Fr\u00eache \u00e0 l&#039;\u00c2ne \" loading=\"lazy\" title=\"\"><\/picture><\/figure><\/div><div class=\"columns__item T-05_order\" style=\"align-self:flex-start;\"><h1>Our mobile home rentals <span class=\"fc-span\">in C\u00f4tes-d&#8217;Armor<\/span><\/h1><p  style=\"\"  >Welcome to Camping Le Fr\u00eache \u00e0 l&#8217;\u00c2ne, your ideal destination for <strong>comfortable mobile home<\/strong> rentals <strong>in C\u00f4tes d&#8217;Armor<\/strong>.\nYou are looking for a <strong>mobile home rental<\/strong> for a vacation for two, with family or friends. <\/p><p  style=\"\" id=\"132\" >You want comfort, quality and the right price for a peaceful stay. <strong>Located in Pl\u00e9boulle<\/strong>, just <strong>1 km from the sea<\/strong>, our <a href=\"https:\/\/www.camping-frechealane.com\/en\/\" data-type=\"page\" data-id=\"132\">3-star campsite in C\u00f4tes-d&#8217;Armor <\/a>offers a range of mobile homes for <strong>successful vacations in Brittany.<\/strong><\/p><div class=\"fc-boutons\"><span class=\"boutons__btn btn_resa_loc is-style-resa\"><span class=\"fc-icon\"><svg xmlns=\"http:\/\/www.w3.org\/2000\/svg\"  viewBox=\"0 0 512 512\" width=\"16px\" height=\"16px\"><!--! Font Awesome Pro 6.4.2 by @fontawesome - https:\/\/fontawesome.com License - https:\/\/fontawesome.com\/license (Commercial License) Copyright 2023 Fonticons, Inc.--><path d=\"M416 208c0 45.9-14.9 88.3-40 122.7L502.6 457.4c12.5 12.5 12.5 32.8 0 45.3s-32.8 12.5-45.3 0L330.7 376c-34.4 25.2-76.8 40-122.7 40C93.1 416 0 322.9 0 208S93.1 0 208 0S416 93.1 416 208zM208 352a144 144 0 1 0 0-288 144 144 0 1 0 0 288z\"\/><\/svg><\/span>  Book your mobile home<\/span><\/div><\/div><div class=\"columns__item\" style=\"align-self:flex-end;\"><figure class=\"fc-auto\"><picture><source srcset=\"https:\/\/www.camping-frechealane.com\/wp-content\/uploads\/2024\/09\/IMG_0685-420x280.webp\" media=\"(max-width: 210px)\"><source srcset=\"https:\/\/www.camping-frechealane.com\/wp-content\/uploads\/2024\/09\/IMG_0685-768x512.webp\" media=\"(max-width: 421px)\"><source srcset=\"https:\/\/www.camping-frechealane.com\/wp-content\/uploads\/2024\/09\/IMG_0685-1024x683.webp\" media=\"(max-width: 1024px)\"><source srcset=\"https:\/\/www.camping-frechealane.com\/wp-content\/uploads\/2024\/09\/IMG_0685.webp\" media=\"(min-width: 1025px)\"><img decoding=\"async\" width=\"420\" height=\"210\" src=\"https:\/\/www.camping-frechealane.com\/wp-content\/uploads\/2024\/09\/IMG_0685-210x210.webp\" alt=\"Campsite le Fr\u00eache \u00e0 l&#039;\u00c2ne \" loading=\"lazy\" title=\"\"><\/picture><\/figure><\/div><\/div><\/div><div class=\"columns sec-10 sec-10-a fade-up has-fond-background-color has-background align-full\" style=\"align-items:center;background-color:var(--fond);\"><div class=\"columns__item texte\" style=\"align-self:center;\"><h2>Mobile home rentals <span class=\"fc-span\">in C\u00f4tes-d&#8217;Armor<\/span><\/h2><p  style=\"\" id=\"132\" >The mobile home that everyone knows is a very suitable habitat for camping vacations.\nA living room, kitchen and bedroom for parents, children and friends.\nCamping le Fr\u00eache \u00e0 l&#8217;\u00e2ne, your <a href=\"https:\/\/www.camping-frechealane.com\/en\/\" data-type=\"page\" data-id=\"132\">family campsite by the sea in the C\u00f4tes-d&#8217;Armor<\/a>, offers <strong>a wide range of mobile homes <\/strong>: whether you come alone, as a couple, with family or friends, we&#8217;re sure to find a mobile home to suit you.\nSo don&#8217;t delay, book your mobile home rental at Camping Fr\u00eache \u00e0 l`\u00e2ne.   <\/p><p  style=\"\"  >A change of scenery guaranteed in one of <strong>Brittany&#8217;s most beautiful regions, the C\u00f4tes-d&#8217;Armor<\/strong>.\nWith a mobile home, you can choose your comfort and enjoy all the advantages of this accommodation.\nA <strong>comfortable<\/strong>, well-equipped <strong>camping vacation<\/strong> (kitchen, bathroom, toilet, TV, etc.).  <\/p><\/div><div class=\"columns__item galerie fade-right\" style=\"align-self:center;\"><div class=\"fc-galerie fc-auto col-2 f-carousel fc-diapo-mob\" data-fancybox=\"gallery-mob\"><figure class=\"fc-galerie__item\" ><picture><source srcset=\"https:\/\/www.camping-frechealane.com\/wp-content\/uploads\/2024\/08\/mobile-home-ophea-3-420x280.webp\" media=\"(max-width: 210px)\"><source srcset=\"https:\/\/www.camping-frechealane.com\/wp-content\/uploads\/2024\/08\/mobile-home-ophea-3-768x512.webp\" media=\"(max-width: 421px)\"><source srcset=\"https:\/\/www.camping-frechealane.com\/wp-content\/uploads\/2024\/08\/mobile-home-ophea-3.webp\" media=\"(max-width: 1024px)\"><source srcset=\"https:\/\/www.camping-frechealane.com\/wp-content\/uploads\/2024\/08\/mobile-home-ophea-3.webp\" media=\"(min-width: 1025px)\"><img decoding=\"async\" width=\"420\" height=\"210\" src=\"https:\/\/www.camping-frechealane.com\/wp-content\/uploads\/2024\/08\/mobile-home-ophea-3-210x210.webp\" alt=\"Campsite le Fr\u00eache \u00e0 l&#039;\u00c2ne \" loading=\"lazy\" title=\"\"><\/picture><\/figure><figure class=\"fc-galerie__item\" ><picture><source srcset=\"https:\/\/www.camping-frechealane.com\/wp-content\/uploads\/2024\/08\/mobil-home-ophea-420x280.webp\" media=\"(max-width: 210px)\"><source srcset=\"https:\/\/www.camping-frechealane.com\/wp-content\/uploads\/2024\/08\/mobil-home-ophea-768x512.webp\" media=\"(max-width: 421px)\"><source srcset=\"https:\/\/www.camping-frechealane.com\/wp-content\/uploads\/2024\/08\/mobil-home-ophea.webp\" media=\"(max-width: 1024px)\"><source srcset=\"https:\/\/www.camping-frechealane.com\/wp-content\/uploads\/2024\/08\/mobil-home-ophea.webp\" media=\"(min-width: 1025px)\"><img decoding=\"async\" width=\"420\" height=\"210\" src=\"https:\/\/www.camping-frechealane.com\/wp-content\/uploads\/2024\/08\/mobil-home-ophea-210x210.webp\" alt=\"Campsite le Fr\u00eache \u00e0 l&#039;\u00c2ne \" loading=\"lazy\" title=\"\"><\/picture><\/figure><figure class=\"fc-galerie__item\" ><picture><source srcset=\"https:\/\/www.camping-frechealane.com\/wp-content\/uploads\/2024\/08\/mobile-home-ibiza-1-420x280.webp\" media=\"(max-width: 210px)\"><source srcset=\"https:\/\/www.camping-frechealane.com\/wp-content\/uploads\/2024\/08\/mobile-home-ibiza-1-768x512.webp\" media=\"(max-width: 421px)\"><source srcset=\"https:\/\/www.camping-frechealane.com\/wp-content\/uploads\/2024\/08\/mobile-home-ibiza-1.webp\" media=\"(max-width: 1024px)\"><source srcset=\"https:\/\/www.camping-frechealane.com\/wp-content\/uploads\/2024\/08\/mobile-home-ibiza-1.webp\" media=\"(min-width: 1025px)\"><img decoding=\"async\" width=\"420\" height=\"210\" src=\"https:\/\/www.camping-frechealane.com\/wp-content\/uploads\/2024\/08\/mobile-home-ibiza-1-210x210.webp\" alt=\"Campsite le Fr\u00eache \u00e0 l&#039;\u00c2ne \" loading=\"lazy\" title=\"\"><\/picture><\/figure><\/div><\/div><\/div><div class=\"group sec-20 fade-right\"><h2>Discover the comfort of our mobile homes in C\u00f4tes-d&#8217;Armor<\/h2><p  style=\"\"  >Our mobile homes are designed to offer <strong>optimum comfort<\/strong> and meet all your expectations.\nWe offer a <strong>wide range of mobile homes<\/strong>, each equipped in a modern and welcoming way to ensure you have a <strong>pleasant stay in C\u00f4tes d&#8217;Armor<\/strong>. <\/p><div class=\"fc-lireplus fc-mob\"style=\"\"><p  style=\"\"  >Read more  <span class=\"fc-icon\"><svg xmlns=\"http:\/\/www.w3.org\/2000\/svg\"  viewBox=\"0 0 320 512\" width=\"16px\" height=\"16px\"><!--! Font Awesome Pro 6.4.2 by @fontawesome - https:\/\/fontawesome.com License - https:\/\/fontawesome.com\/license (Commercial License) Copyright 2023 Fonticons, Inc.--><path d=\"M301.7 250.3c3.1 3.1 3.1 8.2 0 11.3l-216 216c-3.1 3.1-8.2 3.1-11.3 0s-3.1-8.2 0-11.3L284.7 256 74.3 45.7c-3.1-3.1-3.1-8.2 0-11.3s8.2-3.1 11.3 0l216 216z\"\/><\/svg><\/span><\/p><div class=\"group\"><p  style=\"\"  >Each mobile home has comfortable bedrooms, some with double beds (140\u00d7190 cm) equipped with comforters and pillows.\nCapacity varies to suit families, couples or groups of friends.\nKitchens are fully equipped with fridge, microwave, hob and all you need to prepare your meals.  <\/p><div class=\"fc-lireplus fc-desk\"style=\"\"><p  style=\"\"  >Read more  <span class=\"fc-icon\"><svg xmlns=\"http:\/\/www.w3.org\/2000\/svg\"  viewBox=\"0 0 320 512\" width=\"16px\" height=\"16px\"><!--! Font Awesome Pro 6.4.2 by @fontawesome - https:\/\/fontawesome.com License - https:\/\/fontawesome.com\/license (Commercial License) Copyright 2023 Fonticons, Inc.--><path d=\"M301.7 250.3c3.1 3.1 3.1 8.2 0 11.3l-216 216c-3.1 3.1-8.2 3.1-11.3 0s-3.1-8.2 0-11.3L284.7 256 74.3 45.7c-3.1-3.1-3.1-8.2 0-11.3s8.2-3.1 11.3 0l216 216z\"\/><\/svg><\/span><\/p><div class=\"group\"><p  style=\"\"  >The living rooms offer a convivial space with sofa, TV and dining area, perfect for relaxing after a day of exploring.\nThe bathrooms are functional, with shower and washbasin, for your daily comfort.\nWhat&#8217;s more, each mobile home has its own terrace with garden furniture, ideal for al fresco dining and summer evenings.  <\/p><p  style=\"\"  >Our <strong>mobile home rentals in Pl\u00e9boulle<\/strong> combine modern design and comfort, guaranteeing you an unforgettable stay in C\u00f4tes-d&#8217;Armor.\nChoose from a range of rental options to find the one that best suits your needs. <\/p><\/div><\/div><\/div><\/div><\/div><div class=\"columns sec-10 sec-10-b reverse-mob fade-left\" style=\"align-items:center;\"><div class=\"columns__item fade-left\" style=\"align-self:center;flex-basis:60%;\"><div class=\"fc-galerie col-2 f-carousel fc-diapo-mob\" data-fancybox=\"gallery-mob\"><figure class=\"fc-galerie__item\" ><picture><source srcset=\"https:\/\/www.camping-frechealane.com\/wp-content\/uploads\/2024\/08\/d61d44254608dd06ccdd2ff02982d14d-420x315.webp\" media=\"(max-width: 210px)\"><source srcset=\"https:\/\/www.camping-frechealane.com\/wp-content\/uploads\/2024\/08\/d61d44254608dd06ccdd2ff02982d14d-768x576.webp\" media=\"(max-width: 421px)\"><source srcset=\"https:\/\/www.camping-frechealane.com\/wp-content\/uploads\/2024\/08\/d61d44254608dd06ccdd2ff02982d14d.webp\" media=\"(max-width: 1024px)\"><source srcset=\"https:\/\/www.camping-frechealane.com\/wp-content\/uploads\/2024\/08\/d61d44254608dd06ccdd2ff02982d14d.webp\" media=\"(min-width: 1025px)\"><img decoding=\"async\" width=\"420\" height=\"210\" src=\"https:\/\/www.camping-frechealane.com\/wp-content\/uploads\/2024\/08\/d61d44254608dd06ccdd2ff02982d14d-210x210.webp\" alt=\"Campsite le Fr\u00eache \u00e0 l&#039;\u00c2ne \" loading=\"lazy\" title=\"\"><\/picture><\/figure><figure class=\"fc-galerie__item\" ><picture><source srcset=\"https:\/\/www.camping-frechealane.com\/wp-content\/uploads\/2024\/08\/terrasse-2-420x315.webp\" media=\"(max-width: 210px)\"><source srcset=\"https:\/\/www.camping-frechealane.com\/wp-content\/uploads\/2024\/08\/terrasse-2-768x576.webp\" media=\"(max-width: 421px)\"><source srcset=\"https:\/\/www.camping-frechealane.com\/wp-content\/uploads\/2024\/08\/terrasse-2.webp\" media=\"(max-width: 1024px)\"><source srcset=\"https:\/\/www.camping-frechealane.com\/wp-content\/uploads\/2024\/08\/terrasse-2.webp\" media=\"(min-width: 1025px)\"><img decoding=\"async\" width=\"420\" height=\"210\" src=\"https:\/\/www.camping-frechealane.com\/wp-content\/uploads\/2024\/08\/terrasse-2-210x210.webp\" alt=\"Campsite le Fr\u00eache \u00e0 l&#039;\u00c2ne \" loading=\"lazy\" title=\"\"><\/picture><\/figure><figure class=\"fc-galerie__item\" ><picture><source srcset=\"https:\/\/www.camping-frechealane.com\/wp-content\/uploads\/2024\/08\/mobile-home-bikini-01-420x280.webp\" media=\"(max-width: 210px)\"><source srcset=\"https:\/\/www.camping-frechealane.com\/wp-content\/uploads\/2024\/08\/mobile-home-bikini-01-768x512.webp\" media=\"(max-width: 421px)\"><source srcset=\"https:\/\/www.camping-frechealane.com\/wp-content\/uploads\/2024\/08\/mobile-home-bikini-01.webp\" media=\"(max-width: 1024px)\"><source srcset=\"https:\/\/www.camping-frechealane.com\/wp-content\/uploads\/2024\/08\/mobile-home-bikini-01.webp\" media=\"(min-width: 1025px)\"><img decoding=\"async\" width=\"420\" height=\"210\" src=\"https:\/\/www.camping-frechealane.com\/wp-content\/uploads\/2024\/08\/mobile-home-bikini-01-210x210.webp\" alt=\"Campsite le Fr\u00eache \u00e0 l&#039;\u00c2ne \" loading=\"lazy\" title=\"\"><\/picture><\/figure><\/div><\/div><div class=\"columns__item texte\" style=\"align-self:center;flex-basis:36%;\"><h2>Our <span class=\"fc-span\">mobile home<\/span> models<\/h2><p  style=\"\"  >Choose from <strong>10 mobile home models <\/strong>: Gom\u00e9ra, Ibiza, Elegance, Santa F\u00e9, O&#8217;ph\u00e9a, O&#8217;tiny, Aliz\u00e9, Bikini with pets, Bikini without pets and Palma.\nOur mobile homes for rent come with or without a covered terrace, can accommodate your pets or not, are equipped with a television, etc&#8230; <\/p><div class=\"fc-lireplus fc-desk\"style=\"\"><p  style=\"\"  >Read more  <span class=\"fc-icon\"><svg xmlns=\"http:\/\/www.w3.org\/2000\/svg\"  viewBox=\"0 0 320 512\" width=\"16px\" height=\"16px\"><!--! Font Awesome Pro 6.4.2 by @fontawesome - https:\/\/fontawesome.com License - https:\/\/fontawesome.com\/license (Commercial License) Copyright 2023 Fonticons, Inc.--><path d=\"M301.7 250.3c3.1 3.1 3.1 8.2 0 11.3l-216 216c-3.1 3.1-8.2 3.1-11.3 0s-3.1-8.2 0-11.3L284.7 256 74.3 45.7c-3.1-3.1-3.1-8.2 0-11.3s8.2-3.1 11.3 0l216 216z\"\/><\/svg><\/span><\/p><div class=\"group\"><p  style=\"\"  >One of our models is designed for people with reduced mobility (PALMA mobile home), to offer a <strong>comfortable stay at our family campsite<\/strong> in the heart of our beautiful region.<\/p><\/div><\/div><h2 class=\"h3\">Pet-friendly rentals near Cap Fr\u00e9hel<\/h2><p  style=\"\"  >For pet lovers, we&#8217;ve thought of everything!\nOur pet-friendly mobile homes at the <a href=\"https:\/\/www.camping-frechealane.com\/camping-au-cap-frehel\/\">campsite near Fr\u00e9hel<\/a> are ideally <strong>located near Cap Fr\u00e9hel<\/strong>, providing the perfect setting for your vacation in the company of your four-legged friends. <\/p><div class=\"fc-lireplus fc-desk\"style=\"\"><p  style=\"\"  >Read more  <span class=\"fc-icon\"><svg xmlns=\"http:\/\/www.w3.org\/2000\/svg\"  viewBox=\"0 0 320 512\" width=\"16px\" height=\"16px\"><!--! Font Awesome Pro 6.4.2 by @fontawesome - https:\/\/fontawesome.com License - https:\/\/fontawesome.com\/license (Commercial License) Copyright 2023 Fonticons, Inc.--><path d=\"M301.7 250.3c3.1 3.1 3.1 8.2 0 11.3l-216 216c-3.1 3.1-8.2 3.1-11.3 0s-3.1-8.2 0-11.3L284.7 256 74.3 45.7c-3.1-3.1-3.1-8.2 0-11.3s8.2-3.1 11.3 0l216 216z\"\/><\/svg><\/span><\/p><div class=\"group\"><p  style=\"\"  >We pay particular attention to welcoming pets, with a warm welcome and plenty of options for scenic walks in the surrounding area.\nWhether hiking <strong>along the cliffs near Cap Fr\u00e9hel<\/strong> or taking a leisurely stroll along the surrounding paths, your pets will appreciate the beauty of the area as much as you do. <\/p><\/div><\/div><\/div><\/div><div class=\"columns sec-10 sec-10-c fade-up\" style=\"align-items:center;\"><div class=\"columns__item texte\" style=\"align-self:center;flex-basis:40.5%;\"><h2 class=\"h2\">Stay in a mobile home <span class=\"fc-span\">by the sea in C\u00f4tes-d&#8217;Armor<\/span><\/h2><p  style=\"\" id=\"135\" >Camping Le Fr\u00eache \u00e0 l&#8217;\u00c2ne offers you an exceptional experience with its modern facilities, <a href=\"https:\/\/www.camping-frechealane.com\/en\/locations\/\" data-type=\"page\" data-id=\"135\">spacious camping pitches in Cotes d&#8217;Armor<\/a> and a multitude of activities for the whole family.\nLocated 1 km from the sea, our campsite is the ideal place for a <strong>successful seaside vacation<\/strong>. <\/p><p  style=\"\"  >Our privileged location close to <strong>Fort La Latte<\/strong> and other local attractions such as <strong>Saint-Malo<\/strong> or the <strong>medieval city of Dinan<\/strong>, makes our campsite a perfect base for exploring the region.\nA little further afield you&#8217;ll also find the Chateau de Foug\u00e8res.\nWhether you&#8217;re a history buff, a nature lover or simply looking for relaxation, you&#8217;ll find what you&#8217;re looking for in C\u00f4tes-d&#8217;Armor.  <\/p><div class=\"fc-lireplus fc-desk\"style=\"\"><p  style=\"\"  >Read more  <span class=\"fc-icon\"><svg xmlns=\"http:\/\/www.w3.org\/2000\/svg\"  viewBox=\"0 0 320 512\" width=\"16px\" height=\"16px\"><!--! Font Awesome Pro 6.4.2 by @fontawesome - https:\/\/fontawesome.com License - https:\/\/fontawesome.com\/license (Commercial License) Copyright 2023 Fonticons, Inc.--><path d=\"M301.7 250.3c3.1 3.1 3.1 8.2 0 11.3l-216 216c-3.1 3.1-8.2 3.1-11.3 0s-3.1-8.2 0-11.3L284.7 256 74.3 45.7c-3.1-3.1-3.1-8.2 0-11.3s8.2-3.1 11.3 0l216 216z\"\/><\/svg><\/span><\/p><div class=\"group\"><p  style=\"\"  >Enjoy a <strong>memorable vacation in the C\u00f4tes-d&#8217;Armor<\/strong>.\nCamping Le Fr\u00eache \u00e0 l&#8217;\u00c2ne invites you to discover the beauty and <strong>charm of Brittany<\/strong> by staying in one of our comfortable mobile homes.\nEnjoy the <strong>proximity of the sea<\/strong>, the breathtaking scenery and the many activities offered by our campsite and its surroundings.\nBook your stay now and get ready for your vacations in Pl\u00e9boulle.   <\/p><\/div><\/div><div class=\"fc-boutons\"><a href=\"https:\/\/www.camping-frechealane.com\/en\/tourisme-cotes-darmor\/\" rel=\"noreferrer noopener\" rel=\"noreferrer noopener\" rel=\"noreferrer noopener\" rel=\"noreferrer noopener\" class=\"boutons__btn\">Discover the surrounding area  <span class=\"fc-icon\"><svg xmlns=\"http:\/\/www.w3.org\/2000\/svg\"  viewBox=\"0 0 448 512\" width=\"16px\" height=\"16px\"><!--! Font Awesome Pro 6.4.2 by @fontawesome - https:\/\/fontawesome.com License - https:\/\/fontawesome.com\/license (Commercial License) Copyright 2023 Fonticons, Inc.--><path d=\"M438.6 278.6c12.5-12.5 12.5-32.8 0-45.3l-160-160c-12.5-12.5-32.8-12.5-45.3 0s-12.5 32.8 0 45.3L338.8 224 32 224c-17.7 0-32 14.3-32 32s14.3 32 32 32l306.7 0L233.4 393.4c-12.5 12.5-12.5 32.8 0 45.3s32.8 12.5 45.3 0l160-160z\"\/><\/svg><\/span><\/a><\/div><\/div><div class=\"columns__item galerie  fade-right\" style=\"align-self:center;\"><div class=\"fc-galerie fc-auto col-2 f-carousel fc-diapo-mob\" data-fancybox=\"gallery-mob\"><figure class=\"fc-galerie__item\" ><picture><source srcset=\"https:\/\/www.camping-frechealane.com\/wp-content\/uploads\/2024\/08\/AdobeStock_190928300-420x182.webp\" media=\"(max-width: 210px)\"><source srcset=\"https:\/\/www.camping-frechealane.com\/wp-content\/uploads\/2024\/08\/AdobeStock_190928300-768x334.webp\" media=\"(max-width: 421px)\"><source srcset=\"https:\/\/www.camping-frechealane.com\/wp-content\/uploads\/2024\/08\/AdobeStock_190928300-1024x445.webp\" media=\"(max-width: 1024px)\"><source srcset=\"https:\/\/www.camping-frechealane.com\/wp-content\/uploads\/2024\/08\/AdobeStock_190928300.webp\" media=\"(min-width: 1025px)\"><img decoding=\"async\" width=\"420\" height=\"210\" src=\"https:\/\/www.camping-frechealane.com\/wp-content\/uploads\/2024\/08\/AdobeStock_190928300-210x210.webp\" alt=\"Campsite le Fr\u00eache \u00e0 l&#039;\u00c2ne \" loading=\"lazy\" title=\"\"><\/picture><\/figure><figure class=\"fc-galerie__item\" ><picture><source srcset=\"https:\/\/www.camping-frechealane.com\/wp-content\/uploads\/2024\/08\/AdobeStock_622306783-420x280.webp\" media=\"(max-width: 210px)\"><source srcset=\"https:\/\/www.camping-frechealane.com\/wp-content\/uploads\/2024\/08\/AdobeStock_622306783-768x512.webp\" media=\"(max-width: 421px)\"><source srcset=\"https:\/\/www.camping-frechealane.com\/wp-content\/uploads\/2024\/08\/AdobeStock_622306783-1024x682.webp\" media=\"(max-width: 1024px)\"><source srcset=\"https:\/\/www.camping-frechealane.com\/wp-content\/uploads\/2024\/08\/AdobeStock_622306783.webp\" media=\"(min-width: 1025px)\"><img decoding=\"async\" width=\"420\" height=\"210\" src=\"https:\/\/www.camping-frechealane.com\/wp-content\/uploads\/2024\/08\/AdobeStock_622306783-210x210.webp\" alt=\"Campsite le Fr\u00eache \u00e0 l&#039;\u00c2ne \" loading=\"lazy\" title=\"\"><\/picture><\/figure><figure class=\"fc-galerie__item\" ><picture><source srcset=\"https:\/\/www.camping-frechealane.com\/wp-content\/uploads\/2024\/08\/AdobeStock_484959826-420x280.webp\" media=\"(max-width: 210px)\"><source srcset=\"https:\/\/www.camping-frechealane.com\/wp-content\/uploads\/2024\/08\/AdobeStock_484959826-768x512.webp\" media=\"(max-width: 421px)\"><source srcset=\"https:\/\/www.camping-frechealane.com\/wp-content\/uploads\/2024\/08\/AdobeStock_484959826-1024x683.webp\" media=\"(max-width: 1024px)\"><source srcset=\"https:\/\/www.camping-frechealane.com\/wp-content\/uploads\/2024\/08\/AdobeStock_484959826.webp\" media=\"(min-width: 1025px)\"><img decoding=\"async\" width=\"420\" height=\"210\" src=\"https:\/\/www.camping-frechealane.com\/wp-content\/uploads\/2024\/08\/AdobeStock_484959826-210x210.webp\" alt=\"Campsite le Fr\u00eache \u00e0 l&#039;\u00c2ne \" loading=\"lazy\" title=\"\"><\/picture><\/figure><\/div><\/div><\/div>","protected":false},"excerpt":{"rendered":"<p>The campsite is open from April 1 to October 31, 2024 Our mobile home rentals in C\u00f4tes-d&#8217;Armor Welcome to Camping Le Fr\u00eache \u00e0 l&#8217;\u00c2ne, your ideal destination for comfortable mobile home rentals in C\u00f4tes d&#8217;Armor. You are looking for a mobile home rental for a vacation for two, with family or friends. You want comfort, [&hellip;]<\/p>\n","protected":false},"author":1,"featured_media":0,"parent":0,"menu_order":0,"comment_status":"open","ping_status":"open","template":"","meta":{"_acf_changed":false,"footnotes":""},"acf":[],"_links":{"self":[{"href":"https:\/\/www.camping-frechealane.com\/en\/wp-json\/wp\/v2\/pages\/1462"}],"collection":[{"href":"https:\/\/www.camping-frechealane.com\/en\/wp-json\/wp\/v2\/pages"}],"about":[{"href":"https:\/\/www.camping-frechealane.com\/en\/wp-json\/wp\/v2\/types\/page"}],"author":[{"embeddable":true,"href":"https:\/\/www.camping-frechealane.com\/en\/wp-json\/wp\/v2\/users\/1"}],"replies":[{"embeddable":true,"href":"https:\/\/www.camping-frechealane.com\/en\/wp-json\/wp\/v2\/comments?post=1462"}],"version-history":[{"count":3,"href":"https:\/\/www.camping-frechealane.com\/en\/wp-json\/wp\/v2\/pages\/1462\/revisions"}],"predecessor-version":[{"id":1856,"href":"https:\/\/www.camping-frechealane.com\/en\/wp-json\/wp\/v2\/pages\/1462\/revisions\/1856"}],"wp:attachment":[{"href":"https:\/\/www.camping-frechealane.com\/en\/wp-json\/wp\/v2\/media?parent=1462"}],"curies":[{"name":"wp","href":"https:\/\/api.w.org\/{rel}","templated":true}]}}