{"id":1424,"date":"2024-08-05T17:18:30","date_gmt":"2024-08-05T15:18:30","guid":{"rendered":"https:\/\/www.camping-frechealane.com\/locaties\/"},"modified":"2024-12-17T12:25:57","modified_gmt":"2024-12-17T11:25:57","slug":"locaties","status":"publish","type":"page","link":"https:\/\/www.camping-frechealane.com\/nl\/locaties\/","title":{"rendered":"Locaties"},"content":{"rendered":"<div class=\"diaporama-header align-full\"><div class=\"fc-galerie fc-auto\"><figure class=\"fc-galerie__item skip-lazy no-lazy fc-auto\" ><picture><source srcset=\"https:\/\/www.camping-frechealane.com\/wp-content\/uploads\/2024\/09\/DJI_0071-420x236.webp\" media=\"(max-width: 210px)\"><source srcset=\"https:\/\/www.camping-frechealane.com\/wp-content\/uploads\/2024\/09\/DJI_0071-415x830.webp\" media=\"(max-width: 421px)\"><source srcset=\"https:\/\/www.camping-frechealane.com\/wp-content\/uploads\/2024\/09\/DJI_0071-1024x576.webp\" media=\"(max-width: 1024px)\"><source srcset=\"https:\/\/www.camping-frechealane.com\/wp-content\/uploads\/2024\/09\/DJI_0071.webp\" media=\"(min-width: 1025px)\"><img loading=\"lazy\" decoding=\"async\" width=\"420\" height=\"210\" src=\"https:\/\/www.camping-frechealane.com\/wp-content\/uploads\/2024\/09\/DJI_0071-210x210.webp\" alt=\"Camping Le Fr\u00eache \u00e0 l&#039;\u00c2ne \" title=\"\"><\/picture><\/figure><\/div><div class=\"diaporama-header__inner\"><p  style=\"text-align: center;\"  >De camping is geopend van 1 april tot 31 oktober 2024<\/p><div class=\"fc-boutons display-flex \" style=\"justify-content:center;\"><span class=\"boutons__btn btn_resa is-style-resa\"><span class=\"fc-icon\"><svg xmlns=\"http:\/\/www.w3.org\/2000\/svg\"  viewBox=\"0 0 448 512\" width=\"16px\" height=\"16px\"><!--! Font Awesome Pro 6.4.2 by @fontawesome - https:\/\/fontawesome.com License - https:\/\/fontawesome.com\/license (Commercial License) Copyright 2023 Fonticons, Inc.--><path d=\"M128 0c17.7 0 32 14.3 32 32V64H288V32c0-17.7 14.3-32 32-32s32 14.3 32 32V64h48c26.5 0 48 21.5 48 48v48H0V112C0 85.5 21.5 64 48 64H96V32c0-17.7 14.3-32 32-32zM0 192H448V464c0 26.5-21.5 48-48 48H48c-26.5 0-48-21.5-48-48V192zM329 305c9.4-9.4 9.4-24.6 0-33.9s-24.6-9.4-33.9 0l-95 95-47-47c-9.4-9.4-24.6-9.4-33.9 0s-9.4 24.6 0 33.9l64 64c9.4 9.4 24.6 9.4 33.9 0L329 305z\"\/><\/svg><\/span>  Zoek je verblijf!<\/span><\/div><\/div><\/div>\n\n<div class=\"columns sec-10 sec-10-c fade-left\" style=\"align-items:center;\"><div class=\"columns__item texte\" style=\"align-self:center;flex-basis:40.5%;\"><h1>Onze <span class=\"fc-span\">campings in C\u00f4tes-d&#8217;Armor<\/span><\/h1><p   id=\"132\" >Welkom op <a href=\"https:\/\/www.camping-frechealane.com\/nl\/\" data-type=\"page\" data-id=\"132\">camping Pl\u00e9boulle, gelegen in het hart van de C\u00f4tes d&#8217;Armor<\/a> in een <strong>groene en rustgevende omgeving<\/strong>.\nWij bieden <strong>ruime kampeerplaatsen<\/strong>(van 80 tot 180 m2) voor 2 tot 6 personen.\nAfgebakend door heggen en bomen geniet je van <strong>een ononderbroken uitzicht over het platteland van de C\u00f4tes-d&#8217;Armor<\/strong>.  <\/p><p    >Elke kampeerplaats is zorgvuldig afgebakend door heggen en jonge bomen en biedt zowel privacy als natuurlijke charme.\nOf je <strong>nu met de tent<\/strong>, <strong>caravan of camper<\/strong> <strong>komt<\/strong>, je vindt hier de ideale omgeving voor een overnachting of een langere vakantie in een vriendelijke, ontspannen sfeer.\nGeniet van een <strong>zonnige<\/strong>, groene <strong>omgeving<\/strong> voor een <strong>vakantie in het hart van het Bretonse platteland<\/strong>.  <\/p><div class=\"fc-boutons\"><span class=\"boutons__btn btn_resa_empl is-style-resa\"><span class=\"fc-icon\"><svg xmlns=\"http:\/\/www.w3.org\/2000\/svg\"  viewBox=\"0 0 512 512\" width=\"16px\" height=\"16px\"><!--! Font Awesome Pro 6.4.2 by @fontawesome - https:\/\/fontawesome.com License - https:\/\/fontawesome.com\/license (Commercial License) Copyright 2023 Fonticons, Inc.--><path d=\"M416 208c0 45.9-14.9 88.3-40 122.7L502.6 457.4c12.5 12.5 12.5 32.8 0 45.3s-32.8 12.5-45.3 0L330.7 376c-34.4 25.2-76.8 40-122.7 40C93.1 416 0 322.9 0 208S93.1 0 208 0S416 93.1 416 208zM208 352a144 144 0 1 0 0-288 144 144 0 1 0 0 288z\"\/><\/svg><\/span>  Boek uw kampeerplaats<\/span><\/div><\/div><div class=\"columns__item galerie  fade-right\" style=\"align-self:center;\"><figure class=\"\"><picture><source srcset=\"https:\/\/www.camping-frechealane.com\/wp-content\/uploads\/2024\/08\/00000584103-1-420x280.webp\" media=\"(max-width: 210px)\"><source srcset=\"https:\/\/www.camping-frechealane.com\/wp-content\/uploads\/2024\/08\/00000584103-1-768x511.webp\" media=\"(max-width: 421px)\"><source srcset=\"https:\/\/www.camping-frechealane.com\/wp-content\/uploads\/2024\/08\/00000584103-1.webp\" media=\"(max-width: 1024px)\"><source srcset=\"https:\/\/www.camping-frechealane.com\/wp-content\/uploads\/2024\/08\/00000584103-1.webp\" media=\"(min-width: 1025px)\"><img decoding=\"async\" width=\"420\" height=\"210\" src=\"https:\/\/www.camping-frechealane.com\/wp-content\/uploads\/2024\/08\/00000584103-1-210x210.webp\" alt=\"Camping Le Fr\u00eache \u00e0 l&#039;\u00c2ne \" loading=\"lazy\" title=\"\"><\/picture><\/figure><\/div><\/div>\n\n<div class=\"columns sec-10 sec-10-b reverse-mob fade-up\" style=\"align-items:center;\"><div class=\"columns__item fade-left\" style=\"align-self:center;flex-basis:60%;\"><figure class=\"\"><picture><source srcset=\"https:\/\/www.camping-frechealane.com\/wp-content\/uploads\/2024\/08\/emplacement-camping-car-420x280.webp\" media=\"(max-width: 210px)\"><source srcset=\"https:\/\/www.camping-frechealane.com\/wp-content\/uploads\/2024\/08\/emplacement-camping-car-768x512.webp\" media=\"(max-width: 421px)\"><source srcset=\"https:\/\/www.camping-frechealane.com\/wp-content\/uploads\/2024\/08\/emplacement-camping-car.webp\" media=\"(max-width: 1024px)\"><source srcset=\"https:\/\/www.camping-frechealane.com\/wp-content\/uploads\/2024\/08\/emplacement-camping-car.webp\" media=\"(min-width: 1025px)\"><img decoding=\"async\" width=\"420\" height=\"210\" src=\"https:\/\/www.camping-frechealane.com\/wp-content\/uploads\/2024\/08\/emplacement-camping-car-210x210.webp\" alt=\"Camping Le Fr\u00eache \u00e0 l&#039;\u00c2ne \" loading=\"lazy\" title=\"\"><\/picture><\/figure><\/div><div class=\"columns__item texte\" style=\"align-self:center;flex-basis:36%;\"><h2>Natuurlijke standplaatsen <span class=\"fc-span\">voor tenten en campers aan zee<\/span><\/h2><p   id=\"https:\/\/www.camping-frechealane.com\/camping-au-cap-frehel\/\" >Geniet van een terugkeer naar je wortels, weg van het alledaagse!\nOf je nu in een tent slaapt of comfortabel in je eigen caravan of camper, je kunt altijd rekenen op de bomen en schone kampeerplaatsen om je comfort en privacy te bieden.\nMet<strong>rustige plaatsen<\/strong> en <strong>water-<\/strong> en<strong>elektriciteitsaansluitingen<\/strong> voldoen onze <a href=\"https:\/\/www.camping-frechealane.com\/camping-au-cap-frehel\/\" data-type=\"link\" data-id=\"https:\/\/www.camping-frechealane.com\/camping-au-cap-frehel\/\">kampeerplaatsen in de buurt van Fr\u00e9hel<\/a> aan al je wensen voor je <strong>droomvakantie in Pl\u00e9boulle<\/strong>.  <\/p><div class=\"fc-lireplus fc-desk\"style=\"\"><p  style=\"\"  >Meer lezen  <span class=\"fc-icon\"><svg xmlns=\"http:\/\/www.w3.org\/2000\/svg\"  viewBox=\"0 0 320 512\" width=\"16px\" height=\"16px\"><!--! Font Awesome Pro 6.4.2 by @fontawesome - https:\/\/fontawesome.com License - https:\/\/fontawesome.com\/license (Commercial License) Copyright 2023 Fonticons, Inc.--><path d=\"M301.7 250.3c3.1 3.1 3.1 8.2 0 11.3l-216 216c-3.1 3.1-8.2 3.1-11.3 0s-3.1-8.2 0-11.3L284.7 256 74.3 45.7c-3.1-3.1-3.1-8.2 0-11.3s8.2-3.1 11.3 0l216 216z\"\/><\/svg><\/span><\/p><div class=\"group\"><p  style=\"\"  >Je caravan of camper verdient de beste service, en jij ook!\nProfiteer van een comfortplaats, of zelfs een <strong>high-comfort kampeerplaats<\/strong>, en profiteer van water, 16A elektriciteit en afvoer vanaf \u20ac21,00 per nacht voor 2 personen.\nOnze camping beschikt over schone, moderne, functionele en ruime sanitaire voorzieningen.\nToegankelijk voor gehandicapten en uitgerust met een babybadje, spiegels en warm water.   <\/p><\/div><\/div><\/div><\/div>\n\n<div class=\"columns sec-10 sec-10-a fade-up has-fond-background-color has-background align-full\" style=\"align-items:center;background-color:var(--fond);\"><div class=\"columns__item texte\" style=\"align-self:center;\"><h2>Kampeerplaats Grand Confort <span class=\"fc-span\">in C\u00f4tes-d&#8217;Armor<\/span><\/h2><p    ><strong>Tarief: <\/strong>vanaf \u20ac15,00 per nacht (inclusief water, 16A elektriciteit, riolering+1 voertuig)<\/p><p    ><strong>Capaciteit: <\/strong>maximaal 6 personen per plaats bij Pl\u00e9boulle<\/p><p    >Heb je een caravan of camper en ben je op zoek naar een <strong>staanplaats in de C\u00f4tes-d&#8217;Armor<\/strong> met alle nodige voorzieningen?\nOp camping Fr\u00eache \u00e0 l&#8217;\u00c2ne in Pl\u00e9boule bieden we <strong>ruime kampeerplaatsen van ongeveer 150 m\u00b2<\/strong>, perfect voor uw behoeften. <\/p><p    >Deze <strong>comfortabele,<\/strong> zonnige <strong>kampeerplaatsen<\/strong>, omzoomd door heggen en bomen, bieden privacy terwijl ze toch dicht bij de natuur blijven.\nKampeerplaatsen zijn <strong>geschikt voor maximaal 6 personen<\/strong> en zijn beschikbaar vanaf 15 euro per nacht. <\/p><div class=\"fc-boutons display-flex \" style=\"justify-content:center;\"><span class=\"boutons__btn btn_resa_id_94077 is-style-resa\"><span class=\"fc-icon\"><svg xmlns=\"http:\/\/www.w3.org\/2000\/svg\"  viewBox=\"0 0 576 512\" width=\"16px\" height=\"16px\"><!--! Font Awesome Pro 6.4.2 by @fontawesome - https:\/\/fontawesome.com License - https:\/\/fontawesome.com\/license (Commercial License) Copyright 2023 Fonticons, Inc.--><path d=\"M377 52c11-13.8 8.8-33.9-5-45s-33.9-8.8-45 5L288 60.8 249 12c-11-13.8-31.2-16-45-5s-16 31.2-5 45l48 60L12.3 405.4C4.3 415.4 0 427.7 0 440.4V464c0 26.5 21.5 48 48 48H288 528c26.5 0 48-21.5 48-48V440.4c0-12.7-4.3-25.1-12.3-35L329 112l48-60zM288 448H168.5L288 291.7 407.5 448H288z\"\/><\/svg><\/span>  Reserveer deze locatie<\/span><\/div><\/div><div class=\"columns__item galerie fade-right\" style=\"align-self:center;\"><div class=\"fc-galerie fc-auto col-2 f-carousel fc-diapo-mob\" data-fancybox=\"gallery-mob\"><figure class=\"fc-galerie__item\" ><picture><source srcset=\"https:\/\/www.camping-frechealane.com\/wp-content\/uploads\/2024\/08\/emplacement-camping-grand-confort-420x280.webp\" media=\"(max-width: 210px)\"><source srcset=\"https:\/\/www.camping-frechealane.com\/wp-content\/uploads\/2024\/08\/emplacement-camping-grand-confort-768x512.webp\" media=\"(max-width: 421px)\"><source srcset=\"https:\/\/www.camping-frechealane.com\/wp-content\/uploads\/2024\/08\/emplacement-camping-grand-confort.webp\" media=\"(max-width: 1024px)\"><source srcset=\"https:\/\/www.camping-frechealane.com\/wp-content\/uploads\/2024\/08\/emplacement-camping-grand-confort.webp\" media=\"(min-width: 1025px)\"><img decoding=\"async\" width=\"420\" height=\"210\" src=\"https:\/\/www.camping-frechealane.com\/wp-content\/uploads\/2024\/08\/emplacement-camping-grand-confort-210x210.webp\" alt=\"Camping Le Fr\u00eache \u00e0 l&#039;\u00c2ne \" loading=\"lazy\" title=\"\"><\/picture><\/figure><figure class=\"fc-galerie__item\" ><picture><source srcset=\"https:\/\/www.camping-frechealane.com\/wp-content\/uploads\/2024\/09\/DJI_0634-420x236.webp\" media=\"(max-width: 210px)\"><source srcset=\"https:\/\/www.camping-frechealane.com\/wp-content\/uploads\/2024\/09\/DJI_0634-768x431.webp\" media=\"(max-width: 421px)\"><source srcset=\"https:\/\/www.camping-frechealane.com\/wp-content\/uploads\/2024\/09\/DJI_0634-1024x574.webp\" media=\"(max-width: 1024px)\"><source srcset=\"https:\/\/www.camping-frechealane.com\/wp-content\/uploads\/2024\/09\/DJI_0634.webp\" media=\"(min-width: 1025px)\"><img decoding=\"async\" width=\"420\" height=\"210\" src=\"https:\/\/www.camping-frechealane.com\/wp-content\/uploads\/2024\/09\/DJI_0634-210x210.webp\" alt=\"Camping Le Fr\u00eache \u00e0 l&#039;\u00c2ne \" loading=\"lazy\" title=\"\"><\/picture><\/figure><figure class=\"fc-galerie__item\" ><picture><source srcset=\"https:\/\/www.camping-frechealane.com\/wp-content\/uploads\/2024\/09\/20240721_143541-ok-420x204.jpg\" media=\"(max-width: 210px)\"><source srcset=\"https:\/\/www.camping-frechealane.com\/wp-content\/uploads\/2024\/09\/20240721_143541-ok-768x373.jpg\" media=\"(max-width: 421px)\"><source srcset=\"https:\/\/www.camping-frechealane.com\/wp-content\/uploads\/2024\/09\/20240721_143541-ok-1024x498.jpg\" media=\"(max-width: 1024px)\"><source srcset=\"https:\/\/www.camping-frechealane.com\/wp-content\/uploads\/2024\/09\/20240721_143541-ok.jpg\" media=\"(min-width: 1025px)\"><img decoding=\"async\" width=\"420\" height=\"210\" src=\"https:\/\/www.camping-frechealane.com\/wp-content\/uploads\/2024\/09\/20240721_143541-ok-210x210.jpg\" alt=\"Camping Le Fr\u00eache \u00e0 l&#039;\u00c2ne \" loading=\"lazy\" title=\"\"><\/picture><\/figure><\/div><\/div><\/div>\n\n<div class=\"columns sec-10 sec-10-b reverse-mob fade-left\" style=\"align-items:center;\"><div class=\"columns__item fade-left\" style=\"align-self:center;flex-basis:60%;\"><div class=\"fc-galerie col-2 f-carousel fc-diapo-mob\" data-fancybox=\"gallery-mob\"><figure class=\"fc-galerie__item\" ><picture><source srcset=\"https:\/\/www.camping-frechealane.com\/wp-content\/uploads\/2024\/08\/emplacement-camping-van-420x280.webp\" media=\"(max-width: 210px)\"><source srcset=\"https:\/\/www.camping-frechealane.com\/wp-content\/uploads\/2024\/08\/emplacement-camping-van-768x512.webp\" media=\"(max-width: 421px)\"><source srcset=\"https:\/\/www.camping-frechealane.com\/wp-content\/uploads\/2024\/08\/emplacement-camping-van.webp\" media=\"(max-width: 1024px)\"><source srcset=\"https:\/\/www.camping-frechealane.com\/wp-content\/uploads\/2024\/08\/emplacement-camping-van.webp\" media=\"(min-width: 1025px)\"><img decoding=\"async\" width=\"420\" height=\"210\" src=\"https:\/\/www.camping-frechealane.com\/wp-content\/uploads\/2024\/08\/emplacement-camping-van-210x210.webp\" alt=\"Camping Le Fr\u00eache \u00e0 l&#039;\u00c2ne \" loading=\"lazy\" title=\"\"><\/picture><\/figure><figure class=\"fc-galerie__item\" ><picture><source srcset=\"https:\/\/www.camping-frechealane.com\/wp-content\/uploads\/2024\/08\/IMG_0666-scaled-e1652461899949-420x280.webp\" media=\"(max-width: 210px)\"><source srcset=\"https:\/\/www.camping-frechealane.com\/wp-content\/uploads\/2024\/08\/IMG_0666-scaled-e1652461899949-768x512.webp\" media=\"(max-width: 421px)\"><source srcset=\"https:\/\/www.camping-frechealane.com\/wp-content\/uploads\/2024\/08\/IMG_0666-scaled-e1652461899949-1024x683.webp\" media=\"(max-width: 1024px)\"><source srcset=\"https:\/\/www.camping-frechealane.com\/wp-content\/uploads\/2024\/08\/IMG_0666-scaled-e1652461899949.webp\" media=\"(min-width: 1025px)\"><img decoding=\"async\" width=\"420\" height=\"210\" src=\"https:\/\/www.camping-frechealane.com\/wp-content\/uploads\/2024\/08\/IMG_0666-scaled-e1652461899949-210x210.webp\" alt=\"Camping Le Fr\u00eache \u00e0 l&#039;\u00c2ne \" loading=\"lazy\" title=\"\"><\/picture><\/figure><figure class=\"fc-galerie__item\" ><picture><source srcset=\"https:\/\/www.camping-frechealane.com\/wp-content\/uploads\/2024\/09\/IMG_0713-420x236.webp\" media=\"(max-width: 210px)\"><source srcset=\"https:\/\/www.camping-frechealane.com\/wp-content\/uploads\/2024\/09\/IMG_0713-768x431.webp\" media=\"(max-width: 421px)\"><source srcset=\"https:\/\/www.camping-frechealane.com\/wp-content\/uploads\/2024\/09\/IMG_0713-1024x575.webp\" media=\"(max-width: 1024px)\"><source srcset=\"https:\/\/www.camping-frechealane.com\/wp-content\/uploads\/2024\/09\/IMG_0713.webp\" media=\"(min-width: 1025px)\"><img decoding=\"async\" width=\"420\" height=\"210\" src=\"https:\/\/www.camping-frechealane.com\/wp-content\/uploads\/2024\/09\/IMG_0713-210x210.webp\" alt=\"Camping Le Fr\u00eache \u00e0 l&#039;\u00c2ne \" loading=\"lazy\" title=\"\"><\/picture><\/figure><\/div><\/div><div class=\"columns__item texte\" style=\"align-self:center;flex-basis:36%;\"><h2>Comfort standplaats <span class=\"fc-span\">in C\u00f4tes-d&#8217;Armor<\/span><\/h2><p    ><strong>Tarieven: <\/strong>vanaf \u20ac10 per nacht (inclusief elektriciteit + 1 voertuig)<\/p><p    ><strong>Capaciteit: <\/strong>maximaal 6 personen per kampeerplaats<\/p><p    >Onze <strong>comfort kampeerplaatsen in Pl\u00e9boulle<\/strong> zijn geschikt voor 2 tot 6 personen en bieden een gemiddelde oppervlakte van 120m\u00b2, met een minimum van 80m\u00b2, waardoor ruimte en comfort gegarandeerd zijn.\nOnze kampeerplaatsen zijn <strong>geschikt voor mensen met beperkte mobiliteit<\/strong>.\nU kunt kiezen voor een <strong>kampeerplaats in de schaduw of in de zon,<\/strong> afhankelijk van uw voorkeur, om optimaal te genieten van <strong>de natuurlijke<\/strong> schoonheid <strong>van Bretagne<\/strong>.  <\/p><p   id=\"132\" >Of je nu met de tent, caravan of camper bent, of je nu voor \u00e9\u00e9n nacht blijft of voor een langer verblijf in , we heten je van harte welkom op <a href=\"https:\/\/www.camping-frechealane.com\/nl\/\" data-type=\"page\" data-id=\"132\">camping<\/a> Fr\u00eache \u00e0 l&#8217;\u00c2ne <a href=\"https:\/\/www.camping-frechealane.com\/nl\/\" data-type=\"page\" data-id=\"132\">in C\u00f4tes d&#8217;Armor<\/a>.<\/p><div class=\"fc-boutons display-flex \" style=\"justify-content:center;\"><span class=\"boutons__btn btn_resa_id_55284 is-style-resa\"><span class=\"fc-icon\"><svg xmlns=\"http:\/\/www.w3.org\/2000\/svg\"  viewBox=\"0 0 576 512\" width=\"16px\" height=\"16px\"><!--! Font Awesome Pro 6.4.2 by @fontawesome - https:\/\/fontawesome.com License - https:\/\/fontawesome.com\/license (Commercial License) Copyright 2023 Fonticons, Inc.--><path d=\"M377 52c11-13.8 8.8-33.9-5-45s-33.9-8.8-45 5L288 60.8 249 12c-11-13.8-31.2-16-45-5s-16 31.2-5 45l48 60L12.3 405.4C4.3 415.4 0 427.7 0 440.4V464c0 26.5 21.5 48 48 48H288 528c26.5 0 48-21.5 48-48V440.4c0-12.7-4.3-25.1-12.3-35L329 112l48-60zM288 448H168.5L288 291.7 407.5 448H288z\"\/><\/svg><\/span>  Reserveer deze locatie<\/span><\/div><\/div><\/div>\n\n<div class=\"columns sec-10 sec-10-a fade-up has-fond-background-color has-background align-full\" style=\"align-items:center;background-color:var(--fond);\"><div class=\"columns__item texte\" style=\"align-self:center;\"><h2>Kampeerplaats met priv\u00e9 sanitair in Bretagne<\/h2><p    ><strong>Nieuw voor 2025<\/strong> !<\/p><p    ><strong>Tarief: <\/strong>vanaf \u20ac20,00 per nacht (inclusief water, 16A elektriciteit, priv\u00e9 sanitair, riolering+1 voertuig)<\/p><p    ><strong>Capaciteit: <\/strong>maximaal 6 personen per plaats bij Pl\u00e9boulle<\/p><p    >Ontdek onze kampeerplaatsen met priv\u00e9 sanitair, ontworpen om je optimaal comfort te bieden midden in de natuur.\nGeniet van een ruime, goed ingerichte ruimte, die privacy combineert met moderne gemakken voor een rustig verblijf. <\/p><p    >Deze kampeerplaatsen zijn ideaal gelegen, zodat je optimaal kunt genieten van het campinggevoel terwijl je profiteert van de exclusiviteit van een eigen badkamer.\nReserveer nu je kampeerplaats voor een onvergetelijke vakantie op Camping Fr\u00eache \u00e0 l&#8217;\u00c2ne. <\/p><div class=\"fc-boutons display-flex \" style=\"justify-content:center;\"><span class=\"boutons__btn is-style-1\">\r\n\t\t\t\t\t\t<a href=\"https:\/\/www.camping-frechealane.com\/wp-content\/uploads\/2024\/08\/Tarifs-Emplacementssanitaire-2025.pdf\" target=\"_blank\">Prijzen voor plaatsen met sanitair<\/a>\r\n\t\t\t\r\n\t\t\t  <span class=\"fc-icon\"><svg xmlns=\"http:\/\/www.w3.org\/2000\/svg\"  viewBox=\"0 0 448 512\" width=\"16px\" height=\"16px\"><!--! Font Awesome Pro 6.4.2 by @fontawesome - https:\/\/fontawesome.com License - https:\/\/fontawesome.com\/license (Commercial License) Copyright 2023 Fonticons, Inc.--><path d=\"M438.6 278.6c12.5-12.5 12.5-32.8 0-45.3l-160-160c-12.5-12.5-32.8-12.5-45.3 0s-12.5 32.8 0 45.3L338.8 224 32 224c-17.7 0-32 14.3-32 32s14.3 32 32 32l306.7 0L233.4 393.4c-12.5 12.5-12.5 32.8 0 45.3s32.8 12.5 45.3 0l160-160z\"\/><\/svg><\/span><\/span><span class=\"boutons__btn btn_resa_id_ is-style-resa\"><span class=\"fc-icon\"><svg xmlns=\"http:\/\/www.w3.org\/2000\/svg\"  viewBox=\"0 0 576 512\" width=\"16px\" height=\"16px\"><!--! Font Awesome Pro 6.4.2 by @fontawesome - https:\/\/fontawesome.com License - https:\/\/fontawesome.com\/license (Commercial License) Copyright 2023 Fonticons, Inc.--><path d=\"M377 52c11-13.8 8.8-33.9-5-45s-33.9-8.8-45 5L288 60.8 249 12c-11-13.8-31.2-16-45-5s-16 31.2-5 45l48 60L12.3 405.4C4.3 415.4 0 427.7 0 440.4V464c0 26.5 21.5 48 48 48H288 528c26.5 0 48-21.5 48-48V440.4c0-12.7-4.3-25.1-12.3-35L329 112l48-60zM288 448H168.5L288 291.7 407.5 448H288z\"\/><\/svg><\/span> Reserveer deze locatie<\/span><\/div><\/div><div class=\"columns__item galerie fade-right\" style=\"align-self:center;\"><div class=\"fc-galerie fc-auto col-2 f-carousel fc-diapo-mob\" data-fancybox=\"gallery-mob\"><figure class=\"fc-galerie__item\" ><picture><source srcset=\"https:\/\/www.camping-frechealane.com\/wp-content\/uploads\/2024\/09\/20240721_143139-ok-420x204.jpg\" media=\"(max-width: 210px)\"><source srcset=\"https:\/\/www.camping-frechealane.com\/wp-content\/uploads\/2024\/09\/20240721_143139-ok-768x373.jpg\" media=\"(max-width: 421px)\"><source srcset=\"https:\/\/www.camping-frechealane.com\/wp-content\/uploads\/2024\/09\/20240721_143139-ok-1024x498.jpg\" media=\"(max-width: 1024px)\"><source srcset=\"https:\/\/www.camping-frechealane.com\/wp-content\/uploads\/2024\/09\/20240721_143139-ok.jpg\" media=\"(min-width: 1025px)\"><img decoding=\"async\" width=\"420\" height=\"210\" src=\"https:\/\/www.camping-frechealane.com\/wp-content\/uploads\/2024\/09\/20240721_143139-ok-210x210.jpg\" alt=\"Camping Le Fr\u00eache \u00e0 l&#039;\u00c2ne \" loading=\"lazy\" title=\"\"><\/picture><\/figure><figure class=\"fc-galerie__item\" ><picture><source srcset=\"https:\/\/www.camping-frechealane.com\/wp-content\/uploads\/2024\/12\/Bloc_sanitaire_privatif_evier-Copie-420x315.jpg\" media=\"(max-width: 210px)\"><source srcset=\"https:\/\/www.camping-frechealane.com\/wp-content\/uploads\/2024\/12\/Bloc_sanitaire_privatif_evier-Copie-768x576.jpg\" media=\"(max-width: 421px)\"><source srcset=\"https:\/\/www.camping-frechealane.com\/wp-content\/uploads\/2024\/12\/Bloc_sanitaire_privatif_evier-Copie-1024x768.jpg\" media=\"(max-width: 1024px)\"><source srcset=\"https:\/\/www.camping-frechealane.com\/wp-content\/uploads\/2024\/12\/Bloc_sanitaire_privatif_evier-Copie.jpg\" media=\"(min-width: 1025px)\"><img decoding=\"async\" width=\"420\" height=\"210\" src=\"https:\/\/www.camping-frechealane.com\/wp-content\/uploads\/2024\/12\/Bloc_sanitaire_privatif_evier-Copie-210x210.jpg\" alt=\"Camping Le Fr\u00eache \u00e0 l&#039;\u00c2ne \" loading=\"lazy\" title=\"\"><\/picture><\/figure><figure class=\"fc-galerie__item\" ><picture><source srcset=\"https:\/\/www.camping-frechealane.com\/wp-content\/uploads\/2024\/12\/emplacement_avec_sanitaire-Copie-420x236.jpg\" media=\"(max-width: 210px)\"><source srcset=\"https:\/\/www.camping-frechealane.com\/wp-content\/uploads\/2024\/12\/emplacement_avec_sanitaire-Copie-768x432.jpg\" media=\"(max-width: 421px)\"><source srcset=\"https:\/\/www.camping-frechealane.com\/wp-content\/uploads\/2024\/12\/emplacement_avec_sanitaire-Copie-1024x576.jpg\" media=\"(max-width: 1024px)\"><source srcset=\"https:\/\/www.camping-frechealane.com\/wp-content\/uploads\/2024\/12\/emplacement_avec_sanitaire-Copie.jpg\" media=\"(min-width: 1025px)\"><img decoding=\"async\" width=\"420\" height=\"210\" src=\"https:\/\/www.camping-frechealane.com\/wp-content\/uploads\/2024\/12\/emplacement_avec_sanitaire-Copie-210x210.jpg\" alt=\"Camping Le Fr\u00eache \u00e0 l&#039;\u00c2ne \" loading=\"lazy\" title=\"\"><\/picture><\/figure><\/div><\/div><\/div>\n\n<div class=\"group sec-10-c fade-left\"><h2 class=\"h2\"><span class=\"fc-span\">Ruime<\/span> kampeerplaatsen<\/h2><p   id=\"https:\/\/www.camping-frechealane.com\/camping-au-cap-frehel\/\" >Camping Fr\u00eache \u00e0 l&#8217;\u00c2ne, ideaal gelegen bij de prachtige <a href=\"https:\/\/www.camping-frechealane.com\/camping-au-cap-frehel\/\" data-type=\"link\" data-id=\"https:\/\/www.camping-frechealane.com\/camping-au-cap-frehel\/\">Cap Fr\u00e9hel<\/a>, biedt staanplaatsen met priv\u00e9-sanitair voor optimaal comfort.\nDeze ruime, goed onderhouden kampeerplaatsen bieden volledige privacy, met moderne faciliteiten zoals een douche, toilet en wastafel, exclusief voor jouw gebruik. <\/p><p    >Je kunt optimaal genieten van je verblijf in een groene omgeving, terwijl je geniet van de rust en autonomie die deze priv\u00e9faciliteiten bieden.<\/p><h2>Verblijf op de gezinscamping <span class=\"fc-span\">van Pl\u00e9boulle in C\u00f4tes-d&#8217;Armor<\/span><\/h2><p    >Vind de<strong>ideale staanplaats voor je tent<\/strong>, caravan of camper.\nWij garanderen de kwaliteit van je kampeerplaats en bieden je een <strong>priv\u00e9<\/strong>, goed onderhouden <strong>plaats<\/strong> in een bevoorrechte en gerespecteerde omgeving op onze <strong>natuurcamping<\/strong>. <\/p><p   id=\"https:\/\/www.camping-frechealane.com\/mobil-homes\/\" >Zodra je aankomt, krijg je een warm welkom en duidelijke instructies voor het <strong>opzetten van je tenten, caravans, campers en andere uitrusting<\/strong> als je niet <a href=\"https:\/\/www.camping-frechealane.com\/nl\/stacaravans\/\" data-type=\"link\" data-id=\"https:\/\/www.camping-frechealane.com\/mobil-homes\/\">in een stacaravan in C\u00f4tes-d&#8217;Armor wilt verblijven<\/a>.<\/p><p    >Wat je keuze ook is, je zult het beste vinden en kunnen genieten van<strong>groene ruimtes<\/strong> die zijn ontworpen voor <strong>een<\/strong> ontspannen <strong>vakantie in de C\u00f4tes-d&#8217;Armor<\/strong>.\nOntdek een overweldigende en rustige omgeving op gezinscamping Fr\u00eache \u00e0 l&#8217;\u00e2ne! <\/p><\/div>","protected":false},"excerpt":{"rendered":"<p>De camping is geopend van 1 april tot 31 oktober 2024 Onze campings in C\u00f4tes-d&#8217;Armor Welkom op camping Pl\u00e9boulle, gelegen in het hart van de C\u00f4tes d&#8217;Armor in een groene en rustgevende omgeving. Wij bieden ruime kampeerplaatsen(van 80 tot 180 m2) voor 2 tot 6 personen. Afgebakend door heggen en bomen geniet je van een [&hellip;]<\/p>\n","protected":false},"author":1,"featured_media":0,"parent":0,"menu_order":0,"comment_status":"open","ping_status":"open","template":"","meta":{"_acf_changed":false,"footnotes":""},"acf":[],"_links":{"self":[{"href":"https:\/\/www.camping-frechealane.com\/nl\/wp-json\/wp\/v2\/pages\/1424"}],"collection":[{"href":"https:\/\/www.camping-frechealane.com\/nl\/wp-json\/wp\/v2\/pages"}],"about":[{"href":"https:\/\/www.camping-frechealane.com\/nl\/wp-json\/wp\/v2\/types\/page"}],"author":[{"embeddable":true,"href":"https:\/\/www.camping-frechealane.com\/nl\/wp-json\/wp\/v2\/users\/1"}],"replies":[{"embeddable":true,"href":"https:\/\/www.camping-frechealane.com\/nl\/wp-json\/wp\/v2\/comments?post=1424"}],"version-history":[{"count":7,"href":"https:\/\/www.camping-frechealane.com\/nl\/wp-json\/wp\/v2\/pages\/1424\/revisions"}],"predecessor-version":[{"id":2161,"href":"https:\/\/www.camping-frechealane.com\/nl\/wp-json\/wp\/v2\/pages\/1424\/revisions\/2161"}],"wp:attachment":[{"href":"https:\/\/www.camping-frechealane.com\/nl\/wp-json\/wp\/v2\/media?parent=1424"}],"curies":[{"name":"wp","href":"https:\/\/api.w.org\/{rel}","templated":true}]}}