{"id":1433,"date":"2024-08-05T17:18:30","date_gmt":"2024-08-05T15:18:30","guid":{"rendered":"https:\/\/www.camping-frechealane.com\/bungalow-tegels\/"},"modified":"2024-09-16T11:55:12","modified_gmt":"2024-09-16T09:55:12","slug":"bungalow-tegels","status":"publish","type":"page","link":"https:\/\/www.camping-frechealane.com\/nl\/bungalow-tegels\/","title":{"rendered":"Canvas bungalows"},"content":{"rendered":"<div class=\"diaporama-header align-full\"><div class=\"fc-galerie fc-auto\"><figure class=\"fc-galerie__item skip-lazy no-lazy fc-auto\" ><picture><source srcset=\"https:\/\/www.camping-frechealane.com\/wp-content\/uploads\/2024\/08\/emplacement-bungalow-toile-transformed-1-420x236.webp\" media=\"(max-width: 210px)\"><source srcset=\"https:\/\/www.camping-frechealane.com\/wp-content\/uploads\/2024\/08\/emplacement-bungalow-toile-transformed-1-415x830.webp\" media=\"(max-width: 421px)\"><source srcset=\"https:\/\/www.camping-frechealane.com\/wp-content\/uploads\/2024\/08\/emplacement-bungalow-toile-transformed-1-1024x576.webp\" media=\"(max-width: 1024px)\"><source srcset=\"https:\/\/www.camping-frechealane.com\/wp-content\/uploads\/2024\/08\/emplacement-bungalow-toile-transformed-1.webp\" media=\"(min-width: 1025px)\"><img loading=\"lazy\" decoding=\"async\" width=\"420\" height=\"210\" src=\"https:\/\/www.camping-frechealane.com\/wp-content\/uploads\/2024\/08\/emplacement-bungalow-toile-transformed-1-210x210.webp\" alt=\"Camping Le Fr\u00eache \u00e0 l&#039;\u00c2ne \" title=\"\"><\/picture><\/figure><\/div><div class=\"diaporama-header__inner\"><p  style=\"text-align: center;\"  >De camping is geopend van 1 april tot 31 oktober 2024<\/p><div class=\"fc-boutons display-flex \" style=\"justify-content:center;\"><span class=\"boutons__btn btn_resa is-style-resa\"><span class=\"fc-icon\"><svg xmlns=\"http:\/\/www.w3.org\/2000\/svg\"  viewBox=\"0 0 448 512\" width=\"16px\" height=\"16px\"><!--! Font Awesome Pro 6.4.2 by @fontawesome - https:\/\/fontawesome.com License - https:\/\/fontawesome.com\/license (Commercial License) Copyright 2023 Fonticons, Inc.--><path d=\"M128 0c17.7 0 32 14.3 32 32V64H288V32c0-17.7 14.3-32 32-32s32 14.3 32 32V64h48c26.5 0 48 21.5 48 48v48H0V112C0 85.5 21.5 64 48 64H96V32c0-17.7 14.3-32 32-32zM0 192H448V464c0 26.5-21.5 48-48 48H48c-26.5 0-48-21.5-48-48V192zM329 305c9.4-9.4 9.4-24.6 0-33.9s-24.6-9.4-33.9 0l-95 95-47-47c-9.4-9.4-24.6-9.4-33.9 0s-9.4 24.6 0 33.9l64 64c9.4 9.4 24.6 9.4 33.9 0L329 305z\"\/><\/svg><\/span>  Zoek je verblijf!<\/span><\/div><\/div><\/div><div class=\"columns sec-10 sec-10-b reverse-mob fade-up\" style=\"align-items:center;\"><div class=\"columns__item fade-left\" style=\"align-self:center;flex-basis:60%;\"><figure class=\"\"><picture><source srcset=\"https:\/\/www.camping-frechealane.com\/wp-content\/uploads\/2024\/08\/coin-repas-bungalow-toile.jpg-420x315.webp\" media=\"(max-width: 210px)\"><source srcset=\"https:\/\/www.camping-frechealane.com\/wp-content\/uploads\/2024\/08\/coin-repas-bungalow-toile.jpg-768x576.webp\" media=\"(max-width: 421px)\"><source srcset=\"https:\/\/www.camping-frechealane.com\/wp-content\/uploads\/2024\/08\/coin-repas-bungalow-toile.jpg.webp\" media=\"(max-width: 1024px)\"><source srcset=\"https:\/\/www.camping-frechealane.com\/wp-content\/uploads\/2024\/08\/coin-repas-bungalow-toile.jpg.webp\" media=\"(min-width: 1025px)\"><img decoding=\"async\" width=\"420\" height=\"210\" src=\"https:\/\/www.camping-frechealane.com\/wp-content\/uploads\/2024\/08\/coin-repas-bungalow-toile.jpg-210x210.webp\" alt=\"Camping Le Fr\u00eache \u00e0 l&#039;\u00c2ne \" loading=\"lazy\" title=\"\"><\/picture><\/figure><\/div><div class=\"columns__item texte\" style=\"align-self:center;flex-basis:36%;\"><h1>Onze bungalowtenten in C\u00f4tes-d&#8217;Armor<\/h1><p  style=\"\"  >Je wilt <strong>een vakantie zo dicht mogelijk bij de natuur<\/strong> met je kinderen of vrienden.\nJe wilt <strong>de &#8220;camping spirit<\/strong> &#8221; behouden zonder afbreuk te doen aan comfort: de bungalowtent zal je bevallen!\nMet dit <strong>atypische concept<\/strong> geniet je van een natuurervaring <strong>die comfort combineert met het plezier van kamperen<\/strong>.  <\/p><p  style=\"\"  >Ontdek een <strong>bungalowtent in C\u00f4tes-d&#8217;Armor<\/strong>, een huisje in linnen met een woonkamer, slaapkamer, houten terras, etc. Kinderen zijn er dol op.\nBeleef het <strong>kamperen met het gezin in Bretagne<\/strong> zonder dat je je zorgen hoeft te maken over het meenemen van je eigen tent en gereedschap.\nDe keuken is volledig uitgerust met alles wat je nodig hebt om te koken.\nGeniet van je ochtendkoffie met vogelgezang op <strong>het overdekte terras van de bungalow<\/strong>.   <\/p><div class=\"fc-boutons\"><span class=\"boutons__btn btn_resa_loc is-style-resa\"><span class=\"fc-icon\"><svg xmlns=\"http:\/\/www.w3.org\/2000\/svg\"  viewBox=\"0 0 512 512\" width=\"16px\" height=\"16px\"><!--! Font Awesome Pro 6.4.2 by @fontawesome - https:\/\/fontawesome.com License - https:\/\/fontawesome.com\/license (Commercial License) Copyright 2023 Fonticons, Inc.--><path d=\"M416 208c0 45.9-14.9 88.3-40 122.7L502.6 457.4c12.5 12.5 12.5 32.8 0 45.3s-32.8 12.5-45.3 0L330.7 376c-34.4 25.2-76.8 40-122.7 40C93.1 416 0 322.9 0 208S93.1 0 208 0S416 93.1 416 208zM208 352a144 144 0 1 0 0-288 144 144 0 1 0 0 288z\"\/><\/svg><\/span>  Boek je bungalow<\/span><\/div><\/div><\/div><div class=\"group fade-left\"><h2><br\/>C\u00f4tes-d&#8217;Armor Bungalow Toil\u00e9s op Camping Pl\u00e9boulle<\/h2><p  style=\"\"  >Canvas bungalows zijn de perfecte manier om een <strong>vakantie dicht bij de natuur<\/strong> door te brengen.\nDoor hun zeer betaalbare prijs kun je je familie en vrienden uitnodigen om de vakantie met je door te brengen.\nOp Camping Fr\u00eache \u00e0 l&#8217;\u00e2ne kun je kiezen uit twee soorten bungalows (4-persoonsbungalow en 5-persoonsbungalow).  <\/p><p  style=\"\"  >Geniet van een ontbijt met uitzicht op een rustige, groene omgeving, speel kaart met de kinderen, enz&#8230; Het terras is een echte aanwinst.\nDankzij deze leefruimte kun je de dag en avond buiten doorbrengen.\nEen belangrijk detail op een zonnige dag.\nHuur een <strong>bungalowtent<\/strong> op Camping Fr\u00eache \u00e0 l&#8217;\u00e2ne om de sfeer van kamperen in de Bretonse C\u00f4tes-d&#8217;Armor te ervaren.   <\/p><\/div><div class=\"columns sec-10 sec-10-a reverse-mob fade-up has-fond-background-color has-background align-full\" style=\"align-items:center;background-color:var(--fond);\"><div class=\"columns__item texte\" style=\"align-self:center;\"><p class=\"h2\" style=\"\"  ><span class=\"fc-span\">5-persoons<\/span> bungalowtent<\/p><p  style=\"\"  ><strong>Prijs:<\/strong> vanaf \u20ac245 per week<\/p><p  style=\"\"  ><strong>Capaciteit: <\/strong>5 personen<\/p><h2 class=\"h4\">Kenmerken van de 5-persoons bungalowtent in C\u00f4tes-d&#8217;Armor<\/h2><p  style=\"\" id=\"132\" >Ontdek onze<strong> bungalowtent voor 5 personen<\/strong>, gelegen op de charmante <a href=\"https:\/\/www.camping-frechealane.com\/nl\/\" data-type=\"page\" data-id=\"132\">camping van Pl\u00e9boulle in de C\u00f4tes d&#8217;Armor<\/a>.\nMet een oppervlakte van 20m\u00b2 biedt deze accommodatie al het comfort dat u nodig heeft voor <strong>een aangenaam verblijf in Pl\u00e9boulle<\/strong>, aangevuld met een overdekt terras van 10m\u00b2 om heerlijk buiten te ontspannen.\nHet heeft twee slaapkamers: een met een 140\u00d7190 cm tweepersoonsbed, en de andere met een 80\u00d7190 cm eenpersoonsbed en twee 80\u00d7190 cm stapelbedden, met dekbedden en kussens voor al het beddengoed.  <\/p><div class=\"fc-lireplus fc-desk\"style=\"\"><p  style=\"\"  >Meer lezen  <span class=\"fc-icon\"><svg xmlns=\"http:\/\/www.w3.org\/2000\/svg\"  viewBox=\"0 0 320 512\" width=\"16px\" height=\"16px\"><!--! Font Awesome Pro 6.4.2 by @fontawesome - https:\/\/fontawesome.com License - https:\/\/fontawesome.com\/license (Commercial License) Copyright 2023 Fonticons, Inc.--><path d=\"M301.7 250.3c3.1 3.1 3.1 8.2 0 11.3l-216 216c-3.1 3.1-8.2 3.1-11.3 0s-3.1-8.2 0-11.3L284.7 256 74.3 45.7c-3.1-3.1-3.1-8.2 0-11.3s8.2-3.1 11.3 0l216 216z\"\/><\/svg><\/span><\/p><div class=\"group\"><p  style=\"\"  >De <strong>keuken is volledig uitgerust<\/strong> met een gasfornuis, magnetron, koffiezetapparaat, koelkast en al het servies dat je nodig hebt.\nElke kamer, evenals het terras, is voorzien van verlichting.\nVoor je <strong>comfort en veiligheid<\/strong> zijn een keuken en sanitaire voorzieningen inbegrepen, evenals een beveiligde parkeerplaats.\nHoud er rekening mee dat huisdieren niet zijn toegestaan in deze categorie accommodaties.\nKom en geniet van een <strong>onvergetelijk verblijf in onze bungalowtent.<\/strong>    <\/p><\/div><\/div><div class=\"fc-boutons display-flex \" style=\"justify-content:center;\"><span class=\"boutons__btn btn_resa_id_74818 is-style-resa\"><span class=\"fc-icon\"><svg xmlns=\"http:\/\/www.w3.org\/2000\/svg\"  viewBox=\"0 0 576 512\" width=\"16px\" height=\"16px\"><!--! Font Awesome Pro 6.4.2 by @fontawesome - https:\/\/fontawesome.com License - https:\/\/fontawesome.com\/license (Commercial License) Copyright 2023 Fonticons, Inc.--><path d=\"M269.4 6C280.5-2 295.5-2 306.6 6l224 160c7.4 5.3 12.2 13.5 13.2 22.5l32 288c1 9-1.9 18.1-8 24.9s-14.7 10.7-23.8 10.7H416L288 288V512H32c-9.1 0-17.8-3.9-23.8-10.7s-9-15.8-8-24.9l32-288c1-9 5.8-17.2 13.2-22.5L269.4 6z\"\/><\/svg><\/span>  Boek deze bungalow<\/span><\/div><\/div><div class=\"columns__item galerie fade-right\" style=\"align-self:center;\"><div class=\"fc-galerie col-2 f-carousel fc-diapo-mob\" data-fancybox=\"gallery-mob\"><figure class=\"fc-galerie__item\" ><picture><source srcset=\"https:\/\/www.camping-frechealane.com\/wp-content\/uploads\/2024\/09\/IMG_0749-420x280.webp\" media=\"(max-width: 210px)\"><source srcset=\"https:\/\/www.camping-frechealane.com\/wp-content\/uploads\/2024\/09\/IMG_0749-768x512.webp\" media=\"(max-width: 421px)\"><source srcset=\"https:\/\/www.camping-frechealane.com\/wp-content\/uploads\/2024\/09\/IMG_0749-1024x683.webp\" media=\"(max-width: 1024px)\"><source srcset=\"https:\/\/www.camping-frechealane.com\/wp-content\/uploads\/2024\/09\/IMG_0749.webp\" media=\"(min-width: 1025px)\"><img decoding=\"async\" width=\"420\" height=\"210\" src=\"https:\/\/www.camping-frechealane.com\/wp-content\/uploads\/2024\/09\/IMG_0749-210x210.webp\" alt=\"Camping Le Fr\u00eache \u00e0 l&#039;\u00c2ne \" loading=\"lazy\" title=\"\"><\/picture><\/figure><figure class=\"fc-galerie__item\" ><picture><source srcset=\"https:\/\/www.camping-frechealane.com\/wp-content\/uploads\/2024\/09\/IMG_0756-420x280.webp\" media=\"(max-width: 210px)\"><source srcset=\"https:\/\/www.camping-frechealane.com\/wp-content\/uploads\/2024\/09\/IMG_0756-768x512.webp\" media=\"(max-width: 421px)\"><source srcset=\"https:\/\/www.camping-frechealane.com\/wp-content\/uploads\/2024\/09\/IMG_0756-1024x683.webp\" media=\"(max-width: 1024px)\"><source srcset=\"https:\/\/www.camping-frechealane.com\/wp-content\/uploads\/2024\/09\/IMG_0756.webp\" media=\"(min-width: 1025px)\"><img decoding=\"async\" width=\"420\" height=\"210\" src=\"https:\/\/www.camping-frechealane.com\/wp-content\/uploads\/2024\/09\/IMG_0756-210x210.webp\" alt=\"Camping Le Fr\u00eache \u00e0 l&#039;\u00c2ne \" loading=\"lazy\" title=\"\"><\/picture><\/figure><figure class=\"fc-galerie__item\" ><picture><source srcset=\"https:\/\/www.camping-frechealane.com\/wp-content\/uploads\/2024\/08\/chambre-triple-bungalow-toile.jpg-420x315.webp\" media=\"(max-width: 210px)\"><source srcset=\"https:\/\/www.camping-frechealane.com\/wp-content\/uploads\/2024\/08\/chambre-triple-bungalow-toile.jpg-768x576.webp\" media=\"(max-width: 421px)\"><source srcset=\"https:\/\/www.camping-frechealane.com\/wp-content\/uploads\/2024\/08\/chambre-triple-bungalow-toile.jpg.webp\" media=\"(max-width: 1024px)\"><source srcset=\"https:\/\/www.camping-frechealane.com\/wp-content\/uploads\/2024\/08\/chambre-triple-bungalow-toile.jpg.webp\" media=\"(min-width: 1025px)\"><img decoding=\"async\" width=\"420\" height=\"210\" src=\"https:\/\/www.camping-frechealane.com\/wp-content\/uploads\/2024\/08\/chambre-triple-bungalow-toile.jpg-210x210.webp\" alt=\"Camping Le Fr\u00eache \u00e0 l&#039;\u00c2ne \" loading=\"lazy\" title=\"\"><\/picture><\/figure><\/div><\/div><\/div><div class=\"columns sec-10 sec-10-b fade-right\" style=\"align-items:center;\"><div class=\"columns__item fade-left\" style=\"align-self:center;flex-basis:60%;\"><div class=\"fc-galerie col-2 f-carousel fc-diapo-mob\" data-fancybox=\"gallery-mob\"><figure class=\"fc-galerie__item\" ><picture><source srcset=\"https:\/\/www.camping-frechealane.com\/wp-content\/uploads\/2024\/08\/00000584160.jpg-420x315.webp\" media=\"(max-width: 210px)\"><source srcset=\"https:\/\/www.camping-frechealane.com\/wp-content\/uploads\/2024\/08\/00000584160.jpg-768x576.webp\" media=\"(max-width: 421px)\"><source srcset=\"https:\/\/www.camping-frechealane.com\/wp-content\/uploads\/2024\/08\/00000584160.jpg.webp\" media=\"(max-width: 1024px)\"><source srcset=\"https:\/\/www.camping-frechealane.com\/wp-content\/uploads\/2024\/08\/00000584160.jpg.webp\" media=\"(min-width: 1025px)\"><img decoding=\"async\" width=\"420\" height=\"210\" src=\"https:\/\/www.camping-frechealane.com\/wp-content\/uploads\/2024\/08\/00000584160.jpg-210x210.webp\" alt=\"Camping Le Fr\u00eache \u00e0 l&#039;\u00c2ne \" loading=\"lazy\" title=\"\"><\/picture><\/figure><figure class=\"fc-galerie__item\" ><picture><source srcset=\"https:\/\/www.camping-frechealane.com\/wp-content\/uploads\/2024\/08\/00000584164-420x315.webp\" media=\"(max-width: 210px)\"><source srcset=\"https:\/\/www.camping-frechealane.com\/wp-content\/uploads\/2024\/08\/00000584164-768x576.webp\" media=\"(max-width: 421px)\"><source srcset=\"https:\/\/www.camping-frechealane.com\/wp-content\/uploads\/2024\/08\/00000584164.webp\" media=\"(max-width: 1024px)\"><source srcset=\"https:\/\/www.camping-frechealane.com\/wp-content\/uploads\/2024\/08\/00000584164.webp\" media=\"(min-width: 1025px)\"><img decoding=\"async\" width=\"420\" height=\"210\" src=\"https:\/\/www.camping-frechealane.com\/wp-content\/uploads\/2024\/08\/00000584164-210x210.webp\" alt=\"Camping Le Fr\u00eache \u00e0 l&#039;\u00c2ne \" loading=\"lazy\" title=\"\"><\/picture><\/figure><figure class=\"fc-galerie__item\" ><picture><source srcset=\"https:\/\/www.camping-frechealane.com\/wp-content\/uploads\/2024\/08\/00000584162-420x315.webp\" media=\"(max-width: 210px)\"><source srcset=\"https:\/\/www.camping-frechealane.com\/wp-content\/uploads\/2024\/08\/00000584162-768x576.webp\" media=\"(max-width: 421px)\"><source srcset=\"https:\/\/www.camping-frechealane.com\/wp-content\/uploads\/2024\/08\/00000584162.webp\" media=\"(max-width: 1024px)\"><source srcset=\"https:\/\/www.camping-frechealane.com\/wp-content\/uploads\/2024\/08\/00000584162.webp\" media=\"(min-width: 1025px)\"><img decoding=\"async\" width=\"420\" height=\"210\" src=\"https:\/\/www.camping-frechealane.com\/wp-content\/uploads\/2024\/08\/00000584162-210x210.webp\" alt=\"Camping Le Fr\u00eache \u00e0 l&#039;\u00c2ne \" loading=\"lazy\" title=\"\"><\/picture><\/figure><\/div><\/div><div class=\"columns__item texte\" style=\"align-self:center;flex-basis:36%;\"><p class=\"h2\" style=\"\"  ><span class=\"fc-span\">4-persoons<\/span> bungalowtent<\/p><p  style=\"\"  ><strong>Prijs:<\/strong> vanaf \u20ac210 per week<\/p><p  style=\"\"  ><strong>Capaciteit: <\/strong>4 personen<\/p><h2 class=\"h4\">Kenmerken van de 4-persoons bungalowtent in C\u00f4tes-d&#8217;Armor<\/h2><p  style=\"\"  >Onze bungalowtent is ideaal voor een gezin of een kleine groep van 4 personen en biedt <strong>30 m\u00b2 comfort en rust<\/strong>.\nGelegen in een uitzonderlijke natuurlijke omgeving, is het de perfecte plek om te genieten van de rust en stilte van de natuur na lange wandelingen langs de kust,<strong> tussen Cap Fr\u00e9hel en Fort La Latte<\/strong>. <\/p><div class=\"fc-lireplus fc-desk\"style=\"\"><p  style=\"\"  >Meer lezen  <span class=\"fc-icon\"><svg xmlns=\"http:\/\/www.w3.org\/2000\/svg\"  viewBox=\"0 0 320 512\" width=\"16px\" height=\"16px\"><!--! Font Awesome Pro 6.4.2 by @fontawesome - https:\/\/fontawesome.com License - https:\/\/fontawesome.com\/license (Commercial License) Copyright 2023 Fonticons, Inc.--><path d=\"M301.7 250.3c3.1 3.1 3.1 8.2 0 11.3l-216 216c-3.1 3.1-8.2 3.1-11.3 0s-3.1-8.2 0-11.3L284.7 256 74.3 45.7c-3.1-3.1-3.1-8.2 0-11.3s8.2-3.1 11.3 0l216 216z\"\/><\/svg><\/span><\/p><div class=\"group\"><p  style=\"\"  >Deze bungalow bestaat uit een tent van 20 m\u00b2 en een overdekt terras van 10 m\u00b2, en biedt een aangename buitenruimte.\nHet heeft twee slaapkamers: een met een tweepersoonsbed (140\u00d7190 cm) en de andere met twee eenpersoonsbedden (80\u00d7190 cm), <strong>allemaal uitgerust<\/strong> met dekbedden en kussens voor uw comfort. <\/p><p  style=\"\"  >De <strong>volledig uitgeruste keuken<\/strong> is voorzien van een gaskookplaat, magnetron, koffiezetapparaat, koelkast en al het servies en bestek dat je nodig hebt om je maaltijden te bereiden.\nAlle kamers en het terras zijn voorzien van verlichting. <\/p><p  style=\"\"  >Deze bungalowtent, geclassificeerd als canvas accommodatie, garandeert een <strong>aangenaam<\/strong> en zorgeloos <strong>verblijf in Pl\u00e9boulle<\/strong>, met een strikt huisdierverbod om de camping schoon en rustig te houden.\nGeniet van <strong>een comfortabele en gezellige accommodatie<\/strong> voor een <strong>onvergetelijke vakantie in de C\u00f4tes d&#8217;Armor<\/strong>, in harmonie met de natuur. <\/p><\/div><\/div><div class=\"fc-boutons display-flex \" style=\"justify-content:center;\"><span class=\"boutons__btn btn_resa_id_83549 is-style-resa\"><span class=\"fc-icon\"><svg xmlns=\"http:\/\/www.w3.org\/2000\/svg\"  viewBox=\"0 0 576 512\" width=\"16px\" height=\"16px\"><!--! Font Awesome Pro 6.4.2 by @fontawesome - https:\/\/fontawesome.com License - https:\/\/fontawesome.com\/license (Commercial License) Copyright 2023 Fonticons, Inc.--><path d=\"M269.4 6C280.5-2 295.5-2 306.6 6l224 160c7.4 5.3 12.2 13.5 13.2 22.5l32 288c1 9-1.9 18.1-8 24.9s-14.7 10.7-23.8 10.7H416L288 288V512H32c-9.1 0-17.8-3.9-23.8-10.7s-9-15.8-8-24.9l32-288c1-9 5.8-17.2 13.2-22.5L269.4 6z\"\/><\/svg><\/span>  Boek deze bungalow<\/span><\/div><\/div><\/div>","protected":false},"excerpt":{"rendered":"<p>De camping is geopend van 1 april tot 31 oktober 2024 Onze bungalowtenten in C\u00f4tes-d&#8217;Armor Je wilt een vakantie zo dicht mogelijk bij de natuur met je kinderen of vrienden. Je wilt de &#8220;camping spirit &#8221; behouden zonder afbreuk te doen aan comfort: de bungalowtent zal je bevallen! Met dit atypische concept geniet je van [&hellip;]<\/p>\n","protected":false},"author":1,"featured_media":0,"parent":0,"menu_order":0,"comment_status":"open","ping_status":"open","template":"","meta":{"_acf_changed":false,"footnotes":""},"acf":[],"_links":{"self":[{"href":"https:\/\/www.camping-frechealane.com\/nl\/wp-json\/wp\/v2\/pages\/1433"}],"collection":[{"href":"https:\/\/www.camping-frechealane.com\/nl\/wp-json\/wp\/v2\/pages"}],"about":[{"href":"https:\/\/www.camping-frechealane.com\/nl\/wp-json\/wp\/v2\/types\/page"}],"author":[{"embeddable":true,"href":"https:\/\/www.camping-frechealane.com\/nl\/wp-json\/wp\/v2\/users\/1"}],"replies":[{"embeddable":true,"href":"https:\/\/www.camping-frechealane.com\/nl\/wp-json\/wp\/v2\/comments?post=1433"}],"version-history":[{"count":2,"href":"https:\/\/www.camping-frechealane.com\/nl\/wp-json\/wp\/v2\/pages\/1433\/revisions"}],"predecessor-version":[{"id":1844,"href":"https:\/\/www.camping-frechealane.com\/nl\/wp-json\/wp\/v2\/pages\/1433\/revisions\/1844"}],"wp:attachment":[{"href":"https:\/\/www.camping-frechealane.com\/nl\/wp-json\/wp\/v2\/media?parent=1433"}],"curies":[{"name":"wp","href":"https:\/\/api.w.org\/{rel}","templated":true}]}}