{"id":1464,"date":"2024-08-05T17:18:30","date_gmt":"2024-08-05T15:18:30","guid":{"rendered":"https:\/\/www.camping-frechealane.com\/stacaravans\/"},"modified":"2024-09-16T11:57:16","modified_gmt":"2024-09-16T09:57:16","slug":"stacaravans","status":"publish","type":"page","link":"https:\/\/www.camping-frechealane.com\/nl\/stacaravans\/","title":{"rendered":"Stacaravan"},"content":{"rendered":"<div class=\"diaporama-header align-full\"><div class=\"fc-galerie fc-auto\"><figure class=\"fc-galerie__item skip-lazy no-lazy fc-auto\" ><picture><source srcset=\"https:\/\/www.camping-frechealane.com\/wp-content\/uploads\/2024\/09\/IMG_0697-420x280.webp\" media=\"(max-width: 210px)\"><source srcset=\"https:\/\/www.camping-frechealane.com\/wp-content\/uploads\/2024\/09\/IMG_0697-415x830.webp\" media=\"(max-width: 421px)\"><source srcset=\"https:\/\/www.camping-frechealane.com\/wp-content\/uploads\/2024\/09\/IMG_0697-1024x683.webp\" media=\"(max-width: 1024px)\"><source srcset=\"https:\/\/www.camping-frechealane.com\/wp-content\/uploads\/2024\/09\/IMG_0697.webp\" media=\"(min-width: 1025px)\"><img loading=\"lazy\" decoding=\"async\" width=\"420\" height=\"210\" src=\"https:\/\/www.camping-frechealane.com\/wp-content\/uploads\/2024\/09\/IMG_0697-210x210.webp\" alt=\"Camping Le Fr\u00eache \u00e0 l&#039;\u00c2ne \" title=\"\"><\/picture><\/figure><\/div><div class=\"diaporama-header__inner\"><p  style=\"text-align: center;\"  >De camping is geopend van 1 april tot 31 oktober 2024<\/p><div class=\"fc-boutons display-flex \" style=\"justify-content:center;\"><span class=\"boutons__btn btn_resa is-style-resa\"><span class=\"fc-icon\"><svg xmlns=\"http:\/\/www.w3.org\/2000\/svg\"  viewBox=\"0 0 448 512\" width=\"16px\" height=\"16px\"><!--! Font Awesome Pro 6.4.2 by @fontawesome - https:\/\/fontawesome.com License - https:\/\/fontawesome.com\/license (Commercial License) Copyright 2023 Fonticons, Inc.--><path d=\"M128 0c17.7 0 32 14.3 32 32V64H288V32c0-17.7 14.3-32 32-32s32 14.3 32 32V64h48c26.5 0 48 21.5 48 48v48H0V112C0 85.5 21.5 64 48 64H96V32c0-17.7 14.3-32 32-32zM0 192H448V464c0 26.5-21.5 48-48 48H48c-26.5 0-48-21.5-48-48V192zM329 305c9.4-9.4 9.4-24.6 0-33.9s-24.6-9.4-33.9 0l-95 95-47-47c-9.4-9.4-24.6-9.4-33.9 0s-9.4 24.6 0 33.9l64 64c9.4 9.4 24.6 9.4 33.9 0L329 305z\"\/><\/svg><\/span>  Zoek je verblijf!<\/span><\/div><\/div><\/div><div class=\"group sec-05 fade-up\"><div class=\"columns\"><div class=\"columns__item fade-left image\" style=\"align-self:center;\"><figure class=\"fc-auto\"><picture><source srcset=\"https:\/\/www.camping-frechealane.com\/wp-content\/uploads\/2024\/08\/mobilhome-santa-fe-420x280.webp\" media=\"(max-width: 210px)\"><source srcset=\"https:\/\/www.camping-frechealane.com\/wp-content\/uploads\/2024\/08\/mobilhome-santa-fe-768x512.webp\" media=\"(max-width: 421px)\"><source srcset=\"https:\/\/www.camping-frechealane.com\/wp-content\/uploads\/2024\/08\/mobilhome-santa-fe.webp\" media=\"(max-width: 1024px)\"><source srcset=\"https:\/\/www.camping-frechealane.com\/wp-content\/uploads\/2024\/08\/mobilhome-santa-fe.webp\" media=\"(min-width: 1025px)\"><img decoding=\"async\" style=\"aspect-ratio:3\/2;object-fit:cover;\" width=\"420\" height=\"210\" src=\"https:\/\/www.camping-frechealane.com\/wp-content\/uploads\/2024\/08\/mobilhome-santa-fe-210x210.webp\" alt=\"Camping Le Fr\u00eache \u00e0 l&#039;\u00c2ne \" loading=\"lazy\" title=\"\"><\/picture><\/figure><\/div><div class=\"columns__item T-05_order\" style=\"align-self:flex-start;\"><h1>Onze stacaravans te huur <span class=\"fc-span\">in C\u00f4tes-d&#8217;Armor<\/span><\/h1><p  style=\"\"  >Welkom op Camping Le Fr\u00eache \u00e0 l&#8217;\u00c2ne, uw ideale bestemming voor het huren van een <strong>comfortabele stacaravan in C\u00f4tes d&#8217;Armor<\/strong>.\nWilt u <strong>een stacaravan huren<\/strong> voor een vakantie met z&#8217;n twee\u00ebn, een gezinsvakantie of een vakantie met vrienden? <\/p><p  style=\"\" id=\"132\" >U wilt comfort, kwaliteit en de juiste prijs voor een ontspannen verblijf. <strong>Gelegen in Pl\u00e9boulle<\/strong>, op slechts <strong>1 km van de zee<\/strong>, biedt onze <a href=\"https:\/\/www.camping-frechealane.com\/nl\/\" data-type=\"page\" data-id=\"132\">3-sterren camping in C\u00f4tes-d&#8217;Armor <\/a>een scala aan stacaravans voor een <strong>geslaagde vakantie in Bretagne.<\/strong><\/p><div class=\"fc-boutons\"><span class=\"boutons__btn btn_resa_loc is-style-resa\"><span class=\"fc-icon\"><svg xmlns=\"http:\/\/www.w3.org\/2000\/svg\"  viewBox=\"0 0 512 512\" width=\"16px\" height=\"16px\"><!--! Font Awesome Pro 6.4.2 by @fontawesome - https:\/\/fontawesome.com License - https:\/\/fontawesome.com\/license (Commercial License) Copyright 2023 Fonticons, Inc.--><path d=\"M416 208c0 45.9-14.9 88.3-40 122.7L502.6 457.4c12.5 12.5 12.5 32.8 0 45.3s-32.8 12.5-45.3 0L330.7 376c-34.4 25.2-76.8 40-122.7 40C93.1 416 0 322.9 0 208S93.1 0 208 0S416 93.1 416 208zM208 352a144 144 0 1 0 0-288 144 144 0 1 0 0 288z\"\/><\/svg><\/span>  Reserveer uw stacaravan<\/span><\/div><\/div><div class=\"columns__item\" style=\"align-self:flex-end;\"><figure class=\"fc-auto\"><picture><source srcset=\"https:\/\/www.camping-frechealane.com\/wp-content\/uploads\/2024\/09\/IMG_0685-420x280.webp\" media=\"(max-width: 210px)\"><source srcset=\"https:\/\/www.camping-frechealane.com\/wp-content\/uploads\/2024\/09\/IMG_0685-768x512.webp\" media=\"(max-width: 421px)\"><source srcset=\"https:\/\/www.camping-frechealane.com\/wp-content\/uploads\/2024\/09\/IMG_0685-1024x683.webp\" media=\"(max-width: 1024px)\"><source srcset=\"https:\/\/www.camping-frechealane.com\/wp-content\/uploads\/2024\/09\/IMG_0685.webp\" media=\"(min-width: 1025px)\"><img decoding=\"async\" width=\"420\" height=\"210\" src=\"https:\/\/www.camping-frechealane.com\/wp-content\/uploads\/2024\/09\/IMG_0685-210x210.webp\" alt=\"Camping Le Fr\u00eache \u00e0 l&#039;\u00c2ne \" loading=\"lazy\" title=\"\"><\/picture><\/figure><\/div><\/div><\/div><div class=\"columns sec-10 sec-10-a fade-up has-fond-background-color has-background align-full\" style=\"align-items:center;background-color:var(--fond);\"><div class=\"columns__item texte\" style=\"align-self:center;\"><h2>Verhuur van stacaravans <span class=\"fc-span\">in C\u00f4tes-d&#8217;Armor<\/span><\/h2><p  style=\"\" id=\"132\" >De stacaravan die iedereen kent, is een zeer geschikte habitat voor kampeervakanties.\nEen woonkamer, keuken en slaapkamer voor ouders, kinderen en vrienden.\nCamping le Fr\u00eache \u00e0 l&#8217;\u00e2ne, uw <a href=\"https:\/\/www.camping-frechealane.com\/nl\/\" data-type=\"page\" data-id=\"132\">familiecamping aan zee in de C\u00f4tes-d&#8217;Armor<\/a>, biedt <strong>een ruime keuze aan stacaravans <\/strong>: of u nu alleen komt, met z&#8217;n twee\u00ebn, met uw gezin of met vrienden, wij vinden vast en zeker een stacaravan die bij u past.\nWacht dus niet langer en reserveer uw stacaravan op Camping Fr\u00eache \u00e0 l`\u00e2ne.   <\/p><p  style=\"\"  >Gegarandeerd een verandering van omgeving in een van <strong>de mooiste regio&#8217;s van Bretagne, de C\u00f4tes-d&#8217;Armor<\/strong>.\nMet een stacaravan kiest u uw comfort en profiteert u van alle voordelen die deze accommodatie te bieden heeft.\nEen <strong>comfortabele<\/strong>, goed uitgeruste <strong>kampeervakantie<\/strong> (keuken, badkamer, toilet, tv, enz.).  <\/p><\/div><div class=\"columns__item galerie fade-right\" style=\"align-self:center;\"><div class=\"fc-galerie fc-auto col-2 f-carousel fc-diapo-mob\" data-fancybox=\"gallery-mob\"><figure class=\"fc-galerie__item\" ><picture><source srcset=\"https:\/\/www.camping-frechealane.com\/wp-content\/uploads\/2024\/08\/mobile-home-ophea-3-420x280.webp\" media=\"(max-width: 210px)\"><source srcset=\"https:\/\/www.camping-frechealane.com\/wp-content\/uploads\/2024\/08\/mobile-home-ophea-3-768x512.webp\" media=\"(max-width: 421px)\"><source srcset=\"https:\/\/www.camping-frechealane.com\/wp-content\/uploads\/2024\/08\/mobile-home-ophea-3.webp\" media=\"(max-width: 1024px)\"><source srcset=\"https:\/\/www.camping-frechealane.com\/wp-content\/uploads\/2024\/08\/mobile-home-ophea-3.webp\" media=\"(min-width: 1025px)\"><img decoding=\"async\" width=\"420\" height=\"210\" src=\"https:\/\/www.camping-frechealane.com\/wp-content\/uploads\/2024\/08\/mobile-home-ophea-3-210x210.webp\" alt=\"Camping Le Fr\u00eache \u00e0 l&#039;\u00c2ne \" loading=\"lazy\" title=\"\"><\/picture><\/figure><figure class=\"fc-galerie__item\" ><picture><source srcset=\"https:\/\/www.camping-frechealane.com\/wp-content\/uploads\/2024\/08\/mobil-home-ophea-420x280.webp\" media=\"(max-width: 210px)\"><source srcset=\"https:\/\/www.camping-frechealane.com\/wp-content\/uploads\/2024\/08\/mobil-home-ophea-768x512.webp\" media=\"(max-width: 421px)\"><source srcset=\"https:\/\/www.camping-frechealane.com\/wp-content\/uploads\/2024\/08\/mobil-home-ophea.webp\" media=\"(max-width: 1024px)\"><source srcset=\"https:\/\/www.camping-frechealane.com\/wp-content\/uploads\/2024\/08\/mobil-home-ophea.webp\" media=\"(min-width: 1025px)\"><img decoding=\"async\" width=\"420\" height=\"210\" src=\"https:\/\/www.camping-frechealane.com\/wp-content\/uploads\/2024\/08\/mobil-home-ophea-210x210.webp\" alt=\"Camping Le Fr\u00eache \u00e0 l&#039;\u00c2ne \" loading=\"lazy\" title=\"\"><\/picture><\/figure><figure class=\"fc-galerie__item\" ><picture><source srcset=\"https:\/\/www.camping-frechealane.com\/wp-content\/uploads\/2024\/08\/mobile-home-ibiza-1-420x280.webp\" media=\"(max-width: 210px)\"><source srcset=\"https:\/\/www.camping-frechealane.com\/wp-content\/uploads\/2024\/08\/mobile-home-ibiza-1-768x512.webp\" media=\"(max-width: 421px)\"><source srcset=\"https:\/\/www.camping-frechealane.com\/wp-content\/uploads\/2024\/08\/mobile-home-ibiza-1.webp\" media=\"(max-width: 1024px)\"><source srcset=\"https:\/\/www.camping-frechealane.com\/wp-content\/uploads\/2024\/08\/mobile-home-ibiza-1.webp\" media=\"(min-width: 1025px)\"><img decoding=\"async\" width=\"420\" height=\"210\" src=\"https:\/\/www.camping-frechealane.com\/wp-content\/uploads\/2024\/08\/mobile-home-ibiza-1-210x210.webp\" alt=\"Camping Le Fr\u00eache \u00e0 l&#039;\u00c2ne \" loading=\"lazy\" title=\"\"><\/picture><\/figure><\/div><\/div><\/div><div class=\"group sec-20 fade-right\"><h2>Ontdek het comfort van onze stacaravans in C\u00f4tes-d&#8217;Armor<\/h2><p  style=\"\"  >Onze stacaravans zijn ontworpen om <strong>optimaal comfort<\/strong> te bieden en aan al je verwachtingen te voldoen.\nWij bieden een <strong>breed scala aan stacaravans<\/strong>, elk modern en gastvrij ingericht voor een <strong>aangenaam verblijf in C\u00f4tes d&#8217;Armor<\/strong>. <\/p><div class=\"fc-lireplus fc-mob\"style=\"\"><p  style=\"\"  >Meer lezen  <span class=\"fc-icon\"><svg xmlns=\"http:\/\/www.w3.org\/2000\/svg\"  viewBox=\"0 0 320 512\" width=\"16px\" height=\"16px\"><!--! Font Awesome Pro 6.4.2 by @fontawesome - https:\/\/fontawesome.com License - https:\/\/fontawesome.com\/license (Commercial License) Copyright 2023 Fonticons, Inc.--><path d=\"M301.7 250.3c3.1 3.1 3.1 8.2 0 11.3l-216 216c-3.1 3.1-8.2 3.1-11.3 0s-3.1-8.2 0-11.3L284.7 256 74.3 45.7c-3.1-3.1-3.1-8.2 0-11.3s8.2-3.1 11.3 0l216 216z\"\/><\/svg><\/span><\/p><div class=\"group\"><p  style=\"\"  >Elke stacaravan heeft comfortabele slaapkamers, sommige met tweepersoonsbedden (140\u00d7190 cm) voorzien van dekbedden en kussens.\nDe capaciteit varieert en is geschikt voor gezinnen, stellen of groepen vrienden.\nDe keukens zijn volledig uitgerust met koelkast, magnetron, kookplaat en alles wat je nodig hebt om je maaltijden te bereiden.  <\/p><div class=\"fc-lireplus fc-desk\"style=\"\"><p  style=\"\"  >Meer lezen  <span class=\"fc-icon\"><svg xmlns=\"http:\/\/www.w3.org\/2000\/svg\"  viewBox=\"0 0 320 512\" width=\"16px\" height=\"16px\"><!--! Font Awesome Pro 6.4.2 by @fontawesome - https:\/\/fontawesome.com License - https:\/\/fontawesome.com\/license (Commercial License) Copyright 2023 Fonticons, Inc.--><path d=\"M301.7 250.3c3.1 3.1 3.1 8.2 0 11.3l-216 216c-3.1 3.1-8.2 3.1-11.3 0s-3.1-8.2 0-11.3L284.7 256 74.3 45.7c-3.1-3.1-3.1-8.2 0-11.3s8.2-3.1 11.3 0l216 216z\"\/><\/svg><\/span><\/p><div class=\"group\"><p  style=\"\"  >De lounges bieden een gezellige ruimte met sofa, televisie en eethoek, perfect om te ontspannen na een dag verkennen.\nDe badkamers zijn functioneel, met douche en wastafel, voor uw dagelijks comfort.\nBovendien heeft elke stacaravan een terras met tuinmeubilair, ideaal om buiten te eten en te genieten van zomeravonden.  <\/p><p  style=\"\"  >Onze <strong>stacaravans in Pl\u00e9boulle<\/strong> combineren modern design en comfort, en garanderen je een onvergetelijk verblijf in C\u00f4tes-d&#8217;Armor.\nJe kunt kiezen uit verschillende huurmogelijkheden om de stacaravan te vinden die het beste bij je past. <\/p><\/div><\/div><\/div><\/div><\/div><div class=\"columns sec-10 sec-10-b reverse-mob fade-left\" style=\"align-items:center;\"><div class=\"columns__item fade-left\" style=\"align-self:center;flex-basis:60%;\"><div class=\"fc-galerie col-2 f-carousel fc-diapo-mob\" data-fancybox=\"gallery-mob\"><figure class=\"fc-galerie__item\" ><picture><source srcset=\"https:\/\/www.camping-frechealane.com\/wp-content\/uploads\/2024\/08\/d61d44254608dd06ccdd2ff02982d14d-420x315.webp\" media=\"(max-width: 210px)\"><source srcset=\"https:\/\/www.camping-frechealane.com\/wp-content\/uploads\/2024\/08\/d61d44254608dd06ccdd2ff02982d14d-768x576.webp\" media=\"(max-width: 421px)\"><source srcset=\"https:\/\/www.camping-frechealane.com\/wp-content\/uploads\/2024\/08\/d61d44254608dd06ccdd2ff02982d14d.webp\" media=\"(max-width: 1024px)\"><source srcset=\"https:\/\/www.camping-frechealane.com\/wp-content\/uploads\/2024\/08\/d61d44254608dd06ccdd2ff02982d14d.webp\" media=\"(min-width: 1025px)\"><img decoding=\"async\" width=\"420\" height=\"210\" src=\"https:\/\/www.camping-frechealane.com\/wp-content\/uploads\/2024\/08\/d61d44254608dd06ccdd2ff02982d14d-210x210.webp\" alt=\"Camping Le Fr\u00eache \u00e0 l&#039;\u00c2ne \" loading=\"lazy\" title=\"\"><\/picture><\/figure><figure class=\"fc-galerie__item\" ><picture><source srcset=\"https:\/\/www.camping-frechealane.com\/wp-content\/uploads\/2024\/08\/terrasse-2-420x315.webp\" media=\"(max-width: 210px)\"><source srcset=\"https:\/\/www.camping-frechealane.com\/wp-content\/uploads\/2024\/08\/terrasse-2-768x576.webp\" media=\"(max-width: 421px)\"><source srcset=\"https:\/\/www.camping-frechealane.com\/wp-content\/uploads\/2024\/08\/terrasse-2.webp\" media=\"(max-width: 1024px)\"><source srcset=\"https:\/\/www.camping-frechealane.com\/wp-content\/uploads\/2024\/08\/terrasse-2.webp\" media=\"(min-width: 1025px)\"><img decoding=\"async\" width=\"420\" height=\"210\" src=\"https:\/\/www.camping-frechealane.com\/wp-content\/uploads\/2024\/08\/terrasse-2-210x210.webp\" alt=\"Camping Le Fr\u00eache \u00e0 l&#039;\u00c2ne \" loading=\"lazy\" title=\"\"><\/picture><\/figure><figure class=\"fc-galerie__item\" ><picture><source srcset=\"https:\/\/www.camping-frechealane.com\/wp-content\/uploads\/2024\/08\/mobile-home-bikini-01-420x280.webp\" media=\"(max-width: 210px)\"><source srcset=\"https:\/\/www.camping-frechealane.com\/wp-content\/uploads\/2024\/08\/mobile-home-bikini-01-768x512.webp\" media=\"(max-width: 421px)\"><source srcset=\"https:\/\/www.camping-frechealane.com\/wp-content\/uploads\/2024\/08\/mobile-home-bikini-01.webp\" media=\"(max-width: 1024px)\"><source srcset=\"https:\/\/www.camping-frechealane.com\/wp-content\/uploads\/2024\/08\/mobile-home-bikini-01.webp\" media=\"(min-width: 1025px)\"><img decoding=\"async\" width=\"420\" height=\"210\" src=\"https:\/\/www.camping-frechealane.com\/wp-content\/uploads\/2024\/08\/mobile-home-bikini-01-210x210.webp\" alt=\"Camping Le Fr\u00eache \u00e0 l&#039;\u00c2ne \" loading=\"lazy\" title=\"\"><\/picture><\/figure><\/div><\/div><div class=\"columns__item texte\" style=\"align-self:center;flex-basis:36%;\"><h2>Onze <span class=\"fc-span\">stacaravan<\/span> modellen<\/h2><p  style=\"\"  >Je kunt kiezen uit <strong>10 modellen stacaravans <\/strong>: Gom\u00e9ra, Ibiza, Elegance, Santa F\u00e9, O&#8217;ph\u00e9a, O&#8217;tiny, Aliz\u00e9, Bikini met huisdieren, Bikini zonder huisdieren en Palma.\nOnze stacaravans te huur zijn er met of zonder overdekt terras, zijn geschikt voor huisdieren of niet, zijn uitgerust met een televisie, enz&#8230; <\/p><div class=\"fc-lireplus fc-desk\"style=\"\"><p  style=\"\"  >Meer lezen  <span class=\"fc-icon\"><svg xmlns=\"http:\/\/www.w3.org\/2000\/svg\"  viewBox=\"0 0 320 512\" width=\"16px\" height=\"16px\"><!--! Font Awesome Pro 6.4.2 by @fontawesome - https:\/\/fontawesome.com License - https:\/\/fontawesome.com\/license (Commercial License) Copyright 2023 Fonticons, Inc.--><path d=\"M301.7 250.3c3.1 3.1 3.1 8.2 0 11.3l-216 216c-3.1 3.1-8.2 3.1-11.3 0s-3.1-8.2 0-11.3L284.7 256 74.3 45.7c-3.1-3.1-3.1-8.2 0-11.3s8.2-3.1 11.3 0l216 216z\"\/><\/svg><\/span><\/p><div class=\"group\"><p  style=\"\"  >Een van onze modellen is ontworpen voor mensen met beperkte mobiliteit (de PALMA stacaravan), zodat je kunt genieten van een <strong>comfortabel verblijf op onze familiecamping<\/strong> in het hart van onze mooie regio.<\/p><\/div><\/div><h2 class=\"h3\">Huisdiervriendelijk huren in de buurt van Cap Fr\u00e9hel<\/h2><p  style=\"\"  >Voor huisdierenliefhebbers hebben we aan alles gedacht!\nIn onze stacaravans op de <a href=\"https:\/\/www.camping-frechealane.com\/camping-au-cap-frehel\/\">camping bij Fr\u00e9hel<\/a> zijn huisdieren welkom is ideaal <strong>gelegen in de buurt van Cap Fr\u00e9hel<\/strong>, en biedt de perfecte omgeving voor uw vakantie in het gezelschap van uw viervoetige vrienden. <\/p><div class=\"fc-lireplus fc-desk\"style=\"\"><p  style=\"\"  >Meer lezen  <span class=\"fc-icon\"><svg xmlns=\"http:\/\/www.w3.org\/2000\/svg\"  viewBox=\"0 0 320 512\" width=\"16px\" height=\"16px\"><!--! Font Awesome Pro 6.4.2 by @fontawesome - https:\/\/fontawesome.com License - https:\/\/fontawesome.com\/license (Commercial License) Copyright 2023 Fonticons, Inc.--><path d=\"M301.7 250.3c3.1 3.1 3.1 8.2 0 11.3l-216 216c-3.1 3.1-8.2 3.1-11.3 0s-3.1-8.2 0-11.3L284.7 256 74.3 45.7c-3.1-3.1-3.1-8.2 0-11.3s8.2-3.1 11.3 0l216 216z\"\/><\/svg><\/span><\/p><div class=\"group\"><p  style=\"\"  >We nemen huisdieren heel serieus, met een warm welkom en tal van mogelijkheden voor mooie wandelingen in de omgeving.\nVan wandelingen <strong>langs de kliffen bij Cap Fr\u00e9hel<\/strong> tot rustige wandelingen langs de omliggende paden, je huisdieren zullen net zo genieten van de schoonheid van de omgeving als jij. <\/p><\/div><\/div><\/div><\/div><div class=\"columns sec-10 sec-10-c fade-up\" style=\"align-items:center;\"><div class=\"columns__item texte\" style=\"align-self:center;flex-basis:40.5%;\"><h2 class=\"h2\">Verblijf in een stacaravan <span class=\"fc-span\">aan zee in C\u00f4tes-d&#8217;Armor<\/span><\/h2><p  style=\"\" id=\"135\" >Camping Le Fr\u00eache \u00e0 l&#8217;\u00c2ne biedt je een uitzonderlijke ervaring met zijn moderne faciliteiten, <a href=\"https:\/\/www.camping-frechealane.com\/nl\/locaties\/\" data-type=\"page\" data-id=\"135\">ruime kampeerplaatsen in C\u00f4tes d&#8217;Armor<\/a> en tal van activiteiten voor het hele gezin.\nOnze camping ligt op 1 km van de zee en is de ideale plek <strong>voor een geslaagde vakantie aan zee<\/strong>. <\/p><p  style=\"\"  >Onze bevoorrechte locatie vlakbij <strong>Fort La Latte<\/strong> en andere lokale attracties zoals <strong>Saint-Malo<\/strong> of de <strong>middeleeuwse stad Dinan<\/strong>, maakt onze camping een perfecte uitvalsbasis om de regio te verkennen.\nIets verder weg vind je ook het Chateau de Foug\u00e8res.\nOf je nu van geschiedenis houdt, van de natuur houdt of gewoon wilt ontspannen, in C\u00f4tes-d&#8217;Armor vind je wat je zoekt.  <\/p><div class=\"fc-lireplus fc-desk\"style=\"\"><p  style=\"\"  >Meer lezen  <span class=\"fc-icon\"><svg xmlns=\"http:\/\/www.w3.org\/2000\/svg\"  viewBox=\"0 0 320 512\" width=\"16px\" height=\"16px\"><!--! Font Awesome Pro 6.4.2 by @fontawesome - https:\/\/fontawesome.com License - https:\/\/fontawesome.com\/license (Commercial License) Copyright 2023 Fonticons, Inc.--><path d=\"M301.7 250.3c3.1 3.1 3.1 8.2 0 11.3l-216 216c-3.1 3.1-8.2 3.1-11.3 0s-3.1-8.2 0-11.3L284.7 256 74.3 45.7c-3.1-3.1-3.1-8.2 0-11.3s8.2-3.1 11.3 0l216 216z\"\/><\/svg><\/span><\/p><div class=\"group\"><p  style=\"\"  >Geniet van een <strong>onvergetelijke vakantie in de C\u00f4tes-d&#8217;Armor<\/strong>.\nCamping Le Fr\u00eache \u00e0 l&#8217;\u00c2ne nodigt u uit om de schoonheid en <strong>charme van Bretagne<\/strong> te ontdekken tijdens een verblijf in een van onze comfortabele stacaravans.\nGeniet van de <strong>nabijheid van de zee<\/strong>, het adembenemende landschap en de vele activiteiten die onze camping en de omgeving te bieden hebben.\nReserveer nu uw verblijf en maak u klaar voor uw vakantie in Pl\u00e9boulle.   <\/p><\/div><\/div><div class=\"fc-boutons\"><a href=\"https:\/\/www.camping-frechealane.com\/nl\/toerisme-cotes-darmor\/\" rel=\"noreferrer noopener\" rel=\"noreferrer noopener\" rel=\"noreferrer noopener\" rel=\"noreferrer noopener\" class=\"boutons__btn\">Ontdek de omgeving  <span class=\"fc-icon\"><svg xmlns=\"http:\/\/www.w3.org\/2000\/svg\"  viewBox=\"0 0 448 512\" width=\"16px\" height=\"16px\"><!--! Font Awesome Pro 6.4.2 by @fontawesome - https:\/\/fontawesome.com License - https:\/\/fontawesome.com\/license (Commercial License) Copyright 2023 Fonticons, Inc.--><path d=\"M438.6 278.6c12.5-12.5 12.5-32.8 0-45.3l-160-160c-12.5-12.5-32.8-12.5-45.3 0s-12.5 32.8 0 45.3L338.8 224 32 224c-17.7 0-32 14.3-32 32s14.3 32 32 32l306.7 0L233.4 393.4c-12.5 12.5-12.5 32.8 0 45.3s32.8 12.5 45.3 0l160-160z\"\/><\/svg><\/span><\/a><\/div><\/div><div class=\"columns__item galerie  fade-right\" style=\"align-self:center;\"><div class=\"fc-galerie fc-auto col-2 f-carousel fc-diapo-mob\" data-fancybox=\"gallery-mob\"><figure class=\"fc-galerie__item\" ><picture><source srcset=\"https:\/\/www.camping-frechealane.com\/wp-content\/uploads\/2024\/08\/AdobeStock_190928300-420x182.webp\" media=\"(max-width: 210px)\"><source srcset=\"https:\/\/www.camping-frechealane.com\/wp-content\/uploads\/2024\/08\/AdobeStock_190928300-768x334.webp\" media=\"(max-width: 421px)\"><source srcset=\"https:\/\/www.camping-frechealane.com\/wp-content\/uploads\/2024\/08\/AdobeStock_190928300-1024x445.webp\" media=\"(max-width: 1024px)\"><source srcset=\"https:\/\/www.camping-frechealane.com\/wp-content\/uploads\/2024\/08\/AdobeStock_190928300.webp\" media=\"(min-width: 1025px)\"><img decoding=\"async\" width=\"420\" height=\"210\" src=\"https:\/\/www.camping-frechealane.com\/wp-content\/uploads\/2024\/08\/AdobeStock_190928300-210x210.webp\" alt=\"Camping Le Fr\u00eache \u00e0 l&#039;\u00c2ne \" loading=\"lazy\" title=\"\"><\/picture><\/figure><figure class=\"fc-galerie__item\" ><picture><source srcset=\"https:\/\/www.camping-frechealane.com\/wp-content\/uploads\/2024\/08\/AdobeStock_622306783-420x280.webp\" media=\"(max-width: 210px)\"><source srcset=\"https:\/\/www.camping-frechealane.com\/wp-content\/uploads\/2024\/08\/AdobeStock_622306783-768x512.webp\" media=\"(max-width: 421px)\"><source srcset=\"https:\/\/www.camping-frechealane.com\/wp-content\/uploads\/2024\/08\/AdobeStock_622306783-1024x682.webp\" media=\"(max-width: 1024px)\"><source srcset=\"https:\/\/www.camping-frechealane.com\/wp-content\/uploads\/2024\/08\/AdobeStock_622306783.webp\" media=\"(min-width: 1025px)\"><img decoding=\"async\" width=\"420\" height=\"210\" src=\"https:\/\/www.camping-frechealane.com\/wp-content\/uploads\/2024\/08\/AdobeStock_622306783-210x210.webp\" alt=\"Camping Le Fr\u00eache \u00e0 l&#039;\u00c2ne \" loading=\"lazy\" title=\"\"><\/picture><\/figure><figure class=\"fc-galerie__item\" ><picture><source srcset=\"https:\/\/www.camping-frechealane.com\/wp-content\/uploads\/2024\/08\/AdobeStock_484959826-420x280.webp\" media=\"(max-width: 210px)\"><source srcset=\"https:\/\/www.camping-frechealane.com\/wp-content\/uploads\/2024\/08\/AdobeStock_484959826-768x512.webp\" media=\"(max-width: 421px)\"><source srcset=\"https:\/\/www.camping-frechealane.com\/wp-content\/uploads\/2024\/08\/AdobeStock_484959826-1024x683.webp\" media=\"(max-width: 1024px)\"><source srcset=\"https:\/\/www.camping-frechealane.com\/wp-content\/uploads\/2024\/08\/AdobeStock_484959826.webp\" media=\"(min-width: 1025px)\"><img decoding=\"async\" width=\"420\" height=\"210\" src=\"https:\/\/www.camping-frechealane.com\/wp-content\/uploads\/2024\/08\/AdobeStock_484959826-210x210.webp\" alt=\"Camping Le Fr\u00eache \u00e0 l&#039;\u00c2ne \" loading=\"lazy\" title=\"\"><\/picture><\/figure><\/div><\/div><\/div>","protected":false},"excerpt":{"rendered":"<p>De camping is geopend van 1 april tot 31 oktober 2024 Onze stacaravans te huur in C\u00f4tes-d&#8217;Armor Welkom op Camping Le Fr\u00eache \u00e0 l&#8217;\u00c2ne, uw ideale bestemming voor het huren van een comfortabele stacaravan in C\u00f4tes d&#8217;Armor. Wilt u een stacaravan huren voor een vakantie met z&#8217;n twee\u00ebn, een gezinsvakantie of een vakantie met vrienden? [&hellip;]<\/p>\n","protected":false},"author":1,"featured_media":0,"parent":0,"menu_order":0,"comment_status":"open","ping_status":"open","template":"","meta":{"_acf_changed":false,"footnotes":""},"acf":[],"_links":{"self":[{"href":"https:\/\/www.camping-frechealane.com\/nl\/wp-json\/wp\/v2\/pages\/1464"}],"collection":[{"href":"https:\/\/www.camping-frechealane.com\/nl\/wp-json\/wp\/v2\/pages"}],"about":[{"href":"https:\/\/www.camping-frechealane.com\/nl\/wp-json\/wp\/v2\/types\/page"}],"author":[{"embeddable":true,"href":"https:\/\/www.camping-frechealane.com\/nl\/wp-json\/wp\/v2\/users\/1"}],"replies":[{"embeddable":true,"href":"https:\/\/www.camping-frechealane.com\/nl\/wp-json\/wp\/v2\/comments?post=1464"}],"version-history":[{"count":5,"href":"https:\/\/www.camping-frechealane.com\/nl\/wp-json\/wp\/v2\/pages\/1464\/revisions"}],"predecessor-version":[{"id":1855,"href":"https:\/\/www.camping-frechealane.com\/nl\/wp-json\/wp\/v2\/pages\/1464\/revisions\/1855"}],"wp:attachment":[{"href":"https:\/\/www.camping-frechealane.com\/nl\/wp-json\/wp\/v2\/media?parent=1464"}],"curies":[{"name":"wp","href":"https:\/\/api.w.org\/{rel}","templated":true}]}}